{"id":387,"date":"2019-02-03T13:51:53","date_gmt":"2019-02-03T13:51:53","guid":{"rendered":"https:\/\/quality-roids.com\/?post_type=product&#038;p=387"},"modified":"2019-02-03T13:51:53","modified_gmt":"2019-02-03T13:51:53","slug":"spedra-100-mg-4-tabletten","status":"publish","type":"product","link":"https:\/\/quality-roids.net\/index.php\/produkt\/spedra-100-mg-4-tabletten\/","title":{"rendered":"Spedra 100 mg  ( 4 Tabletten )"},"content":{"rendered":"","protected":false},"excerpt":{"rendered":"<p>Das Medikament Spedra dient der Bek\u00e4mpfung von erektiler Dysfunktion.<br \/>\nAnders als Viagra, Cialis oder Levitra entfaltet sich sein Wirkstoff bereits nach 30 Minuten.<br \/>\nDie Wirkungsdauer betr\u00e4gt bei Spedra ebenfalls maximal vier Stunden.<br \/>\nDas Medikament funktioniert mithilfe des Wirkstoffs Avanafil, der ein PDE-5-Hemmer (Phosphodiesterase-5-Inhibitor) ist.<br \/>\nAvanafil steigert die Blutzufuhr in den Penis und erm\u00f6glicht den Patienten so ein ann\u00e4hernd normales Sexualleben. Wichtig ist,<br \/>\ndass das Medikament nur dann wirken kann, wenn Sie sexuell erregt sind.<\/p>\n<p>Verwendungsbereiche von Spedra<\/p>\n<p>Bei Impotenz bzw. erektiler Dysfunktion, also jeglichen Erektionsproblemen, kann Spedra verschrieben werden.<br \/>\nLeidet ein Patient an Symptomen der erektilen Dysfunktion, wird sein Penis auch bei sexuellen Aktivit\u00e4ten nicht steif,<br \/>\nauch wenn eine Erregung vorliegt. Die Ursachen f\u00fcr dieses Problem sind vielf\u00e4ltig. Liegt eine Durchblutungsst\u00f6rung vor,<br \/>\ngelangt zu wenig Blut in den Penis. Spedra bewirkt eine Erweiterung der Blutgef\u00e4\u00dfe, sodass mehr Blut in den Penis gelangen kann.<br \/>\nAuf diese Weise wird der Schwellk\u00f6rper steif und es wird ein zufriedenstellender Erektionszustand im Penis hergestellt.<\/p>\n","protected":false},"featured_media":388,"comment_status":"closed","ping_status":"closed","template":"","meta":[],"product_brand":[],"product_cat":[18,20],"product_tag":[75,65,70,74,66],"class_list":{"0":"post-387","1":"product","2":"type-product","3":"status-publish","4":"has-post-thumbnail","6":"product_cat-orals","7":"product_cat-sex","8":"product_tag-avanifil","9":"product_tag-potenzmittel","10":"product_tag-sex","11":"product_tag-spedra","12":"product_tag-viagra","14":"first","15":"instock","16":"shipping-taxable","17":"purchasable","18":"product-type-simple"},"yoast_head":"<!-- This site is optimized with the Yoast SEO plugin v25.0 - https:\/\/yoast.com\/wordpress\/plugins\/seo\/ -->\n<title>Spedra 100 mg ( 4 Tabletten ) &#8211; Qualitative Steroide online kaufen<\/title>\n<meta name=\"robots\" content=\"index, follow, max-snippet:-1, max-image-preview:large, max-video-preview:-1\" \/>\n<link rel=\"canonical\" href=\"https:\/\/quality-roids.net\/index.php\/produkt\/spedra-100-mg-4-tabletten\/\" \/>\n<meta property=\"og:locale\" content=\"de_DE\" \/>\n<meta property=\"og:type\" content=\"article\" \/>\n<meta property=\"og:title\" content=\"Spedra 100 mg ( 4 Tabletten ) &#8211; Qualitative Steroide online kaufen\" \/>\n<meta property=\"og:description\" content=\"Das Medikament Spedra dient der Bek\u00e4mpfung von erektiler Dysfunktion. Anders als Viagra, Cialis oder Levitra entfaltet sich sein Wirkstoff bereits nach 30 Minuten. Die Wirkungsdauer betr\u00e4gt bei Spedra ebenfalls maximal vier Stunden. Das Medikament funktioniert mithilfe des Wirkstoffs Avanafil, der ein PDE-5-Hemmer (Phosphodiesterase-5-Inhibitor) ist. Avanafil steigert die Blutzufuhr in den Penis und erm\u00f6glicht den Patienten so ein ann\u00e4hernd normales Sexualleben. Wichtig ist, dass das Medikament nur dann wirken kann, wenn Sie sexuell erregt sind.  Verwendungsbereiche von Spedra  Bei Impotenz bzw. erektiler Dysfunktion, also jeglichen Erektionsproblemen, kann Spedra verschrieben werden. Leidet ein Patient an Symptomen der erektilen Dysfunktion, wird sein Penis auch bei sexuellen Aktivit\u00e4ten nicht steif, auch wenn eine Erregung vorliegt. Die Ursachen f\u00fcr dieses Problem sind vielf\u00e4ltig. Liegt eine Durchblutungsst\u00f6rung vor, gelangt zu wenig Blut in den Penis. Spedra bewirkt eine Erweiterung der Blutgef\u00e4\u00dfe, sodass mehr Blut in den Penis gelangen kann. Auf diese Weise wird der Schwellk\u00f6rper steif und es wird ein zufriedenstellender Erektionszustand im Penis hergestellt.\" \/>\n<meta property=\"og:url\" content=\"https:\/\/quality-roids.net\/index.php\/produkt\/spedra-100-mg-4-tabletten\/\" \/>\n<meta property=\"og:site_name\" content=\"Qualitative Steroide online kaufen\" \/>\n<meta property=\"og:image\" content=\"https:\/\/quality-roids.net\/wp-content\/uploads\/2019\/02\/product.jpg\" \/>\n\t<meta property=\"og:image:width\" content=\"300\" \/>\n\t<meta property=\"og:image:height\" content=\"300\" \/>\n\t<meta property=\"og:image:type\" content=\"image\/jpeg\" \/>\n<meta name=\"twitter:card\" content=\"summary_large_image\" \/>\n<script type=\"application\/ld+json\" class=\"yoast-schema-graph\">{\"@context\":\"https:\/\/schema.org\",\"@graph\":[{\"@type\":\"WebPage\",\"@id\":\"https:\/\/quality-roids.net\/index.php\/produkt\/spedra-100-mg-4-tabletten\/\",\"url\":\"https:\/\/quality-roids.net\/index.php\/produkt\/spedra-100-mg-4-tabletten\/\",\"name\":\"Spedra 100 mg ( 4 Tabletten ) &#8211; Qualitative Steroide online kaufen\",\"isPartOf\":{\"@id\":\"https:\/\/quality-roids.net\/#website\"},\"primaryImageOfPage\":{\"@id\":\"https:\/\/quality-roids.net\/index.php\/produkt\/spedra-100-mg-4-tabletten\/#primaryimage\"},\"image\":{\"@id\":\"https:\/\/quality-roids.net\/index.php\/produkt\/spedra-100-mg-4-tabletten\/#primaryimage\"},\"thumbnailUrl\":\"https:\/\/quality-roids.net\/wp-content\/uploads\/2019\/02\/product.jpg\",\"datePublished\":\"2019-02-03T13:51:53+00:00\",\"breadcrumb\":{\"@id\":\"https:\/\/quality-roids.net\/index.php\/produkt\/spedra-100-mg-4-tabletten\/#breadcrumb\"},\"inLanguage\":\"de\",\"potentialAction\":[{\"@type\":\"ReadAction\",\"target\":[\"https:\/\/quality-roids.net\/index.php\/produkt\/spedra-100-mg-4-tabletten\/\"]}]},{\"@type\":\"ImageObject\",\"inLanguage\":\"de\",\"@id\":\"https:\/\/quality-roids.net\/index.php\/produkt\/spedra-100-mg-4-tabletten\/#primaryimage\",\"url\":\"https:\/\/quality-roids.net\/wp-content\/uploads\/2019\/02\/product.jpg\",\"contentUrl\":\"https:\/\/quality-roids.net\/wp-content\/uploads\/2019\/02\/product.jpg\",\"width\":300,\"height\":300},{\"@type\":\"BreadcrumbList\",\"@id\":\"https:\/\/quality-roids.net\/index.php\/produkt\/spedra-100-mg-4-tabletten\/#breadcrumb\",\"itemListElement\":[{\"@type\":\"ListItem\",\"position\":1,\"name\":\"Startseite\",\"item\":\"https:\/\/quality-roids.net\/\"},{\"@type\":\"ListItem\",\"position\":2,\"name\":\"Shop\",\"item\":\"https:\/\/quality-roids.net\/index.php\/shop\/\"},{\"@type\":\"ListItem\",\"position\":3,\"name\":\"Spedra 100 mg ( 4 Tabletten )\"}]},{\"@type\":\"WebSite\",\"@id\":\"https:\/\/quality-roids.net\/#website\",\"url\":\"https:\/\/quality-roids.net\/\",\"name\":\"Qualitative Steroide online kaufen\",\"description\":\"Pharmacom- und Genshi Produkte, Testosteron, Tren, Drosta und mehr\",\"publisher\":{\"@id\":\"https:\/\/quality-roids.net\/#organization\"},\"potentialAction\":[{\"@type\":\"SearchAction\",\"target\":{\"@type\":\"EntryPoint\",\"urlTemplate\":\"https:\/\/quality-roids.net\/?s={search_term_string}\"},\"query-input\":{\"@type\":\"PropertyValueSpecification\",\"valueRequired\":true,\"valueName\":\"search_term_string\"}}],\"inLanguage\":\"de\"},{\"@type\":\"Organization\",\"@id\":\"https:\/\/quality-roids.net\/#organization\",\"name\":\"quality-roids.com\",\"url\":\"https:\/\/quality-roids.net\/\",\"logo\":{\"@type\":\"ImageObject\",\"inLanguage\":\"de\",\"@id\":\"https:\/\/quality-roids.net\/#\/schema\/logo\/image\/\",\"url\":\"https:\/\/quality-roids.net\/wp-content\/uploads\/2019\/10\/quality-roids-net-pharmacom.png\",\"contentUrl\":\"https:\/\/quality-roids.net\/wp-content\/uploads\/2019\/10\/quality-roids-net-pharmacom.png\",\"width\":1100,\"height\":230,\"caption\":\"quality-roids.com\"},\"image\":{\"@id\":\"https:\/\/quality-roids.net\/#\/schema\/logo\/image\/\"},\"sameAs\":[\"https:\/\/pin.it\/ddci6thl3ka5es\"]}]}<\/script>\n<!-- \/ Yoast SEO plugin. -->","yoast_head_json":{"title":"Spedra 100 mg ( 4 Tabletten ) &#8211; Qualitative Steroide online kaufen","robots":{"index":"index","follow":"follow","max-snippet":"max-snippet:-1","max-image-preview":"max-image-preview:large","max-video-preview":"max-video-preview:-1"},"canonical":"https:\/\/quality-roids.net\/index.php\/produkt\/spedra-100-mg-4-tabletten\/","og_locale":"de_DE","og_type":"article","og_title":"Spedra 100 mg ( 4 Tabletten ) &#8211; Qualitative Steroide online kaufen","og_description":"Das Medikament Spedra dient der Bek\u00e4mpfung von erektiler Dysfunktion. Anders als Viagra, Cialis oder Levitra entfaltet sich sein Wirkstoff bereits nach 30 Minuten. Die Wirkungsdauer betr\u00e4gt bei Spedra ebenfalls maximal vier Stunden. Das Medikament funktioniert mithilfe des Wirkstoffs Avanafil, der ein PDE-5-Hemmer (Phosphodiesterase-5-Inhibitor) ist. Avanafil steigert die Blutzufuhr in den Penis und erm\u00f6glicht den Patienten so ein ann\u00e4hernd normales Sexualleben. Wichtig ist, dass das Medikament nur dann wirken kann, wenn Sie sexuell erregt sind.  Verwendungsbereiche von Spedra  Bei Impotenz bzw. erektiler Dysfunktion, also jeglichen Erektionsproblemen, kann Spedra verschrieben werden. Leidet ein Patient an Symptomen der erektilen Dysfunktion, wird sein Penis auch bei sexuellen Aktivit\u00e4ten nicht steif, auch wenn eine Erregung vorliegt. Die Ursachen f\u00fcr dieses Problem sind vielf\u00e4ltig. Liegt eine Durchblutungsst\u00f6rung vor, gelangt zu wenig Blut in den Penis. Spedra bewirkt eine Erweiterung der Blutgef\u00e4\u00dfe, sodass mehr Blut in den Penis gelangen kann. Auf diese Weise wird der Schwellk\u00f6rper steif und es wird ein zufriedenstellender Erektionszustand im Penis hergestellt.","og_url":"https:\/\/quality-roids.net\/index.php\/produkt\/spedra-100-mg-4-tabletten\/","og_site_name":"Qualitative Steroide online kaufen","og_image":[{"width":300,"height":300,"url":"https:\/\/quality-roids.net\/wp-content\/uploads\/2019\/02\/product.jpg","type":"image\/jpeg"}],"twitter_card":"summary_large_image","schema":{"@context":"https:\/\/schema.org","@graph":[{"@type":"WebPage","@id":"https:\/\/quality-roids.net\/index.php\/produkt\/spedra-100-mg-4-tabletten\/","url":"https:\/\/quality-roids.net\/index.php\/produkt\/spedra-100-mg-4-tabletten\/","name":"Spedra 100 mg ( 4 Tabletten ) &#8211; Qualitative Steroide online kaufen","isPartOf":{"@id":"https:\/\/quality-roids.net\/#website"},"primaryImageOfPage":{"@id":"https:\/\/quality-roids.net\/index.php\/produkt\/spedra-100-mg-4-tabletten\/#primaryimage"},"image":{"@id":"https:\/\/quality-roids.net\/index.php\/produkt\/spedra-100-mg-4-tabletten\/#primaryimage"},"thumbnailUrl":"https:\/\/quality-roids.net\/wp-content\/uploads\/2019\/02\/product.jpg","datePublished":"2019-02-03T13:51:53+00:00","breadcrumb":{"@id":"https:\/\/quality-roids.net\/index.php\/produkt\/spedra-100-mg-4-tabletten\/#breadcrumb"},"inLanguage":"de","potentialAction":[{"@type":"ReadAction","target":["https:\/\/quality-roids.net\/index.php\/produkt\/spedra-100-mg-4-tabletten\/"]}]},{"@type":"ImageObject","inLanguage":"de","@id":"https:\/\/quality-roids.net\/index.php\/produkt\/spedra-100-mg-4-tabletten\/#primaryimage","url":"https:\/\/quality-roids.net\/wp-content\/uploads\/2019\/02\/product.jpg","contentUrl":"https:\/\/quality-roids.net\/wp-content\/uploads\/2019\/02\/product.jpg","width":300,"height":300},{"@type":"BreadcrumbList","@id":"https:\/\/quality-roids.net\/index.php\/produkt\/spedra-100-mg-4-tabletten\/#breadcrumb","itemListElement":[{"@type":"ListItem","position":1,"name":"Startseite","item":"https:\/\/quality-roids.net\/"},{"@type":"ListItem","position":2,"name":"Shop","item":"https:\/\/quality-roids.net\/index.php\/shop\/"},{"@type":"ListItem","position":3,"name":"Spedra 100 mg ( 4 Tabletten )"}]},{"@type":"WebSite","@id":"https:\/\/quality-roids.net\/#website","url":"https:\/\/quality-roids.net\/","name":"Qualitative Steroide online kaufen","description":"Pharmacom- und Genshi Produkte, Testosteron, Tren, Drosta und mehr","publisher":{"@id":"https:\/\/quality-roids.net\/#organization"},"potentialAction":[{"@type":"SearchAction","target":{"@type":"EntryPoint","urlTemplate":"https:\/\/quality-roids.net\/?s={search_term_string}"},"query-input":{"@type":"PropertyValueSpecification","valueRequired":true,"valueName":"search_term_string"}}],"inLanguage":"de"},{"@type":"Organization","@id":"https:\/\/quality-roids.net\/#organization","name":"quality-roids.com","url":"https:\/\/quality-roids.net\/","logo":{"@type":"ImageObject","inLanguage":"de","@id":"https:\/\/quality-roids.net\/#\/schema\/logo\/image\/","url":"https:\/\/quality-roids.net\/wp-content\/uploads\/2019\/10\/quality-roids-net-pharmacom.png","contentUrl":"https:\/\/quality-roids.net\/wp-content\/uploads\/2019\/10\/quality-roids-net-pharmacom.png","width":1100,"height":230,"caption":"quality-roids.com"},"image":{"@id":"https:\/\/quality-roids.net\/#\/schema\/logo\/image\/"},"sameAs":["https:\/\/pin.it\/ddci6thl3ka5es"]}]}},"_links":{"self":[{"href":"https:\/\/quality-roids.net\/index.php\/wp-json\/wp\/v2\/product\/387","targetHints":{"allow":["GET"]}}],"collection":[{"href":"https:\/\/quality-roids.net\/index.php\/wp-json\/wp\/v2\/product"}],"about":[{"href":"https:\/\/quality-roids.net\/index.php\/wp-json\/wp\/v2\/types\/product"}],"replies":[{"embeddable":true,"href":"https:\/\/quality-roids.net\/index.php\/wp-json\/wp\/v2\/comments?post=387"}],"wp:featuredmedia":[{"embeddable":true,"href":"https:\/\/quality-roids.net\/index.php\/wp-json\/wp\/v2\/media\/388"}],"wp:attachment":[{"href":"https:\/\/quality-roids.net\/index.php\/wp-json\/wp\/v2\/media?parent=387"}],"wp:term":[{"taxonomy":"product_brand","embeddable":true,"href":"https:\/\/quality-roids.net\/index.php\/wp-json\/wp\/v2\/product_brand?post=387"},{"taxonomy":"product_cat","embeddable":true,"href":"https:\/\/quality-roids.net\/index.php\/wp-json\/wp\/v2\/product_cat?post=387"},{"taxonomy":"product_tag","embeddable":true,"href":"https:\/\/quality-roids.net\/index.php\/wp-json\/wp\/v2\/product_tag?post=387"}],"curies":[{"name":"wp","href":"https:\/\/api.w.org\/{rel}","templated":true}]}}