{"id":381,"date":"2019-02-03T11:49:01","date_gmt":"2019-02-03T11:49:01","guid":{"rendered":"https:\/\/quality-roids.com\/?post_type=product&#038;p=381"},"modified":"2019-02-03T11:49:02","modified_gmt":"2019-02-03T11:49:02","slug":"cialis-20-mg-100-tabletten","status":"publish","type":"product","link":"https:\/\/quality-roids.net\/index.php\/produkt\/cialis-20-mg-100-tabletten\/","title":{"rendered":"Cialis 20 mg ( 100 Tabletten )"},"content":{"rendered":"","protected":false},"excerpt":{"rendered":"<p>Wie wirkt Cialis<\/p>\n<p>\u00dcberwiegend ist die Erkrankung &#8220;erektile Dysfunktion&#8221; auf eine mangelnde Durchblutung des Penis zur\u00fcckzuf\u00fchren.<br \/>\nAls eine der Ursachen tritt die \u00dcberproduktion im m\u00e4nnlichen K\u00f6rper des Enzyms PDE-5 auf.<br \/>\nDie Blutgef\u00e4\u00dfe der Penisregion weiten sich unzureichend aus und lassen wenig Blut ins Glied einstr\u00f6men.<br \/>\nFalls eine Erektion doch hervorgerufen wird, ist sie schwach und ungen\u00fcgend.<\/p>\n<p>Die effektive Hauptkomponente in Cialis ist der Arzneistoff Tadalafil.<br \/>\nSeine Wirkung besteht in der Einschr\u00e4nkung der Produktion des genannten Enzyms PDE-5.<br \/>\nUnter dieser Bedingung k\u00f6nnen sexuell stimulierte Herren problemlos eine ganz nat\u00fcrliche Penisaufrichtung erlangen.<br \/>\nTadalafil hat allerdings einige Nebenwirkungen. Die Anwender berichten von tempor\u00e4ren Kopf- und Muskelschmerzen,<br \/>\nsowie einer verstopften Nase und Gesichtsschwei\u00df. Dabei f\u00fcgen die Patienten hinzu,<br \/>\ndass eventuelle Nebenwirkungen als nebens\u00e4chlich wahrgenommen werden, denn der potenzsteigernde Effekt spricht f\u00fcr sich selbst.<br \/>\nNicht zu vergessen ist auch das sensationelle Wirkungsfenster von Cialis Professional, welches bis 36 Stunden betr\u00e4gt.<br \/>\nMan kann eine garantiert kr\u00e4ftige Erektion erwarten, falls man innerhalb dieses Intervalls sexuell stimuliert wird.<br \/>\nManchmal nennt man tadalafilhaltige Potenzmittel \u2013 Wochenendpille.<\/p>\n","protected":false},"featured_media":380,"comment_status":"closed","ping_status":"closed","template":"","meta":[],"product_brand":[],"product_cat":[18,20],"product_tag":[68,65,70,73,66],"class_list":{"0":"post-381","1":"product","2":"type-product","3":"status-publish","4":"has-post-thumbnail","6":"product_cat-orals","7":"product_cat-sex","8":"product_tag-cialis","9":"product_tag-potenzmittel","10":"product_tag-sex","11":"product_tag-tadalafinil","12":"product_tag-viagra","14":"first","15":"instock","16":"shipping-taxable","17":"purchasable","18":"product-type-simple"},"yoast_head":"<!-- This site is optimized with the Yoast SEO plugin v25.0 - https:\/\/yoast.com\/wordpress\/plugins\/seo\/ -->\n<title>Cialis 20 mg ( 100 Tabletten ) &#8211; Qualitative Steroide online kaufen<\/title>\n<meta name=\"robots\" content=\"index, follow, max-snippet:-1, max-image-preview:large, max-video-preview:-1\" \/>\n<link rel=\"canonical\" href=\"https:\/\/quality-roids.net\/index.php\/produkt\/cialis-20-mg-100-tabletten\/\" \/>\n<meta property=\"og:locale\" content=\"de_DE\" \/>\n<meta property=\"og:type\" content=\"article\" \/>\n<meta property=\"og:title\" content=\"Cialis 20 mg ( 100 Tabletten ) &#8211; Qualitative Steroide online kaufen\" \/>\n<meta property=\"og:description\" content=\"Wie wirkt Cialis  \u00dcberwiegend ist die Erkrankung &quot;erektile Dysfunktion&quot; auf eine mangelnde Durchblutung des Penis zur\u00fcckzuf\u00fchren. Als eine der Ursachen tritt die \u00dcberproduktion im m\u00e4nnlichen K\u00f6rper des Enzyms PDE-5 auf. Die Blutgef\u00e4\u00dfe der Penisregion weiten sich unzureichend aus und lassen wenig Blut ins Glied einstr\u00f6men. Falls eine Erektion doch hervorgerufen wird, ist sie schwach und ungen\u00fcgend.  Die effektive Hauptkomponente in Cialis ist der Arzneistoff Tadalafil. Seine Wirkung besteht in der Einschr\u00e4nkung der Produktion des genannten Enzyms PDE-5. Unter dieser Bedingung k\u00f6nnen sexuell stimulierte Herren problemlos eine ganz nat\u00fcrliche Penisaufrichtung erlangen. Tadalafil hat allerdings einige Nebenwirkungen. Die Anwender berichten von tempor\u00e4ren Kopf- und Muskelschmerzen, sowie einer verstopften Nase und Gesichtsschwei\u00df. Dabei f\u00fcgen die Patienten hinzu, dass eventuelle Nebenwirkungen als nebens\u00e4chlich wahrgenommen werden, denn der potenzsteigernde Effekt spricht f\u00fcr sich selbst. Nicht zu vergessen ist auch das sensationelle Wirkungsfenster von Cialis Professional, welches bis 36 Stunden betr\u00e4gt. Man kann eine garantiert kr\u00e4ftige Erektion erwarten, falls man innerhalb dieses Intervalls sexuell stimuliert wird. Manchmal nennt man tadalafilhaltige Potenzmittel \u2013 Wochenendpille.\" \/>\n<meta property=\"og:url\" content=\"https:\/\/quality-roids.net\/index.php\/produkt\/cialis-20-mg-100-tabletten\/\" \/>\n<meta property=\"og:site_name\" content=\"Qualitative Steroide online kaufen\" \/>\n<meta property=\"article:modified_time\" content=\"2019-02-03T11:49:02+00:00\" \/>\n<meta property=\"og:image\" content=\"https:\/\/quality-roids.net\/wp-content\/uploads\/2019\/02\/cialis-generika-rezeptfrei-Kopie.jpg\" \/>\n\t<meta property=\"og:image:width\" content=\"200\" \/>\n\t<meta property=\"og:image:height\" content=\"200\" \/>\n\t<meta property=\"og:image:type\" content=\"image\/jpeg\" \/>\n<meta name=\"twitter:card\" content=\"summary_large_image\" \/>\n<script type=\"application\/ld+json\" class=\"yoast-schema-graph\">{\"@context\":\"https:\/\/schema.org\",\"@graph\":[{\"@type\":\"WebPage\",\"@id\":\"https:\/\/quality-roids.net\/index.php\/produkt\/cialis-20-mg-100-tabletten\/\",\"url\":\"https:\/\/quality-roids.net\/index.php\/produkt\/cialis-20-mg-100-tabletten\/\",\"name\":\"Cialis 20 mg ( 100 Tabletten ) &#8211; Qualitative Steroide online kaufen\",\"isPartOf\":{\"@id\":\"https:\/\/quality-roids.net\/#website\"},\"primaryImageOfPage\":{\"@id\":\"https:\/\/quality-roids.net\/index.php\/produkt\/cialis-20-mg-100-tabletten\/#primaryimage\"},\"image\":{\"@id\":\"https:\/\/quality-roids.net\/index.php\/produkt\/cialis-20-mg-100-tabletten\/#primaryimage\"},\"thumbnailUrl\":\"https:\/\/quality-roids.net\/wp-content\/uploads\/2019\/02\/cialis-generika-rezeptfrei-Kopie.jpg\",\"datePublished\":\"2019-02-03T11:49:01+00:00\",\"dateModified\":\"2019-02-03T11:49:02+00:00\",\"breadcrumb\":{\"@id\":\"https:\/\/quality-roids.net\/index.php\/produkt\/cialis-20-mg-100-tabletten\/#breadcrumb\"},\"inLanguage\":\"de\",\"potentialAction\":[{\"@type\":\"ReadAction\",\"target\":[\"https:\/\/quality-roids.net\/index.php\/produkt\/cialis-20-mg-100-tabletten\/\"]}]},{\"@type\":\"ImageObject\",\"inLanguage\":\"de\",\"@id\":\"https:\/\/quality-roids.net\/index.php\/produkt\/cialis-20-mg-100-tabletten\/#primaryimage\",\"url\":\"https:\/\/quality-roids.net\/wp-content\/uploads\/2019\/02\/cialis-generika-rezeptfrei-Kopie.jpg\",\"contentUrl\":\"https:\/\/quality-roids.net\/wp-content\/uploads\/2019\/02\/cialis-generika-rezeptfrei-Kopie.jpg\",\"width\":200,\"height\":200},{\"@type\":\"BreadcrumbList\",\"@id\":\"https:\/\/quality-roids.net\/index.php\/produkt\/cialis-20-mg-100-tabletten\/#breadcrumb\",\"itemListElement\":[{\"@type\":\"ListItem\",\"position\":1,\"name\":\"Startseite\",\"item\":\"https:\/\/quality-roids.net\/\"},{\"@type\":\"ListItem\",\"position\":2,\"name\":\"Shop\",\"item\":\"https:\/\/quality-roids.net\/index.php\/shop\/\"},{\"@type\":\"ListItem\",\"position\":3,\"name\":\"Cialis 20 mg ( 100 Tabletten )\"}]},{\"@type\":\"WebSite\",\"@id\":\"https:\/\/quality-roids.net\/#website\",\"url\":\"https:\/\/quality-roids.net\/\",\"name\":\"Qualitative Steroide online kaufen\",\"description\":\"Pharmacom- und Genshi Produkte, Testosteron, Tren, Drosta und mehr\",\"publisher\":{\"@id\":\"https:\/\/quality-roids.net\/#organization\"},\"potentialAction\":[{\"@type\":\"SearchAction\",\"target\":{\"@type\":\"EntryPoint\",\"urlTemplate\":\"https:\/\/quality-roids.net\/?s={search_term_string}\"},\"query-input\":{\"@type\":\"PropertyValueSpecification\",\"valueRequired\":true,\"valueName\":\"search_term_string\"}}],\"inLanguage\":\"de\"},{\"@type\":\"Organization\",\"@id\":\"https:\/\/quality-roids.net\/#organization\",\"name\":\"quality-roids.com\",\"url\":\"https:\/\/quality-roids.net\/\",\"logo\":{\"@type\":\"ImageObject\",\"inLanguage\":\"de\",\"@id\":\"https:\/\/quality-roids.net\/#\/schema\/logo\/image\/\",\"url\":\"https:\/\/quality-roids.net\/wp-content\/uploads\/2019\/10\/quality-roids-net-pharmacom.png\",\"contentUrl\":\"https:\/\/quality-roids.net\/wp-content\/uploads\/2019\/10\/quality-roids-net-pharmacom.png\",\"width\":1100,\"height\":230,\"caption\":\"quality-roids.com\"},\"image\":{\"@id\":\"https:\/\/quality-roids.net\/#\/schema\/logo\/image\/\"},\"sameAs\":[\"https:\/\/pin.it\/ddci6thl3ka5es\"]}]}<\/script>\n<!-- \/ Yoast SEO plugin. -->","yoast_head_json":{"title":"Cialis 20 mg ( 100 Tabletten ) &#8211; Qualitative Steroide online kaufen","robots":{"index":"index","follow":"follow","max-snippet":"max-snippet:-1","max-image-preview":"max-image-preview:large","max-video-preview":"max-video-preview:-1"},"canonical":"https:\/\/quality-roids.net\/index.php\/produkt\/cialis-20-mg-100-tabletten\/","og_locale":"de_DE","og_type":"article","og_title":"Cialis 20 mg ( 100 Tabletten ) &#8211; Qualitative Steroide online kaufen","og_description":"Wie wirkt Cialis  \u00dcberwiegend ist die Erkrankung \"erektile Dysfunktion\" auf eine mangelnde Durchblutung des Penis zur\u00fcckzuf\u00fchren. Als eine der Ursachen tritt die \u00dcberproduktion im m\u00e4nnlichen K\u00f6rper des Enzyms PDE-5 auf. Die Blutgef\u00e4\u00dfe der Penisregion weiten sich unzureichend aus und lassen wenig Blut ins Glied einstr\u00f6men. Falls eine Erektion doch hervorgerufen wird, ist sie schwach und ungen\u00fcgend.  Die effektive Hauptkomponente in Cialis ist der Arzneistoff Tadalafil. Seine Wirkung besteht in der Einschr\u00e4nkung der Produktion des genannten Enzyms PDE-5. Unter dieser Bedingung k\u00f6nnen sexuell stimulierte Herren problemlos eine ganz nat\u00fcrliche Penisaufrichtung erlangen. Tadalafil hat allerdings einige Nebenwirkungen. Die Anwender berichten von tempor\u00e4ren Kopf- und Muskelschmerzen, sowie einer verstopften Nase und Gesichtsschwei\u00df. Dabei f\u00fcgen die Patienten hinzu, dass eventuelle Nebenwirkungen als nebens\u00e4chlich wahrgenommen werden, denn der potenzsteigernde Effekt spricht f\u00fcr sich selbst. Nicht zu vergessen ist auch das sensationelle Wirkungsfenster von Cialis Professional, welches bis 36 Stunden betr\u00e4gt. Man kann eine garantiert kr\u00e4ftige Erektion erwarten, falls man innerhalb dieses Intervalls sexuell stimuliert wird. Manchmal nennt man tadalafilhaltige Potenzmittel \u2013 Wochenendpille.","og_url":"https:\/\/quality-roids.net\/index.php\/produkt\/cialis-20-mg-100-tabletten\/","og_site_name":"Qualitative Steroide online kaufen","article_modified_time":"2019-02-03T11:49:02+00:00","og_image":[{"width":200,"height":200,"url":"https:\/\/quality-roids.net\/wp-content\/uploads\/2019\/02\/cialis-generika-rezeptfrei-Kopie.jpg","type":"image\/jpeg"}],"twitter_card":"summary_large_image","schema":{"@context":"https:\/\/schema.org","@graph":[{"@type":"WebPage","@id":"https:\/\/quality-roids.net\/index.php\/produkt\/cialis-20-mg-100-tabletten\/","url":"https:\/\/quality-roids.net\/index.php\/produkt\/cialis-20-mg-100-tabletten\/","name":"Cialis 20 mg ( 100 Tabletten ) &#8211; Qualitative Steroide online kaufen","isPartOf":{"@id":"https:\/\/quality-roids.net\/#website"},"primaryImageOfPage":{"@id":"https:\/\/quality-roids.net\/index.php\/produkt\/cialis-20-mg-100-tabletten\/#primaryimage"},"image":{"@id":"https:\/\/quality-roids.net\/index.php\/produkt\/cialis-20-mg-100-tabletten\/#primaryimage"},"thumbnailUrl":"https:\/\/quality-roids.net\/wp-content\/uploads\/2019\/02\/cialis-generika-rezeptfrei-Kopie.jpg","datePublished":"2019-02-03T11:49:01+00:00","dateModified":"2019-02-03T11:49:02+00:00","breadcrumb":{"@id":"https:\/\/quality-roids.net\/index.php\/produkt\/cialis-20-mg-100-tabletten\/#breadcrumb"},"inLanguage":"de","potentialAction":[{"@type":"ReadAction","target":["https:\/\/quality-roids.net\/index.php\/produkt\/cialis-20-mg-100-tabletten\/"]}]},{"@type":"ImageObject","inLanguage":"de","@id":"https:\/\/quality-roids.net\/index.php\/produkt\/cialis-20-mg-100-tabletten\/#primaryimage","url":"https:\/\/quality-roids.net\/wp-content\/uploads\/2019\/02\/cialis-generika-rezeptfrei-Kopie.jpg","contentUrl":"https:\/\/quality-roids.net\/wp-content\/uploads\/2019\/02\/cialis-generika-rezeptfrei-Kopie.jpg","width":200,"height":200},{"@type":"BreadcrumbList","@id":"https:\/\/quality-roids.net\/index.php\/produkt\/cialis-20-mg-100-tabletten\/#breadcrumb","itemListElement":[{"@type":"ListItem","position":1,"name":"Startseite","item":"https:\/\/quality-roids.net\/"},{"@type":"ListItem","position":2,"name":"Shop","item":"https:\/\/quality-roids.net\/index.php\/shop\/"},{"@type":"ListItem","position":3,"name":"Cialis 20 mg ( 100 Tabletten )"}]},{"@type":"WebSite","@id":"https:\/\/quality-roids.net\/#website","url":"https:\/\/quality-roids.net\/","name":"Qualitative Steroide online kaufen","description":"Pharmacom- und Genshi Produkte, Testosteron, Tren, Drosta und mehr","publisher":{"@id":"https:\/\/quality-roids.net\/#organization"},"potentialAction":[{"@type":"SearchAction","target":{"@type":"EntryPoint","urlTemplate":"https:\/\/quality-roids.net\/?s={search_term_string}"},"query-input":{"@type":"PropertyValueSpecification","valueRequired":true,"valueName":"search_term_string"}}],"inLanguage":"de"},{"@type":"Organization","@id":"https:\/\/quality-roids.net\/#organization","name":"quality-roids.com","url":"https:\/\/quality-roids.net\/","logo":{"@type":"ImageObject","inLanguage":"de","@id":"https:\/\/quality-roids.net\/#\/schema\/logo\/image\/","url":"https:\/\/quality-roids.net\/wp-content\/uploads\/2019\/10\/quality-roids-net-pharmacom.png","contentUrl":"https:\/\/quality-roids.net\/wp-content\/uploads\/2019\/10\/quality-roids-net-pharmacom.png","width":1100,"height":230,"caption":"quality-roids.com"},"image":{"@id":"https:\/\/quality-roids.net\/#\/schema\/logo\/image\/"},"sameAs":["https:\/\/pin.it\/ddci6thl3ka5es"]}]}},"_links":{"self":[{"href":"https:\/\/quality-roids.net\/index.php\/wp-json\/wp\/v2\/product\/381","targetHints":{"allow":["GET"]}}],"collection":[{"href":"https:\/\/quality-roids.net\/index.php\/wp-json\/wp\/v2\/product"}],"about":[{"href":"https:\/\/quality-roids.net\/index.php\/wp-json\/wp\/v2\/types\/product"}],"replies":[{"embeddable":true,"href":"https:\/\/quality-roids.net\/index.php\/wp-json\/wp\/v2\/comments?post=381"}],"wp:featuredmedia":[{"embeddable":true,"href":"https:\/\/quality-roids.net\/index.php\/wp-json\/wp\/v2\/media\/380"}],"wp:attachment":[{"href":"https:\/\/quality-roids.net\/index.php\/wp-json\/wp\/v2\/media?parent=381"}],"wp:term":[{"taxonomy":"product_brand","embeddable":true,"href":"https:\/\/quality-roids.net\/index.php\/wp-json\/wp\/v2\/product_brand?post=381"},{"taxonomy":"product_cat","embeddable":true,"href":"https:\/\/quality-roids.net\/index.php\/wp-json\/wp\/v2\/product_cat?post=381"},{"taxonomy":"product_tag","embeddable":true,"href":"https:\/\/quality-roids.net\/index.php\/wp-json\/wp\/v2\/product_tag?post=381"}],"curies":[{"name":"wp","href":"https:\/\/api.w.org\/{rel}","templated":true}]}}