{"id":376,"date":"2019-02-03T11:38:14","date_gmt":"2019-02-03T11:38:14","guid":{"rendered":"https:\/\/quality-roids.com\/?post_type=product&#038;p=376"},"modified":"2019-02-03T11:38:14","modified_gmt":"2019-02-03T11:38:14","slug":"kamagra-100-mg-4-tabletten","status":"publish","type":"product","link":"https:\/\/quality-roids.net\/index.php\/produkt\/kamagra-100-mg-4-tabletten\/","title":{"rendered":"Kamagra 100 mg ( 4 Tabletten )"},"content":{"rendered":"","protected":false},"excerpt":{"rendered":"<p>Bei Kamagra handelt es sich um eine generische Version des Potenzmittels Viagra,<br \/>\ndas eingesetzt wird, um Impotenz zu behandeln. Bereits seit einiger Zeit ist dieses Generikum sehr beliebt, denn es hat sich herum gesprochen,<br \/>\ndass es identisch wirkt, wie das Markenmedikament Viagra, jedoch deutlich g\u00fcnstiger angeboten wird.<br \/>\nF\u00fcr viele Anwender ist der finanzielle Aspekt besonders wichtig.<br \/>\nWelchen Wirkstoff beinhaltet Kamagra und wie wirkt das Potenzmittel?<\/p>\n<p>Durch diesen Inhaltsstoff werden die Arterien im Penis erweitert,<br \/>\ndie Muskelzellen erschlaffen. Hierdurch ist es m\u00f6glich, einen schnellen Bluteinstrom in den Schwellk\u00f6rper zu erreichen,<br \/>\nwelcher daf\u00fcr sorgt, dass eine Erektion eintritt. Durch ein in Kamagra enthaltenes Enzym wird die Erektion nur sehr langsam wieder abgebaut,<br \/>\nsodass der Anwender eine m\u00f6glichst lange Erektion hat, die bis zum Orgasmus bestehen bleibt.<\/p>\n<p>Wie und wann wird Kamagra eingenommen? Was gibt es hinsichtlich der Dosierung zu beachten?<br \/>\nKamagra Oral Jelly rezeptfrei online kaufen aus Deutschland<\/p>\n<p>Die Einnahme von Kamagra erfolgt in oraler Form rund eine dreiviertel bis eine Stunde vor dem geplanten Geschlechtsverkehr.<br \/>\nDie Wirkung h\u00e4lt zwischen 4-6 Stunden an. W\u00e4hrend dieses Zeitraums kann der Anwender zahlreiche Erektionen erlangen.<\/p>\n<p>Bei der erstmaligen Einnahme des Potenzmittels sollte lediglich auf eine viertel oder halbe Pille zur\u00fcck gegriffen werden,<br \/>\nalso 25mg oder 50mg. Hierdurch kann zun\u00e4chst einmal getestet werden, wie vertr\u00e4glich Kamagra f\u00fcr den Anwender ist,<br \/>\ndenn nicht Jeder vertr\u00e4gt die Pille gleich gut.<\/p>\n<p>Menschen, die an schweren Vorerkrankungen leiden, sollten von der Einnahme der Potenzpille absehen.<\/p>\n<p>Da Kamagra das Sehverm\u00f6gen und die Reaktionsf\u00e4higkeit beeinflussen kann, ist es ratsam, nach der Einnahme keine Fahrzeuge zu f\u00fchren.<\/p>\n","protected":false},"featured_media":377,"comment_status":"closed","ping_status":"closed","template":"","meta":[],"product_brand":[],"product_cat":[18,20],"product_tag":[72,65,70,66],"class_list":{"0":"post-376","1":"product","2":"type-product","3":"status-publish","4":"has-post-thumbnail","6":"product_cat-orals","7":"product_cat-sex","8":"product_tag-kamagra","9":"product_tag-potenzmittel","10":"product_tag-sex","11":"product_tag-viagra","13":"first","14":"instock","15":"shipping-taxable","16":"purchasable","17":"product-type-simple"},"yoast_head":"<!-- This site is optimized with the Yoast SEO plugin v25.0 - https:\/\/yoast.com\/wordpress\/plugins\/seo\/ -->\n<title>Kamagra 100 mg ( 4 Tabletten ) &#8211; Qualitative Steroide online kaufen<\/title>\n<meta name=\"robots\" content=\"index, follow, max-snippet:-1, max-image-preview:large, max-video-preview:-1\" \/>\n<link rel=\"canonical\" href=\"https:\/\/quality-roids.net\/index.php\/produkt\/kamagra-100-mg-4-tabletten\/\" \/>\n<meta property=\"og:locale\" content=\"de_DE\" \/>\n<meta property=\"og:type\" content=\"article\" \/>\n<meta property=\"og:title\" content=\"Kamagra 100 mg ( 4 Tabletten ) &#8211; Qualitative Steroide online kaufen\" \/>\n<meta property=\"og:description\" content=\"Bei Kamagra handelt es sich um eine generische Version des Potenzmittels Viagra, das eingesetzt wird, um Impotenz zu behandeln. Bereits seit einiger Zeit ist dieses Generikum sehr beliebt, denn es hat sich herum gesprochen, dass es identisch wirkt, wie das Markenmedikament Viagra, jedoch deutlich g\u00fcnstiger angeboten wird. F\u00fcr viele Anwender ist der finanzielle Aspekt besonders wichtig. Welchen Wirkstoff beinhaltet Kamagra und wie wirkt das Potenzmittel?  Durch diesen Inhaltsstoff werden die Arterien im Penis erweitert, die Muskelzellen erschlaffen. Hierdurch ist es m\u00f6glich, einen schnellen Bluteinstrom in den Schwellk\u00f6rper zu erreichen, welcher daf\u00fcr sorgt, dass eine Erektion eintritt. Durch ein in Kamagra enthaltenes Enzym wird die Erektion nur sehr langsam wieder abgebaut, sodass der Anwender eine m\u00f6glichst lange Erektion hat, die bis zum Orgasmus bestehen bleibt.  Wie und wann wird Kamagra eingenommen? Was gibt es hinsichtlich der Dosierung zu beachten? Kamagra Oral Jelly rezeptfrei online kaufen aus Deutschland  Die Einnahme von Kamagra erfolgt in oraler Form rund eine dreiviertel bis eine Stunde vor dem geplanten Geschlechtsverkehr. Die Wirkung h\u00e4lt zwischen 4-6 Stunden an. W\u00e4hrend dieses Zeitraums kann der Anwender zahlreiche Erektionen erlangen.  Bei der erstmaligen Einnahme des Potenzmittels sollte lediglich auf eine viertel oder halbe Pille zur\u00fcck gegriffen werden, also 25mg oder 50mg. Hierdurch kann zun\u00e4chst einmal getestet werden, wie vertr\u00e4glich Kamagra f\u00fcr den Anwender ist, denn nicht Jeder vertr\u00e4gt die Pille gleich gut.  Menschen, die an schweren Vorerkrankungen leiden, sollten von der Einnahme der Potenzpille absehen.  Da Kamagra das Sehverm\u00f6gen und die Reaktionsf\u00e4higkeit beeinflussen kann, ist es ratsam, nach der Einnahme keine Fahrzeuge zu f\u00fchren.\" \/>\n<meta property=\"og:url\" content=\"https:\/\/quality-roids.net\/index.php\/produkt\/kamagra-100-mg-4-tabletten\/\" \/>\n<meta property=\"og:site_name\" content=\"Qualitative Steroide online kaufen\" \/>\n<meta property=\"og:image\" content=\"https:\/\/quality-roids.net\/wp-content\/uploads\/2019\/02\/kamagra-rezeptfrei-Kopie.jpg\" \/>\n\t<meta property=\"og:image:width\" content=\"200\" \/>\n\t<meta property=\"og:image:height\" content=\"200\" \/>\n\t<meta property=\"og:image:type\" content=\"image\/jpeg\" \/>\n<meta name=\"twitter:card\" content=\"summary_large_image\" \/>\n<script type=\"application\/ld+json\" class=\"yoast-schema-graph\">{\"@context\":\"https:\/\/schema.org\",\"@graph\":[{\"@type\":\"WebPage\",\"@id\":\"https:\/\/quality-roids.net\/index.php\/produkt\/kamagra-100-mg-4-tabletten\/\",\"url\":\"https:\/\/quality-roids.net\/index.php\/produkt\/kamagra-100-mg-4-tabletten\/\",\"name\":\"Kamagra 100 mg ( 4 Tabletten ) &#8211; Qualitative Steroide online kaufen\",\"isPartOf\":{\"@id\":\"https:\/\/quality-roids.net\/#website\"},\"primaryImageOfPage\":{\"@id\":\"https:\/\/quality-roids.net\/index.php\/produkt\/kamagra-100-mg-4-tabletten\/#primaryimage\"},\"image\":{\"@id\":\"https:\/\/quality-roids.net\/index.php\/produkt\/kamagra-100-mg-4-tabletten\/#primaryimage\"},\"thumbnailUrl\":\"https:\/\/quality-roids.net\/wp-content\/uploads\/2019\/02\/kamagra-rezeptfrei-Kopie.jpg\",\"datePublished\":\"2019-02-03T11:38:14+00:00\",\"breadcrumb\":{\"@id\":\"https:\/\/quality-roids.net\/index.php\/produkt\/kamagra-100-mg-4-tabletten\/#breadcrumb\"},\"inLanguage\":\"de\",\"potentialAction\":[{\"@type\":\"ReadAction\",\"target\":[\"https:\/\/quality-roids.net\/index.php\/produkt\/kamagra-100-mg-4-tabletten\/\"]}]},{\"@type\":\"ImageObject\",\"inLanguage\":\"de\",\"@id\":\"https:\/\/quality-roids.net\/index.php\/produkt\/kamagra-100-mg-4-tabletten\/#primaryimage\",\"url\":\"https:\/\/quality-roids.net\/wp-content\/uploads\/2019\/02\/kamagra-rezeptfrei-Kopie.jpg\",\"contentUrl\":\"https:\/\/quality-roids.net\/wp-content\/uploads\/2019\/02\/kamagra-rezeptfrei-Kopie.jpg\",\"width\":200,\"height\":200},{\"@type\":\"BreadcrumbList\",\"@id\":\"https:\/\/quality-roids.net\/index.php\/produkt\/kamagra-100-mg-4-tabletten\/#breadcrumb\",\"itemListElement\":[{\"@type\":\"ListItem\",\"position\":1,\"name\":\"Startseite\",\"item\":\"https:\/\/quality-roids.net\/\"},{\"@type\":\"ListItem\",\"position\":2,\"name\":\"Shop\",\"item\":\"https:\/\/quality-roids.net\/index.php\/shop\/\"},{\"@type\":\"ListItem\",\"position\":3,\"name\":\"Kamagra 100 mg ( 4 Tabletten )\"}]},{\"@type\":\"WebSite\",\"@id\":\"https:\/\/quality-roids.net\/#website\",\"url\":\"https:\/\/quality-roids.net\/\",\"name\":\"Qualitative Steroide online kaufen\",\"description\":\"Pharmacom- und Genshi Produkte, Testosteron, Tren, Drosta und mehr\",\"publisher\":{\"@id\":\"https:\/\/quality-roids.net\/#organization\"},\"potentialAction\":[{\"@type\":\"SearchAction\",\"target\":{\"@type\":\"EntryPoint\",\"urlTemplate\":\"https:\/\/quality-roids.net\/?s={search_term_string}\"},\"query-input\":{\"@type\":\"PropertyValueSpecification\",\"valueRequired\":true,\"valueName\":\"search_term_string\"}}],\"inLanguage\":\"de\"},{\"@type\":\"Organization\",\"@id\":\"https:\/\/quality-roids.net\/#organization\",\"name\":\"quality-roids.com\",\"url\":\"https:\/\/quality-roids.net\/\",\"logo\":{\"@type\":\"ImageObject\",\"inLanguage\":\"de\",\"@id\":\"https:\/\/quality-roids.net\/#\/schema\/logo\/image\/\",\"url\":\"https:\/\/quality-roids.net\/wp-content\/uploads\/2019\/10\/quality-roids-net-pharmacom.png\",\"contentUrl\":\"https:\/\/quality-roids.net\/wp-content\/uploads\/2019\/10\/quality-roids-net-pharmacom.png\",\"width\":1100,\"height\":230,\"caption\":\"quality-roids.com\"},\"image\":{\"@id\":\"https:\/\/quality-roids.net\/#\/schema\/logo\/image\/\"},\"sameAs\":[\"https:\/\/pin.it\/ddci6thl3ka5es\"]}]}<\/script>\n<!-- \/ Yoast SEO plugin. -->","yoast_head_json":{"title":"Kamagra 100 mg ( 4 Tabletten ) &#8211; Qualitative Steroide online kaufen","robots":{"index":"index","follow":"follow","max-snippet":"max-snippet:-1","max-image-preview":"max-image-preview:large","max-video-preview":"max-video-preview:-1"},"canonical":"https:\/\/quality-roids.net\/index.php\/produkt\/kamagra-100-mg-4-tabletten\/","og_locale":"de_DE","og_type":"article","og_title":"Kamagra 100 mg ( 4 Tabletten ) &#8211; Qualitative Steroide online kaufen","og_description":"Bei Kamagra handelt es sich um eine generische Version des Potenzmittels Viagra, das eingesetzt wird, um Impotenz zu behandeln. Bereits seit einiger Zeit ist dieses Generikum sehr beliebt, denn es hat sich herum gesprochen, dass es identisch wirkt, wie das Markenmedikament Viagra, jedoch deutlich g\u00fcnstiger angeboten wird. F\u00fcr viele Anwender ist der finanzielle Aspekt besonders wichtig. Welchen Wirkstoff beinhaltet Kamagra und wie wirkt das Potenzmittel?  Durch diesen Inhaltsstoff werden die Arterien im Penis erweitert, die Muskelzellen erschlaffen. Hierdurch ist es m\u00f6glich, einen schnellen Bluteinstrom in den Schwellk\u00f6rper zu erreichen, welcher daf\u00fcr sorgt, dass eine Erektion eintritt. Durch ein in Kamagra enthaltenes Enzym wird die Erektion nur sehr langsam wieder abgebaut, sodass der Anwender eine m\u00f6glichst lange Erektion hat, die bis zum Orgasmus bestehen bleibt.  Wie und wann wird Kamagra eingenommen? Was gibt es hinsichtlich der Dosierung zu beachten? Kamagra Oral Jelly rezeptfrei online kaufen aus Deutschland  Die Einnahme von Kamagra erfolgt in oraler Form rund eine dreiviertel bis eine Stunde vor dem geplanten Geschlechtsverkehr. Die Wirkung h\u00e4lt zwischen 4-6 Stunden an. W\u00e4hrend dieses Zeitraums kann der Anwender zahlreiche Erektionen erlangen.  Bei der erstmaligen Einnahme des Potenzmittels sollte lediglich auf eine viertel oder halbe Pille zur\u00fcck gegriffen werden, also 25mg oder 50mg. Hierdurch kann zun\u00e4chst einmal getestet werden, wie vertr\u00e4glich Kamagra f\u00fcr den Anwender ist, denn nicht Jeder vertr\u00e4gt die Pille gleich gut.  Menschen, die an schweren Vorerkrankungen leiden, sollten von der Einnahme der Potenzpille absehen.  Da Kamagra das Sehverm\u00f6gen und die Reaktionsf\u00e4higkeit beeinflussen kann, ist es ratsam, nach der Einnahme keine Fahrzeuge zu f\u00fchren.","og_url":"https:\/\/quality-roids.net\/index.php\/produkt\/kamagra-100-mg-4-tabletten\/","og_site_name":"Qualitative Steroide online kaufen","og_image":[{"width":200,"height":200,"url":"https:\/\/quality-roids.net\/wp-content\/uploads\/2019\/02\/kamagra-rezeptfrei-Kopie.jpg","type":"image\/jpeg"}],"twitter_card":"summary_large_image","schema":{"@context":"https:\/\/schema.org","@graph":[{"@type":"WebPage","@id":"https:\/\/quality-roids.net\/index.php\/produkt\/kamagra-100-mg-4-tabletten\/","url":"https:\/\/quality-roids.net\/index.php\/produkt\/kamagra-100-mg-4-tabletten\/","name":"Kamagra 100 mg ( 4 Tabletten ) &#8211; Qualitative Steroide online kaufen","isPartOf":{"@id":"https:\/\/quality-roids.net\/#website"},"primaryImageOfPage":{"@id":"https:\/\/quality-roids.net\/index.php\/produkt\/kamagra-100-mg-4-tabletten\/#primaryimage"},"image":{"@id":"https:\/\/quality-roids.net\/index.php\/produkt\/kamagra-100-mg-4-tabletten\/#primaryimage"},"thumbnailUrl":"https:\/\/quality-roids.net\/wp-content\/uploads\/2019\/02\/kamagra-rezeptfrei-Kopie.jpg","datePublished":"2019-02-03T11:38:14+00:00","breadcrumb":{"@id":"https:\/\/quality-roids.net\/index.php\/produkt\/kamagra-100-mg-4-tabletten\/#breadcrumb"},"inLanguage":"de","potentialAction":[{"@type":"ReadAction","target":["https:\/\/quality-roids.net\/index.php\/produkt\/kamagra-100-mg-4-tabletten\/"]}]},{"@type":"ImageObject","inLanguage":"de","@id":"https:\/\/quality-roids.net\/index.php\/produkt\/kamagra-100-mg-4-tabletten\/#primaryimage","url":"https:\/\/quality-roids.net\/wp-content\/uploads\/2019\/02\/kamagra-rezeptfrei-Kopie.jpg","contentUrl":"https:\/\/quality-roids.net\/wp-content\/uploads\/2019\/02\/kamagra-rezeptfrei-Kopie.jpg","width":200,"height":200},{"@type":"BreadcrumbList","@id":"https:\/\/quality-roids.net\/index.php\/produkt\/kamagra-100-mg-4-tabletten\/#breadcrumb","itemListElement":[{"@type":"ListItem","position":1,"name":"Startseite","item":"https:\/\/quality-roids.net\/"},{"@type":"ListItem","position":2,"name":"Shop","item":"https:\/\/quality-roids.net\/index.php\/shop\/"},{"@type":"ListItem","position":3,"name":"Kamagra 100 mg ( 4 Tabletten )"}]},{"@type":"WebSite","@id":"https:\/\/quality-roids.net\/#website","url":"https:\/\/quality-roids.net\/","name":"Qualitative Steroide online kaufen","description":"Pharmacom- und Genshi Produkte, Testosteron, Tren, Drosta und mehr","publisher":{"@id":"https:\/\/quality-roids.net\/#organization"},"potentialAction":[{"@type":"SearchAction","target":{"@type":"EntryPoint","urlTemplate":"https:\/\/quality-roids.net\/?s={search_term_string}"},"query-input":{"@type":"PropertyValueSpecification","valueRequired":true,"valueName":"search_term_string"}}],"inLanguage":"de"},{"@type":"Organization","@id":"https:\/\/quality-roids.net\/#organization","name":"quality-roids.com","url":"https:\/\/quality-roids.net\/","logo":{"@type":"ImageObject","inLanguage":"de","@id":"https:\/\/quality-roids.net\/#\/schema\/logo\/image\/","url":"https:\/\/quality-roids.net\/wp-content\/uploads\/2019\/10\/quality-roids-net-pharmacom.png","contentUrl":"https:\/\/quality-roids.net\/wp-content\/uploads\/2019\/10\/quality-roids-net-pharmacom.png","width":1100,"height":230,"caption":"quality-roids.com"},"image":{"@id":"https:\/\/quality-roids.net\/#\/schema\/logo\/image\/"},"sameAs":["https:\/\/pin.it\/ddci6thl3ka5es"]}]}},"_links":{"self":[{"href":"https:\/\/quality-roids.net\/index.php\/wp-json\/wp\/v2\/product\/376","targetHints":{"allow":["GET"]}}],"collection":[{"href":"https:\/\/quality-roids.net\/index.php\/wp-json\/wp\/v2\/product"}],"about":[{"href":"https:\/\/quality-roids.net\/index.php\/wp-json\/wp\/v2\/types\/product"}],"replies":[{"embeddable":true,"href":"https:\/\/quality-roids.net\/index.php\/wp-json\/wp\/v2\/comments?post=376"}],"wp:featuredmedia":[{"embeddable":true,"href":"https:\/\/quality-roids.net\/index.php\/wp-json\/wp\/v2\/media\/377"}],"wp:attachment":[{"href":"https:\/\/quality-roids.net\/index.php\/wp-json\/wp\/v2\/media?parent=376"}],"wp:term":[{"taxonomy":"product_brand","embeddable":true,"href":"https:\/\/quality-roids.net\/index.php\/wp-json\/wp\/v2\/product_brand?post=376"},{"taxonomy":"product_cat","embeddable":true,"href":"https:\/\/quality-roids.net\/index.php\/wp-json\/wp\/v2\/product_cat?post=376"},{"taxonomy":"product_tag","embeddable":true,"href":"https:\/\/quality-roids.net\/index.php\/wp-json\/wp\/v2\/product_tag?post=376"}],"curies":[{"name":"wp","href":"https:\/\/api.w.org\/{rel}","templated":true}]}}