{"id":375,"date":"2019-02-03T11:32:43","date_gmt":"2019-02-03T11:32:43","guid":{"rendered":"https:\/\/quality-roids.com\/?post_type=product&#038;p=375"},"modified":"2019-02-27T09:05:28","modified_gmt":"2019-02-27T09:05:28","slug":"levitra-60-mg-100-tabletten","status":"publish","type":"product","link":"https:\/\/quality-roids.net\/index.php\/produkt\/levitra-60-mg-100-tabletten\/","title":{"rendered":"Levitra 60 mg  ( 100 Tabletten )"},"content":{"rendered":"","protected":false},"excerpt":{"rendered":"<p>Levitra\u00a0 wurde zur Behandlung der Impotenz zugelassen (zust\u00e4ndige Beh\u00f6rde &#8211; FDA).<br \/>\nNach der Einnahme des Potenzmittels Levitra Professional erzielt man unproblematisch eine h\u00e4rtere und durchaus bessere Erektion.<br \/>\nLevitra Professional sorgt daf\u00fcr, dass man keine Angst mehr vor intimen Momenten empfindet.<br \/>\nDas Selbstwertgef\u00fchl der M\u00e4nner wird effektiv aufgebaut.<br \/>\nDank Levitra gewinnt man seine Lebensqualit\u00e4t zur\u00fcck.<br \/>\nLevitra gilt als eine am besten vertr\u00e4gliche Medikation gegen die erektile Dysfunktion.<br \/>\nBei den meisten Anwendern entfaltet das Pr\u00e4parat seine Wirkung bereits 20 Minuten nach der peroralen Einnahme.<\/p>\n<p>Wie wirkt Levitra Professional?<\/p>\n<p>Der Hauptwirkstoff im Potenzmittel Levitra Professional hei\u00dft Vardenafil.<br \/>\nVardenafil geh\u00f6rt zur Kategorie der pde-5-hemmenden Substanzen (neben Tadalafil und Sildenafil).<br \/>\nVardenafil ist einer der Arzneistoffe gegen die erektile Dysfunktion mit der h\u00f6chsten Vertr\u00e4glichkeit.<br \/>\nLevitra Professional verhilft zu einer h\u00e4rteren Erektion, da es die \u00dcberproduktion der k\u00f6rpereigenen Substanz PDE-5 im Organismus des Mannes hemmt.<br \/>\nAuf diese Weise erfolgt ein ausreichender Bluttransport zum Penis. Bei sexueller Erregung bleibt mehr keine Erektion aus, Levitra sorgt daf\u00fcr.<\/p>\n<p>Der Arzneistoff Vardenafil in Levitra Professional verf\u00fcgt \u00fcber eine gute erektionsverst\u00e4rkende Wirkung,<br \/>\njedoch wirkt mild und ruft fast keine Nebeneffekte hervor. Der Effekt h\u00e4lt gar nicht kurz an, n\u00e4mlich 8-12 Stunden.<\/p>\n","protected":false},"featured_media":374,"comment_status":"closed","ping_status":"closed","template":"","meta":[],"product_brand":[],"product_cat":[18,20],"product_tag":[71,65,70,66],"class_list":{"0":"post-375","1":"product","2":"type-product","3":"status-publish","4":"has-post-thumbnail","6":"product_cat-orals","7":"product_cat-sex","8":"product_tag-levitra","9":"product_tag-potenzmittel","10":"product_tag-sex","11":"product_tag-viagra","13":"first","14":"instock","15":"shipping-taxable","16":"purchasable","17":"product-type-simple"},"yoast_head":"<!-- This site is optimized with the Yoast SEO plugin v25.0 - https:\/\/yoast.com\/wordpress\/plugins\/seo\/ -->\n<title>Levitra 60 mg ( 100 Tabletten ) &#8211; Qualitative Steroide online kaufen<\/title>\n<meta name=\"robots\" content=\"index, follow, max-snippet:-1, max-image-preview:large, max-video-preview:-1\" \/>\n<link rel=\"canonical\" href=\"https:\/\/quality-roids.net\/index.php\/produkt\/levitra-60-mg-100-tabletten\/\" \/>\n<meta property=\"og:locale\" content=\"de_DE\" \/>\n<meta property=\"og:type\" content=\"article\" \/>\n<meta property=\"og:title\" content=\"Levitra 60 mg ( 100 Tabletten ) &#8211; Qualitative Steroide online kaufen\" \/>\n<meta property=\"og:description\" content=\"Levitra\u00a0 wurde zur Behandlung der Impotenz zugelassen (zust\u00e4ndige Beh\u00f6rde - FDA). Nach der Einnahme des Potenzmittels Levitra Professional erzielt man unproblematisch eine h\u00e4rtere und durchaus bessere Erektion. Levitra Professional sorgt daf\u00fcr, dass man keine Angst mehr vor intimen Momenten empfindet. Das Selbstwertgef\u00fchl der M\u00e4nner wird effektiv aufgebaut. Dank Levitra gewinnt man seine Lebensqualit\u00e4t zur\u00fcck. Levitra gilt als eine am besten vertr\u00e4gliche Medikation gegen die erektile Dysfunktion. Bei den meisten Anwendern entfaltet das Pr\u00e4parat seine Wirkung bereits 20 Minuten nach der peroralen Einnahme.  Wie wirkt Levitra Professional?  Der Hauptwirkstoff im Potenzmittel Levitra Professional hei\u00dft Vardenafil. Vardenafil geh\u00f6rt zur Kategorie der pde-5-hemmenden Substanzen (neben Tadalafil und Sildenafil). Vardenafil ist einer der Arzneistoffe gegen die erektile Dysfunktion mit der h\u00f6chsten Vertr\u00e4glichkeit. Levitra Professional verhilft zu einer h\u00e4rteren Erektion, da es die \u00dcberproduktion der k\u00f6rpereigenen Substanz PDE-5 im Organismus des Mannes hemmt. Auf diese Weise erfolgt ein ausreichender Bluttransport zum Penis. Bei sexueller Erregung bleibt mehr keine Erektion aus, Levitra sorgt daf\u00fcr.  Der Arzneistoff Vardenafil in Levitra Professional verf\u00fcgt \u00fcber eine gute erektionsverst\u00e4rkende Wirkung, jedoch wirkt mild und ruft fast keine Nebeneffekte hervor. Der Effekt h\u00e4lt gar nicht kurz an, n\u00e4mlich 8-12 Stunden.\" \/>\n<meta property=\"og:url\" content=\"https:\/\/quality-roids.net\/index.php\/produkt\/levitra-60-mg-100-tabletten\/\" \/>\n<meta property=\"og:site_name\" content=\"Qualitative Steroide online kaufen\" \/>\n<meta property=\"article:modified_time\" content=\"2019-02-27T09:05:28+00:00\" \/>\n<meta property=\"og:image\" content=\"https:\/\/quality-roids.net\/wp-content\/uploads\/2019\/02\/levitra-super-active-Kopie.jpg\" \/>\n\t<meta property=\"og:image:width\" content=\"200\" \/>\n\t<meta property=\"og:image:height\" content=\"200\" \/>\n\t<meta property=\"og:image:type\" content=\"image\/jpeg\" \/>\n<meta name=\"twitter:card\" content=\"summary_large_image\" \/>\n<script type=\"application\/ld+json\" class=\"yoast-schema-graph\">{\"@context\":\"https:\/\/schema.org\",\"@graph\":[{\"@type\":\"WebPage\",\"@id\":\"https:\/\/quality-roids.net\/index.php\/produkt\/levitra-60-mg-100-tabletten\/\",\"url\":\"https:\/\/quality-roids.net\/index.php\/produkt\/levitra-60-mg-100-tabletten\/\",\"name\":\"Levitra 60 mg ( 100 Tabletten ) &#8211; Qualitative Steroide online kaufen\",\"isPartOf\":{\"@id\":\"https:\/\/quality-roids.net\/#website\"},\"primaryImageOfPage\":{\"@id\":\"https:\/\/quality-roids.net\/index.php\/produkt\/levitra-60-mg-100-tabletten\/#primaryimage\"},\"image\":{\"@id\":\"https:\/\/quality-roids.net\/index.php\/produkt\/levitra-60-mg-100-tabletten\/#primaryimage\"},\"thumbnailUrl\":\"https:\/\/quality-roids.net\/wp-content\/uploads\/2019\/02\/levitra-super-active-Kopie.jpg\",\"datePublished\":\"2019-02-03T11:32:43+00:00\",\"dateModified\":\"2019-02-27T09:05:28+00:00\",\"breadcrumb\":{\"@id\":\"https:\/\/quality-roids.net\/index.php\/produkt\/levitra-60-mg-100-tabletten\/#breadcrumb\"},\"inLanguage\":\"de\",\"potentialAction\":[{\"@type\":\"ReadAction\",\"target\":[\"https:\/\/quality-roids.net\/index.php\/produkt\/levitra-60-mg-100-tabletten\/\"]}]},{\"@type\":\"ImageObject\",\"inLanguage\":\"de\",\"@id\":\"https:\/\/quality-roids.net\/index.php\/produkt\/levitra-60-mg-100-tabletten\/#primaryimage\",\"url\":\"https:\/\/quality-roids.net\/wp-content\/uploads\/2019\/02\/levitra-super-active-Kopie.jpg\",\"contentUrl\":\"https:\/\/quality-roids.net\/wp-content\/uploads\/2019\/02\/levitra-super-active-Kopie.jpg\",\"width\":200,\"height\":200},{\"@type\":\"BreadcrumbList\",\"@id\":\"https:\/\/quality-roids.net\/index.php\/produkt\/levitra-60-mg-100-tabletten\/#breadcrumb\",\"itemListElement\":[{\"@type\":\"ListItem\",\"position\":1,\"name\":\"Startseite\",\"item\":\"https:\/\/quality-roids.net\/\"},{\"@type\":\"ListItem\",\"position\":2,\"name\":\"Shop\",\"item\":\"https:\/\/quality-roids.net\/index.php\/shop\/\"},{\"@type\":\"ListItem\",\"position\":3,\"name\":\"Levitra 60 mg ( 100 Tabletten )\"}]},{\"@type\":\"WebSite\",\"@id\":\"https:\/\/quality-roids.net\/#website\",\"url\":\"https:\/\/quality-roids.net\/\",\"name\":\"Qualitative Steroide online kaufen\",\"description\":\"Pharmacom- und Genshi Produkte, Testosteron, Tren, Drosta und mehr\",\"publisher\":{\"@id\":\"https:\/\/quality-roids.net\/#organization\"},\"potentialAction\":[{\"@type\":\"SearchAction\",\"target\":{\"@type\":\"EntryPoint\",\"urlTemplate\":\"https:\/\/quality-roids.net\/?s={search_term_string}\"},\"query-input\":{\"@type\":\"PropertyValueSpecification\",\"valueRequired\":true,\"valueName\":\"search_term_string\"}}],\"inLanguage\":\"de\"},{\"@type\":\"Organization\",\"@id\":\"https:\/\/quality-roids.net\/#organization\",\"name\":\"quality-roids.com\",\"url\":\"https:\/\/quality-roids.net\/\",\"logo\":{\"@type\":\"ImageObject\",\"inLanguage\":\"de\",\"@id\":\"https:\/\/quality-roids.net\/#\/schema\/logo\/image\/\",\"url\":\"https:\/\/quality-roids.net\/wp-content\/uploads\/2019\/10\/quality-roids-net-pharmacom.png\",\"contentUrl\":\"https:\/\/quality-roids.net\/wp-content\/uploads\/2019\/10\/quality-roids-net-pharmacom.png\",\"width\":1100,\"height\":230,\"caption\":\"quality-roids.com\"},\"image\":{\"@id\":\"https:\/\/quality-roids.net\/#\/schema\/logo\/image\/\"},\"sameAs\":[\"https:\/\/pin.it\/ddci6thl3ka5es\"]}]}<\/script>\n<!-- \/ Yoast SEO plugin. -->","yoast_head_json":{"title":"Levitra 60 mg ( 100 Tabletten ) &#8211; Qualitative Steroide online kaufen","robots":{"index":"index","follow":"follow","max-snippet":"max-snippet:-1","max-image-preview":"max-image-preview:large","max-video-preview":"max-video-preview:-1"},"canonical":"https:\/\/quality-roids.net\/index.php\/produkt\/levitra-60-mg-100-tabletten\/","og_locale":"de_DE","og_type":"article","og_title":"Levitra 60 mg ( 100 Tabletten ) &#8211; Qualitative Steroide online kaufen","og_description":"Levitra\u00a0 wurde zur Behandlung der Impotenz zugelassen (zust\u00e4ndige Beh\u00f6rde - FDA). Nach der Einnahme des Potenzmittels Levitra Professional erzielt man unproblematisch eine h\u00e4rtere und durchaus bessere Erektion. Levitra Professional sorgt daf\u00fcr, dass man keine Angst mehr vor intimen Momenten empfindet. Das Selbstwertgef\u00fchl der M\u00e4nner wird effektiv aufgebaut. Dank Levitra gewinnt man seine Lebensqualit\u00e4t zur\u00fcck. Levitra gilt als eine am besten vertr\u00e4gliche Medikation gegen die erektile Dysfunktion. Bei den meisten Anwendern entfaltet das Pr\u00e4parat seine Wirkung bereits 20 Minuten nach der peroralen Einnahme.  Wie wirkt Levitra Professional?  Der Hauptwirkstoff im Potenzmittel Levitra Professional hei\u00dft Vardenafil. Vardenafil geh\u00f6rt zur Kategorie der pde-5-hemmenden Substanzen (neben Tadalafil und Sildenafil). Vardenafil ist einer der Arzneistoffe gegen die erektile Dysfunktion mit der h\u00f6chsten Vertr\u00e4glichkeit. Levitra Professional verhilft zu einer h\u00e4rteren Erektion, da es die \u00dcberproduktion der k\u00f6rpereigenen Substanz PDE-5 im Organismus des Mannes hemmt. Auf diese Weise erfolgt ein ausreichender Bluttransport zum Penis. Bei sexueller Erregung bleibt mehr keine Erektion aus, Levitra sorgt daf\u00fcr.  Der Arzneistoff Vardenafil in Levitra Professional verf\u00fcgt \u00fcber eine gute erektionsverst\u00e4rkende Wirkung, jedoch wirkt mild und ruft fast keine Nebeneffekte hervor. Der Effekt h\u00e4lt gar nicht kurz an, n\u00e4mlich 8-12 Stunden.","og_url":"https:\/\/quality-roids.net\/index.php\/produkt\/levitra-60-mg-100-tabletten\/","og_site_name":"Qualitative Steroide online kaufen","article_modified_time":"2019-02-27T09:05:28+00:00","og_image":[{"width":200,"height":200,"url":"https:\/\/quality-roids.net\/wp-content\/uploads\/2019\/02\/levitra-super-active-Kopie.jpg","type":"image\/jpeg"}],"twitter_card":"summary_large_image","schema":{"@context":"https:\/\/schema.org","@graph":[{"@type":"WebPage","@id":"https:\/\/quality-roids.net\/index.php\/produkt\/levitra-60-mg-100-tabletten\/","url":"https:\/\/quality-roids.net\/index.php\/produkt\/levitra-60-mg-100-tabletten\/","name":"Levitra 60 mg ( 100 Tabletten ) &#8211; Qualitative Steroide online kaufen","isPartOf":{"@id":"https:\/\/quality-roids.net\/#website"},"primaryImageOfPage":{"@id":"https:\/\/quality-roids.net\/index.php\/produkt\/levitra-60-mg-100-tabletten\/#primaryimage"},"image":{"@id":"https:\/\/quality-roids.net\/index.php\/produkt\/levitra-60-mg-100-tabletten\/#primaryimage"},"thumbnailUrl":"https:\/\/quality-roids.net\/wp-content\/uploads\/2019\/02\/levitra-super-active-Kopie.jpg","datePublished":"2019-02-03T11:32:43+00:00","dateModified":"2019-02-27T09:05:28+00:00","breadcrumb":{"@id":"https:\/\/quality-roids.net\/index.php\/produkt\/levitra-60-mg-100-tabletten\/#breadcrumb"},"inLanguage":"de","potentialAction":[{"@type":"ReadAction","target":["https:\/\/quality-roids.net\/index.php\/produkt\/levitra-60-mg-100-tabletten\/"]}]},{"@type":"ImageObject","inLanguage":"de","@id":"https:\/\/quality-roids.net\/index.php\/produkt\/levitra-60-mg-100-tabletten\/#primaryimage","url":"https:\/\/quality-roids.net\/wp-content\/uploads\/2019\/02\/levitra-super-active-Kopie.jpg","contentUrl":"https:\/\/quality-roids.net\/wp-content\/uploads\/2019\/02\/levitra-super-active-Kopie.jpg","width":200,"height":200},{"@type":"BreadcrumbList","@id":"https:\/\/quality-roids.net\/index.php\/produkt\/levitra-60-mg-100-tabletten\/#breadcrumb","itemListElement":[{"@type":"ListItem","position":1,"name":"Startseite","item":"https:\/\/quality-roids.net\/"},{"@type":"ListItem","position":2,"name":"Shop","item":"https:\/\/quality-roids.net\/index.php\/shop\/"},{"@type":"ListItem","position":3,"name":"Levitra 60 mg ( 100 Tabletten )"}]},{"@type":"WebSite","@id":"https:\/\/quality-roids.net\/#website","url":"https:\/\/quality-roids.net\/","name":"Qualitative Steroide online kaufen","description":"Pharmacom- und Genshi Produkte, Testosteron, Tren, Drosta und mehr","publisher":{"@id":"https:\/\/quality-roids.net\/#organization"},"potentialAction":[{"@type":"SearchAction","target":{"@type":"EntryPoint","urlTemplate":"https:\/\/quality-roids.net\/?s={search_term_string}"},"query-input":{"@type":"PropertyValueSpecification","valueRequired":true,"valueName":"search_term_string"}}],"inLanguage":"de"},{"@type":"Organization","@id":"https:\/\/quality-roids.net\/#organization","name":"quality-roids.com","url":"https:\/\/quality-roids.net\/","logo":{"@type":"ImageObject","inLanguage":"de","@id":"https:\/\/quality-roids.net\/#\/schema\/logo\/image\/","url":"https:\/\/quality-roids.net\/wp-content\/uploads\/2019\/10\/quality-roids-net-pharmacom.png","contentUrl":"https:\/\/quality-roids.net\/wp-content\/uploads\/2019\/10\/quality-roids-net-pharmacom.png","width":1100,"height":230,"caption":"quality-roids.com"},"image":{"@id":"https:\/\/quality-roids.net\/#\/schema\/logo\/image\/"},"sameAs":["https:\/\/pin.it\/ddci6thl3ka5es"]}]}},"_links":{"self":[{"href":"https:\/\/quality-roids.net\/index.php\/wp-json\/wp\/v2\/product\/375","targetHints":{"allow":["GET"]}}],"collection":[{"href":"https:\/\/quality-roids.net\/index.php\/wp-json\/wp\/v2\/product"}],"about":[{"href":"https:\/\/quality-roids.net\/index.php\/wp-json\/wp\/v2\/types\/product"}],"replies":[{"embeddable":true,"href":"https:\/\/quality-roids.net\/index.php\/wp-json\/wp\/v2\/comments?post=375"}],"wp:featuredmedia":[{"embeddable":true,"href":"https:\/\/quality-roids.net\/index.php\/wp-json\/wp\/v2\/media\/374"}],"wp:attachment":[{"href":"https:\/\/quality-roids.net\/index.php\/wp-json\/wp\/v2\/media?parent=375"}],"wp:term":[{"taxonomy":"product_brand","embeddable":true,"href":"https:\/\/quality-roids.net\/index.php\/wp-json\/wp\/v2\/product_brand?post=375"},{"taxonomy":"product_cat","embeddable":true,"href":"https:\/\/quality-roids.net\/index.php\/wp-json\/wp\/v2\/product_cat?post=375"},{"taxonomy":"product_tag","embeddable":true,"href":"https:\/\/quality-roids.net\/index.php\/wp-json\/wp\/v2\/product_tag?post=375"}],"curies":[{"name":"wp","href":"https:\/\/api.w.org\/{rel}","templated":true}]}}