{"id":36,"date":"2018-08-31T16:24:32","date_gmt":"2018-08-31T16:24:32","guid":{"rendered":"http:\/\/quality-roids.com\/?post_type=product&#038;p=36"},"modified":"2025-12-18T22:58:30","modified_gmt":"2025-12-18T22:58:30","slug":"gen-shi-susta-1250-250-mg-ml","status":"publish","type":"product","link":"https:\/\/quality-roids.net\/index.php\/produkt\/gen-shi-susta-1250-250-mg-ml\/","title":{"rendered":"Gen-Shi Susta 1250 (250 mg \/ ml)"},"content":{"rendered":"<h3>Gen-Shi Susta 1250<\/h3>\n<p>Hersteller: GenShi Labs.<br \/>\nSubstanz: Testosteron-Mischung<br \/>\nPackung: 5 ml Durchstechflasche (250 mg \/ ml)<\/p>\n<h5>500 mg Gen-Shi Susta Inhalt:<\/h5>\n<p>60mgs Testosterone Acetate<br \/>\n120mgs Testosterone Propionate<br \/>\n120mgs Testosterone Isocaproate<br \/>\n200mgs Testosterone Cypionate<\/p>\n<p>F\u00fcr ein injizierbares Testosteron gilt Sustanon als relativ Wasser ziehend. Konsumenten berichten relativ h\u00e4ufig von postinjektions Schmerzen. Bei einer Dosierung ab 750mg sollte man auf ein Anti\u00f6strogen wie z.B. Nolvadex oder Aromatasehemmer wie Arimidex nicht verzichten. Einige Bodybuilder verwenden auch einen nat\u00fcrlichen Aromatasehemmer wie z.B. Zink in relativ hoher Dosierung (75 \u2013 100mg pro Tag). Da Sustanon die endogene Testosteronproduktion stark beeintr\u00e4chtigt, ist zum Ende der Kur das Absetzen mit Clomiphen dringend anzuraten.<\/p>\n","protected":false},"excerpt":{"rendered":"<p>Gen-Shi Susta 1250 Hersteller: GenShi Labs. Substanz: Testosteron-Mischung Packung: 5 ml Durchstechflasche (250 mg \/ ml) 500 mg Gen-Shi Susta Inhalt: 60mgs Testosterone Acetate 120mgs Testosterone Propionate 120mgs Testosterone Isocaproate 200mgs Testosterone Cypionate F\u00fcr ein injizierbares Testosteron gilt Sustanon als relativ Wasser ziehend. Konsumenten berichten relativ h\u00e4ufig von postinjektions Schmerzen. Bei einer Dosierung ab 750mg <a class=\"read-more\" href=\"https:\/\/quality-roids.net\/index.php\/produkt\/gen-shi-susta-1250-250-mg-ml\/\">Read More<\/a><\/p>\n","protected":false},"featured_media":37,"comment_status":"open","ping_status":"closed","template":"","meta":[],"product_brand":[],"product_cat":[17,22],"product_tag":[24,26],"class_list":{"0":"post-36","1":"product","2":"type-product","3":"status-publish","4":"has-post-thumbnail","6":"product_cat-injekt","7":"product_cat-genshi","8":"product_tag-genshi","9":"product_tag-susta","11":"first","12":"instock","13":"shipping-taxable","14":"purchasable","15":"product-type-simple"},"yoast_head":"<!-- This site is optimized with the Yoast SEO plugin v25.0 - https:\/\/yoast.com\/wordpress\/plugins\/seo\/ -->\n<title>Gen-Shi Susta 1250 (250 mg \/ ml) &#8211; Qualitative Steroide online kaufen<\/title>\n<meta name=\"description\" content=\"Susta Testosteronmix von Genshi Labs. Originalprodukt! Jetzt zum Einf\u00fchrungspreis von \u20ac 18,- ! Viele Aktionen bei Marken wie Genshi und Pharmacom Labs.\" \/>\n<meta name=\"robots\" content=\"index, follow, max-snippet:-1, max-image-preview:large, max-video-preview:-1\" \/>\n<link rel=\"canonical\" href=\"https:\/\/quality-roids.net\/index.php\/produkt\/gen-shi-susta-1250-250-mg-ml\/\" \/>\n<meta property=\"og:locale\" content=\"de_DE\" \/>\n<meta property=\"og:type\" content=\"article\" \/>\n<meta property=\"og:title\" content=\"Gen-Shi Susta 1250 (250 mg \/ ml) &#8211; Qualitative Steroide online kaufen\" \/>\n<meta property=\"og:description\" content=\"Susta Testosteronmix von Genshi Labs. Originalprodukt! Jetzt zum Einf\u00fchrungspreis von \u20ac 18,- ! Viele Aktionen bei Marken wie Genshi und Pharmacom Labs.\" \/>\n<meta property=\"og:url\" content=\"https:\/\/quality-roids.net\/index.php\/produkt\/gen-shi-susta-1250-250-mg-ml\/\" \/>\n<meta property=\"og:site_name\" content=\"Qualitative Steroide online kaufen\" \/>\n<meta property=\"article:modified_time\" content=\"2025-12-18T22:58:30+00:00\" \/>\n<meta property=\"og:image\" content=\"https:\/\/quality-roids.net\/wp-content\/uploads\/2018\/08\/sustanon-250-genshi-250mgml-10ml-vial.jpg\" \/>\n\t<meta property=\"og:image:width\" content=\"771\" \/>\n\t<meta property=\"og:image:height\" content=\"900\" \/>\n\t<meta property=\"og:image:type\" content=\"image\/jpeg\" \/>\n<meta name=\"twitter:card\" content=\"summary_large_image\" \/>\n<meta name=\"twitter:label1\" content=\"Gesch\u00e4tzte Lesezeit\" \/>\n\t<meta name=\"twitter:data1\" content=\"1\u00a0Minute\" \/>\n<script type=\"application\/ld+json\" class=\"yoast-schema-graph\">{\"@context\":\"https:\/\/schema.org\",\"@graph\":[{\"@type\":\"WebPage\",\"@id\":\"https:\/\/quality-roids.net\/index.php\/produkt\/gen-shi-susta-1250-250-mg-ml\/\",\"url\":\"https:\/\/quality-roids.net\/index.php\/produkt\/gen-shi-susta-1250-250-mg-ml\/\",\"name\":\"Gen-Shi Susta 1250 (250 mg \/ ml) &#8211; Qualitative Steroide online kaufen\",\"isPartOf\":{\"@id\":\"https:\/\/quality-roids.net\/#website\"},\"primaryImageOfPage\":{\"@id\":\"https:\/\/quality-roids.net\/index.php\/produkt\/gen-shi-susta-1250-250-mg-ml\/#primaryimage\"},\"image\":{\"@id\":\"https:\/\/quality-roids.net\/index.php\/produkt\/gen-shi-susta-1250-250-mg-ml\/#primaryimage\"},\"thumbnailUrl\":\"https:\/\/quality-roids.net\/wp-content\/uploads\/2018\/08\/sustanon-250-genshi-250mgml-10ml-vial.jpg\",\"datePublished\":\"2018-08-31T16:24:32+00:00\",\"dateModified\":\"2025-12-18T22:58:30+00:00\",\"description\":\"Susta Testosteronmix von Genshi Labs. Originalprodukt! Jetzt zum Einf\u00fchrungspreis von \u20ac 18,- ! Viele Aktionen bei Marken wie Genshi und Pharmacom Labs.\",\"breadcrumb\":{\"@id\":\"https:\/\/quality-roids.net\/index.php\/produkt\/gen-shi-susta-1250-250-mg-ml\/#breadcrumb\"},\"inLanguage\":\"de\",\"potentialAction\":[{\"@type\":\"ReadAction\",\"target\":[\"https:\/\/quality-roids.net\/index.php\/produkt\/gen-shi-susta-1250-250-mg-ml\/\"]}]},{\"@type\":\"ImageObject\",\"inLanguage\":\"de\",\"@id\":\"https:\/\/quality-roids.net\/index.php\/produkt\/gen-shi-susta-1250-250-mg-ml\/#primaryimage\",\"url\":\"https:\/\/quality-roids.net\/wp-content\/uploads\/2018\/08\/sustanon-250-genshi-250mgml-10ml-vial.jpg\",\"contentUrl\":\"https:\/\/quality-roids.net\/wp-content\/uploads\/2018\/08\/sustanon-250-genshi-250mgml-10ml-vial.jpg\",\"width\":771,\"height\":900},{\"@type\":\"BreadcrumbList\",\"@id\":\"https:\/\/quality-roids.net\/index.php\/produkt\/gen-shi-susta-1250-250-mg-ml\/#breadcrumb\",\"itemListElement\":[{\"@type\":\"ListItem\",\"position\":1,\"name\":\"Startseite\",\"item\":\"https:\/\/quality-roids.net\/\"},{\"@type\":\"ListItem\",\"position\":2,\"name\":\"Shop\",\"item\":\"https:\/\/quality-roids.net\/index.php\/shop\/\"},{\"@type\":\"ListItem\",\"position\":3,\"name\":\"Gen-Shi Susta 1250 (250 mg \/ ml)\"}]},{\"@type\":\"WebSite\",\"@id\":\"https:\/\/quality-roids.net\/#website\",\"url\":\"https:\/\/quality-roids.net\/\",\"name\":\"Qualitative Steroide online kaufen\",\"description\":\"Pharmacom- und Genshi Produkte, Testosteron, Tren, Drosta und mehr\",\"publisher\":{\"@id\":\"https:\/\/quality-roids.net\/#organization\"},\"potentialAction\":[{\"@type\":\"SearchAction\",\"target\":{\"@type\":\"EntryPoint\",\"urlTemplate\":\"https:\/\/quality-roids.net\/?s={search_term_string}\"},\"query-input\":{\"@type\":\"PropertyValueSpecification\",\"valueRequired\":true,\"valueName\":\"search_term_string\"}}],\"inLanguage\":\"de\"},{\"@type\":\"Organization\",\"@id\":\"https:\/\/quality-roids.net\/#organization\",\"name\":\"quality-roids.com\",\"url\":\"https:\/\/quality-roids.net\/\",\"logo\":{\"@type\":\"ImageObject\",\"inLanguage\":\"de\",\"@id\":\"https:\/\/quality-roids.net\/#\/schema\/logo\/image\/\",\"url\":\"https:\/\/quality-roids.net\/wp-content\/uploads\/2019\/10\/quality-roids-net-pharmacom.png\",\"contentUrl\":\"https:\/\/quality-roids.net\/wp-content\/uploads\/2019\/10\/quality-roids-net-pharmacom.png\",\"width\":1100,\"height\":230,\"caption\":\"quality-roids.com\"},\"image\":{\"@id\":\"https:\/\/quality-roids.net\/#\/schema\/logo\/image\/\"},\"sameAs\":[\"https:\/\/pin.it\/ddci6thl3ka5es\"]}]}<\/script>\n<!-- \/ Yoast SEO plugin. -->","yoast_head_json":{"title":"Gen-Shi Susta 1250 (250 mg \/ ml) &#8211; Qualitative Steroide online kaufen","description":"Susta Testosteronmix von Genshi Labs. Originalprodukt! Jetzt zum Einf\u00fchrungspreis von \u20ac 18,- ! Viele Aktionen bei Marken wie Genshi und Pharmacom Labs.","robots":{"index":"index","follow":"follow","max-snippet":"max-snippet:-1","max-image-preview":"max-image-preview:large","max-video-preview":"max-video-preview:-1"},"canonical":"https:\/\/quality-roids.net\/index.php\/produkt\/gen-shi-susta-1250-250-mg-ml\/","og_locale":"de_DE","og_type":"article","og_title":"Gen-Shi Susta 1250 (250 mg \/ ml) &#8211; Qualitative Steroide online kaufen","og_description":"Susta Testosteronmix von Genshi Labs. Originalprodukt! Jetzt zum Einf\u00fchrungspreis von \u20ac 18,- ! Viele Aktionen bei Marken wie Genshi und Pharmacom Labs.","og_url":"https:\/\/quality-roids.net\/index.php\/produkt\/gen-shi-susta-1250-250-mg-ml\/","og_site_name":"Qualitative Steroide online kaufen","article_modified_time":"2025-12-18T22:58:30+00:00","og_image":[{"width":771,"height":900,"url":"https:\/\/quality-roids.net\/wp-content\/uploads\/2018\/08\/sustanon-250-genshi-250mgml-10ml-vial.jpg","type":"image\/jpeg"}],"twitter_card":"summary_large_image","twitter_misc":{"Gesch\u00e4tzte Lesezeit":"1\u00a0Minute"},"schema":{"@context":"https:\/\/schema.org","@graph":[{"@type":"WebPage","@id":"https:\/\/quality-roids.net\/index.php\/produkt\/gen-shi-susta-1250-250-mg-ml\/","url":"https:\/\/quality-roids.net\/index.php\/produkt\/gen-shi-susta-1250-250-mg-ml\/","name":"Gen-Shi Susta 1250 (250 mg \/ ml) &#8211; Qualitative Steroide online kaufen","isPartOf":{"@id":"https:\/\/quality-roids.net\/#website"},"primaryImageOfPage":{"@id":"https:\/\/quality-roids.net\/index.php\/produkt\/gen-shi-susta-1250-250-mg-ml\/#primaryimage"},"image":{"@id":"https:\/\/quality-roids.net\/index.php\/produkt\/gen-shi-susta-1250-250-mg-ml\/#primaryimage"},"thumbnailUrl":"https:\/\/quality-roids.net\/wp-content\/uploads\/2018\/08\/sustanon-250-genshi-250mgml-10ml-vial.jpg","datePublished":"2018-08-31T16:24:32+00:00","dateModified":"2025-12-18T22:58:30+00:00","description":"Susta Testosteronmix von Genshi Labs. Originalprodukt! Jetzt zum Einf\u00fchrungspreis von \u20ac 18,- ! Viele Aktionen bei Marken wie Genshi und Pharmacom Labs.","breadcrumb":{"@id":"https:\/\/quality-roids.net\/index.php\/produkt\/gen-shi-susta-1250-250-mg-ml\/#breadcrumb"},"inLanguage":"de","potentialAction":[{"@type":"ReadAction","target":["https:\/\/quality-roids.net\/index.php\/produkt\/gen-shi-susta-1250-250-mg-ml\/"]}]},{"@type":"ImageObject","inLanguage":"de","@id":"https:\/\/quality-roids.net\/index.php\/produkt\/gen-shi-susta-1250-250-mg-ml\/#primaryimage","url":"https:\/\/quality-roids.net\/wp-content\/uploads\/2018\/08\/sustanon-250-genshi-250mgml-10ml-vial.jpg","contentUrl":"https:\/\/quality-roids.net\/wp-content\/uploads\/2018\/08\/sustanon-250-genshi-250mgml-10ml-vial.jpg","width":771,"height":900},{"@type":"BreadcrumbList","@id":"https:\/\/quality-roids.net\/index.php\/produkt\/gen-shi-susta-1250-250-mg-ml\/#breadcrumb","itemListElement":[{"@type":"ListItem","position":1,"name":"Startseite","item":"https:\/\/quality-roids.net\/"},{"@type":"ListItem","position":2,"name":"Shop","item":"https:\/\/quality-roids.net\/index.php\/shop\/"},{"@type":"ListItem","position":3,"name":"Gen-Shi Susta 1250 (250 mg \/ ml)"}]},{"@type":"WebSite","@id":"https:\/\/quality-roids.net\/#website","url":"https:\/\/quality-roids.net\/","name":"Qualitative Steroide online kaufen","description":"Pharmacom- und Genshi Produkte, Testosteron, Tren, Drosta und mehr","publisher":{"@id":"https:\/\/quality-roids.net\/#organization"},"potentialAction":[{"@type":"SearchAction","target":{"@type":"EntryPoint","urlTemplate":"https:\/\/quality-roids.net\/?s={search_term_string}"},"query-input":{"@type":"PropertyValueSpecification","valueRequired":true,"valueName":"search_term_string"}}],"inLanguage":"de"},{"@type":"Organization","@id":"https:\/\/quality-roids.net\/#organization","name":"quality-roids.com","url":"https:\/\/quality-roids.net\/","logo":{"@type":"ImageObject","inLanguage":"de","@id":"https:\/\/quality-roids.net\/#\/schema\/logo\/image\/","url":"https:\/\/quality-roids.net\/wp-content\/uploads\/2019\/10\/quality-roids-net-pharmacom.png","contentUrl":"https:\/\/quality-roids.net\/wp-content\/uploads\/2019\/10\/quality-roids-net-pharmacom.png","width":1100,"height":230,"caption":"quality-roids.com"},"image":{"@id":"https:\/\/quality-roids.net\/#\/schema\/logo\/image\/"},"sameAs":["https:\/\/pin.it\/ddci6thl3ka5es"]}]}},"_links":{"self":[{"href":"https:\/\/quality-roids.net\/index.php\/wp-json\/wp\/v2\/product\/36","targetHints":{"allow":["GET"]}}],"collection":[{"href":"https:\/\/quality-roids.net\/index.php\/wp-json\/wp\/v2\/product"}],"about":[{"href":"https:\/\/quality-roids.net\/index.php\/wp-json\/wp\/v2\/types\/product"}],"replies":[{"embeddable":true,"href":"https:\/\/quality-roids.net\/index.php\/wp-json\/wp\/v2\/comments?post=36"}],"wp:featuredmedia":[{"embeddable":true,"href":"https:\/\/quality-roids.net\/index.php\/wp-json\/wp\/v2\/media\/37"}],"wp:attachment":[{"href":"https:\/\/quality-roids.net\/index.php\/wp-json\/wp\/v2\/media?parent=36"}],"wp:term":[{"taxonomy":"product_brand","embeddable":true,"href":"https:\/\/quality-roids.net\/index.php\/wp-json\/wp\/v2\/product_brand?post=36"},{"taxonomy":"product_cat","embeddable":true,"href":"https:\/\/quality-roids.net\/index.php\/wp-json\/wp\/v2\/product_cat?post=36"},{"taxonomy":"product_tag","embeddable":true,"href":"https:\/\/quality-roids.net\/index.php\/wp-json\/wp\/v2\/product_tag?post=36"}],"curies":[{"name":"wp","href":"https:\/\/api.w.org\/{rel}","templated":true}]}}