{"id":34,"date":"2018-08-31T16:03:54","date_gmt":"2018-08-31T16:03:54","guid":{"rendered":"http:\/\/quality-roids.com\/?post_type=product&#038;p=34"},"modified":"2025-12-18T22:59:32","modified_gmt":"2025-12-18T22:59:32","slug":"susta-testosterone-mix-250-mg-ml","status":"publish","type":"product","link":"https:\/\/quality-roids.net\/index.php\/produkt\/susta-testosterone-mix-250-mg-ml\/","title":{"rendered":"SUSTA Testosterone Mix 250 mg\/ml"},"content":{"rendered":"<p>SUSTA Testosterone Mix 250 mg\/ml<br \/>\nPaketform:<br \/>\n2ml vial = 500 mg \/ 2ml<\/p>\n<p>500 mg Gen-Shi Susta inhalt:<br \/>\n60mgs Testosterone Acetate<br \/>\n120mgs Testosterone Propionate<br \/>\n120mgs Testosterone Isocaproate<br \/>\n200mgs Testosterone Cypionate<\/p>\n<p>F\u00fcr ein injizierbares Testosteron gilt Sustanon als relativ Wasser ziehend. Konsumenten berichten relativ h\u00e4ufig von postinjektions Schmerzen. Bei einer Dosierung ab 750mg sollte man auf ein Anti\u00f6strogen wie z.B. Nolvadex oder Aromatasehemmer wie Arimidex nicht verzichten. Einige Bodybuilder verwenden auch einen nat\u00fcrlichen Aromatasehemmer wie z.B. Zink in relativ hoher Dosierung (75 \u2013 100mg pro Tag). Da Sustanon die endogene Testosteronproduktion stark beeintr\u00e4chtigt, ist zum Ende der Kur das Absetzen mit Clomiphen dringend anzuraten.<\/p>\n","protected":false},"excerpt":{"rendered":"<p>SUSTA Testosterone Mix 250 mg\/ml Paketform: 2ml vial = 500 mg \/ 2ml 500 mg Gen-Shi Susta inhalt: 60mgs Testosterone Acetate 120mgs Testosterone Propionate 120mgs Testosterone Isocaproate 200mgs Testosterone Cypionate F\u00fcr ein injizierbares Testosteron gilt Sustanon als relativ Wasser ziehend. Konsumenten berichten relativ h\u00e4ufig von postinjektions Schmerzen. Bei einer Dosierung ab 750mg sollte man auf <a class=\"read-more\" href=\"https:\/\/quality-roids.net\/index.php\/produkt\/susta-testosterone-mix-250-mg-ml\/\">Read More<\/a><\/p>\n","protected":false},"featured_media":35,"comment_status":"open","ping_status":"closed","template":"","meta":[],"product_brand":[],"product_cat":[17,22],"product_tag":[24,26],"class_list":{"0":"post-34","1":"product","2":"type-product","3":"status-publish","4":"has-post-thumbnail","6":"product_cat-injekt","7":"product_cat-genshi","8":"product_tag-genshi","9":"product_tag-susta","11":"first","12":"instock","13":"shipping-taxable","14":"purchasable","15":"product-type-simple"},"yoast_head":"<!-- This site is optimized with the Yoast SEO plugin v25.0 - https:\/\/yoast.com\/wordpress\/plugins\/seo\/ -->\n<title>SUSTA Testosterone Mix 250 mg\/ml &#8211; Qualitative Steroide online kaufen<\/title>\n<meta name=\"description\" content=\"Sustanon enth\u00e4lt in der Regel auf 250mg\/ml pro Milliliter 30 mg kurzwirksames Testosteron Propionat, 60 mg Testosteron Phenylpropionat, 60 mg Testostero....\" \/>\n<meta name=\"robots\" content=\"index, follow, max-snippet:-1, max-image-preview:large, max-video-preview:-1\" \/>\n<link rel=\"canonical\" href=\"https:\/\/quality-roids.net\/index.php\/produkt\/susta-testosterone-mix-250-mg-ml\/\" \/>\n<meta property=\"og:locale\" content=\"de_DE\" \/>\n<meta property=\"og:type\" content=\"article\" \/>\n<meta property=\"og:title\" content=\"SUSTA Testosterone Mix 250 mg\/ml &#8211; Qualitative Steroide online kaufen\" \/>\n<meta property=\"og:description\" content=\"Sustanon enth\u00e4lt in der Regel auf 250mg\/ml pro Milliliter 30 mg kurzwirksames Testosteron Propionat, 60 mg Testosteron Phenylpropionat, 60 mg Testostero....\" \/>\n<meta property=\"og:url\" content=\"https:\/\/quality-roids.net\/index.php\/produkt\/susta-testosterone-mix-250-mg-ml\/\" \/>\n<meta property=\"og:site_name\" content=\"Qualitative Steroide online kaufen\" \/>\n<meta property=\"article:modified_time\" content=\"2025-12-18T22:59:32+00:00\" \/>\n<meta property=\"og:image\" content=\"https:\/\/quality-roids.net\/wp-content\/uploads\/2018\/08\/sustanon-250-genshi-250mgml-10ml-vial2.jpg\" \/>\n\t<meta property=\"og:image:width\" content=\"480\" \/>\n\t<meta property=\"og:image:height\" content=\"480\" \/>\n\t<meta property=\"og:image:type\" content=\"image\/jpeg\" \/>\n<meta name=\"twitter:card\" content=\"summary_large_image\" \/>\n<meta name=\"twitter:label1\" content=\"Gesch\u00e4tzte Lesezeit\" \/>\n\t<meta name=\"twitter:data1\" content=\"1\u00a0Minute\" \/>\n<script type=\"application\/ld+json\" class=\"yoast-schema-graph\">{\"@context\":\"https:\/\/schema.org\",\"@graph\":[{\"@type\":\"WebPage\",\"@id\":\"https:\/\/quality-roids.net\/index.php\/produkt\/susta-testosterone-mix-250-mg-ml\/\",\"url\":\"https:\/\/quality-roids.net\/index.php\/produkt\/susta-testosterone-mix-250-mg-ml\/\",\"name\":\"SUSTA Testosterone Mix 250 mg\/ml &#8211; Qualitative Steroide online kaufen\",\"isPartOf\":{\"@id\":\"https:\/\/quality-roids.net\/#website\"},\"primaryImageOfPage\":{\"@id\":\"https:\/\/quality-roids.net\/index.php\/produkt\/susta-testosterone-mix-250-mg-ml\/#primaryimage\"},\"image\":{\"@id\":\"https:\/\/quality-roids.net\/index.php\/produkt\/susta-testosterone-mix-250-mg-ml\/#primaryimage\"},\"thumbnailUrl\":\"https:\/\/quality-roids.net\/wp-content\/uploads\/2018\/08\/sustanon-250-genshi-250mgml-10ml-vial2.jpg\",\"datePublished\":\"2018-08-31T16:03:54+00:00\",\"dateModified\":\"2025-12-18T22:59:32+00:00\",\"description\":\"Sustanon enth\u00e4lt in der Regel auf 250mg\/ml pro Milliliter 30 mg kurzwirksames Testosteron Propionat, 60 mg Testosteron Phenylpropionat, 60 mg Testostero....\",\"breadcrumb\":{\"@id\":\"https:\/\/quality-roids.net\/index.php\/produkt\/susta-testosterone-mix-250-mg-ml\/#breadcrumb\"},\"inLanguage\":\"de\",\"potentialAction\":[{\"@type\":\"ReadAction\",\"target\":[\"https:\/\/quality-roids.net\/index.php\/produkt\/susta-testosterone-mix-250-mg-ml\/\"]}]},{\"@type\":\"ImageObject\",\"inLanguage\":\"de\",\"@id\":\"https:\/\/quality-roids.net\/index.php\/produkt\/susta-testosterone-mix-250-mg-ml\/#primaryimage\",\"url\":\"https:\/\/quality-roids.net\/wp-content\/uploads\/2018\/08\/sustanon-250-genshi-250mgml-10ml-vial2.jpg\",\"contentUrl\":\"https:\/\/quality-roids.net\/wp-content\/uploads\/2018\/08\/sustanon-250-genshi-250mgml-10ml-vial2.jpg\",\"width\":480,\"height\":480},{\"@type\":\"BreadcrumbList\",\"@id\":\"https:\/\/quality-roids.net\/index.php\/produkt\/susta-testosterone-mix-250-mg-ml\/#breadcrumb\",\"itemListElement\":[{\"@type\":\"ListItem\",\"position\":1,\"name\":\"Startseite\",\"item\":\"https:\/\/quality-roids.net\/\"},{\"@type\":\"ListItem\",\"position\":2,\"name\":\"Shop\",\"item\":\"https:\/\/quality-roids.net\/index.php\/shop\/\"},{\"@type\":\"ListItem\",\"position\":3,\"name\":\"SUSTA Testosterone Mix 250 mg\/ml\"}]},{\"@type\":\"WebSite\",\"@id\":\"https:\/\/quality-roids.net\/#website\",\"url\":\"https:\/\/quality-roids.net\/\",\"name\":\"Qualitative Steroide online kaufen\",\"description\":\"Pharmacom- und Genshi Produkte, Testosteron, Tren, Drosta und mehr\",\"publisher\":{\"@id\":\"https:\/\/quality-roids.net\/#organization\"},\"potentialAction\":[{\"@type\":\"SearchAction\",\"target\":{\"@type\":\"EntryPoint\",\"urlTemplate\":\"https:\/\/quality-roids.net\/?s={search_term_string}\"},\"query-input\":{\"@type\":\"PropertyValueSpecification\",\"valueRequired\":true,\"valueName\":\"search_term_string\"}}],\"inLanguage\":\"de\"},{\"@type\":\"Organization\",\"@id\":\"https:\/\/quality-roids.net\/#organization\",\"name\":\"quality-roids.com\",\"url\":\"https:\/\/quality-roids.net\/\",\"logo\":{\"@type\":\"ImageObject\",\"inLanguage\":\"de\",\"@id\":\"https:\/\/quality-roids.net\/#\/schema\/logo\/image\/\",\"url\":\"https:\/\/quality-roids.net\/wp-content\/uploads\/2019\/10\/quality-roids-net-pharmacom.png\",\"contentUrl\":\"https:\/\/quality-roids.net\/wp-content\/uploads\/2019\/10\/quality-roids-net-pharmacom.png\",\"width\":1100,\"height\":230,\"caption\":\"quality-roids.com\"},\"image\":{\"@id\":\"https:\/\/quality-roids.net\/#\/schema\/logo\/image\/\"},\"sameAs\":[\"https:\/\/pin.it\/ddci6thl3ka5es\"]}]}<\/script>\n<!-- \/ Yoast SEO plugin. -->","yoast_head_json":{"title":"SUSTA Testosterone Mix 250 mg\/ml &#8211; Qualitative Steroide online kaufen","description":"Sustanon enth\u00e4lt in der Regel auf 250mg\/ml pro Milliliter 30 mg kurzwirksames Testosteron Propionat, 60 mg Testosteron Phenylpropionat, 60 mg Testostero....","robots":{"index":"index","follow":"follow","max-snippet":"max-snippet:-1","max-image-preview":"max-image-preview:large","max-video-preview":"max-video-preview:-1"},"canonical":"https:\/\/quality-roids.net\/index.php\/produkt\/susta-testosterone-mix-250-mg-ml\/","og_locale":"de_DE","og_type":"article","og_title":"SUSTA Testosterone Mix 250 mg\/ml &#8211; Qualitative Steroide online kaufen","og_description":"Sustanon enth\u00e4lt in der Regel auf 250mg\/ml pro Milliliter 30 mg kurzwirksames Testosteron Propionat, 60 mg Testosteron Phenylpropionat, 60 mg Testostero....","og_url":"https:\/\/quality-roids.net\/index.php\/produkt\/susta-testosterone-mix-250-mg-ml\/","og_site_name":"Qualitative Steroide online kaufen","article_modified_time":"2025-12-18T22:59:32+00:00","og_image":[{"width":480,"height":480,"url":"https:\/\/quality-roids.net\/wp-content\/uploads\/2018\/08\/sustanon-250-genshi-250mgml-10ml-vial2.jpg","type":"image\/jpeg"}],"twitter_card":"summary_large_image","twitter_misc":{"Gesch\u00e4tzte Lesezeit":"1\u00a0Minute"},"schema":{"@context":"https:\/\/schema.org","@graph":[{"@type":"WebPage","@id":"https:\/\/quality-roids.net\/index.php\/produkt\/susta-testosterone-mix-250-mg-ml\/","url":"https:\/\/quality-roids.net\/index.php\/produkt\/susta-testosterone-mix-250-mg-ml\/","name":"SUSTA Testosterone Mix 250 mg\/ml &#8211; Qualitative Steroide online kaufen","isPartOf":{"@id":"https:\/\/quality-roids.net\/#website"},"primaryImageOfPage":{"@id":"https:\/\/quality-roids.net\/index.php\/produkt\/susta-testosterone-mix-250-mg-ml\/#primaryimage"},"image":{"@id":"https:\/\/quality-roids.net\/index.php\/produkt\/susta-testosterone-mix-250-mg-ml\/#primaryimage"},"thumbnailUrl":"https:\/\/quality-roids.net\/wp-content\/uploads\/2018\/08\/sustanon-250-genshi-250mgml-10ml-vial2.jpg","datePublished":"2018-08-31T16:03:54+00:00","dateModified":"2025-12-18T22:59:32+00:00","description":"Sustanon enth\u00e4lt in der Regel auf 250mg\/ml pro Milliliter 30 mg kurzwirksames Testosteron Propionat, 60 mg Testosteron Phenylpropionat, 60 mg Testostero....","breadcrumb":{"@id":"https:\/\/quality-roids.net\/index.php\/produkt\/susta-testosterone-mix-250-mg-ml\/#breadcrumb"},"inLanguage":"de","potentialAction":[{"@type":"ReadAction","target":["https:\/\/quality-roids.net\/index.php\/produkt\/susta-testosterone-mix-250-mg-ml\/"]}]},{"@type":"ImageObject","inLanguage":"de","@id":"https:\/\/quality-roids.net\/index.php\/produkt\/susta-testosterone-mix-250-mg-ml\/#primaryimage","url":"https:\/\/quality-roids.net\/wp-content\/uploads\/2018\/08\/sustanon-250-genshi-250mgml-10ml-vial2.jpg","contentUrl":"https:\/\/quality-roids.net\/wp-content\/uploads\/2018\/08\/sustanon-250-genshi-250mgml-10ml-vial2.jpg","width":480,"height":480},{"@type":"BreadcrumbList","@id":"https:\/\/quality-roids.net\/index.php\/produkt\/susta-testosterone-mix-250-mg-ml\/#breadcrumb","itemListElement":[{"@type":"ListItem","position":1,"name":"Startseite","item":"https:\/\/quality-roids.net\/"},{"@type":"ListItem","position":2,"name":"Shop","item":"https:\/\/quality-roids.net\/index.php\/shop\/"},{"@type":"ListItem","position":3,"name":"SUSTA Testosterone Mix 250 mg\/ml"}]},{"@type":"WebSite","@id":"https:\/\/quality-roids.net\/#website","url":"https:\/\/quality-roids.net\/","name":"Qualitative Steroide online kaufen","description":"Pharmacom- und Genshi Produkte, Testosteron, Tren, Drosta und mehr","publisher":{"@id":"https:\/\/quality-roids.net\/#organization"},"potentialAction":[{"@type":"SearchAction","target":{"@type":"EntryPoint","urlTemplate":"https:\/\/quality-roids.net\/?s={search_term_string}"},"query-input":{"@type":"PropertyValueSpecification","valueRequired":true,"valueName":"search_term_string"}}],"inLanguage":"de"},{"@type":"Organization","@id":"https:\/\/quality-roids.net\/#organization","name":"quality-roids.com","url":"https:\/\/quality-roids.net\/","logo":{"@type":"ImageObject","inLanguage":"de","@id":"https:\/\/quality-roids.net\/#\/schema\/logo\/image\/","url":"https:\/\/quality-roids.net\/wp-content\/uploads\/2019\/10\/quality-roids-net-pharmacom.png","contentUrl":"https:\/\/quality-roids.net\/wp-content\/uploads\/2019\/10\/quality-roids-net-pharmacom.png","width":1100,"height":230,"caption":"quality-roids.com"},"image":{"@id":"https:\/\/quality-roids.net\/#\/schema\/logo\/image\/"},"sameAs":["https:\/\/pin.it\/ddci6thl3ka5es"]}]}},"_links":{"self":[{"href":"https:\/\/quality-roids.net\/index.php\/wp-json\/wp\/v2\/product\/34","targetHints":{"allow":["GET"]}}],"collection":[{"href":"https:\/\/quality-roids.net\/index.php\/wp-json\/wp\/v2\/product"}],"about":[{"href":"https:\/\/quality-roids.net\/index.php\/wp-json\/wp\/v2\/types\/product"}],"replies":[{"embeddable":true,"href":"https:\/\/quality-roids.net\/index.php\/wp-json\/wp\/v2\/comments?post=34"}],"wp:featuredmedia":[{"embeddable":true,"href":"https:\/\/quality-roids.net\/index.php\/wp-json\/wp\/v2\/media\/35"}],"wp:attachment":[{"href":"https:\/\/quality-roids.net\/index.php\/wp-json\/wp\/v2\/media?parent=34"}],"wp:term":[{"taxonomy":"product_brand","embeddable":true,"href":"https:\/\/quality-roids.net\/index.php\/wp-json\/wp\/v2\/product_brand?post=34"},{"taxonomy":"product_cat","embeddable":true,"href":"https:\/\/quality-roids.net\/index.php\/wp-json\/wp\/v2\/product_cat?post=34"},{"taxonomy":"product_tag","embeddable":true,"href":"https:\/\/quality-roids.net\/index.php\/wp-json\/wp\/v2\/product_tag?post=34"}],"curies":[{"name":"wp","href":"https:\/\/api.w.org\/{rel}","templated":true}]}}