{"id":30,"date":"2018-08-31T15:24:01","date_gmt":"2018-08-31T15:24:01","guid":{"rendered":"http:\/\/quality-roids.com\/?post_type=product&#038;p=30"},"modified":"2026-05-15T04:29:39","modified_gmt":"2026-05-15T04:29:39","slug":"boldenone-undecylenate-equipoise-100mg-1ml-5ml-500mg-vial","status":"publish","type":"product","link":"https:\/\/quality-roids.net\/index.php\/produkt\/boldenone-undecylenate-equipoise-100mg-1ml-5ml-500mg-vial\/","title":{"rendered":"Boldenone Undecylenate 100mg"},"content":{"rendered":"<h3>Boldenon Undecylenat<\/h3>\n<p>Paketform: 5ml Fl\u00e4schchen = 100 mg \/ ml\u00a0 10 Stk\/Packung<\/p>\n<p>Boldenon Undecylenat ist ein Veterin\u00e4r Steroid. Es besitzt einen stark aufbauenden Effekt und ist gem\u00e4\u00dfigt androgen. Equipose selbst stellt einen unver\u00e4nderlichen und gleichbleibenden Gewinn in der Masse und in der St\u00e4rke zur Verf\u00fcgung. Jedoch werden beste Resultate erzielt, wenn Equipose in Verbindung mit anderen Steroiden verwendet wird. F\u00fcr den Masseaufbau l\u00e4sst sich Equipose au\u00dfergew\u00f6hnlich gut mit Anadrol (Oxymetholon) oder einem injizierbaren Testosteron wie Sustanon 250 stacken. Equipose ist auch f\u00fcr die Wettbewerbvorbereitung in hohem Grade wirkungsvoll, da es sehr schlecht aromatisieren kann. Die H\u00e4rte und Dichte der Muskeln k\u00f6nnen verbessert werden, wenn Equipose mit Parabolan (Trenbolon Hexahydrobencylcarbonat), Halotestin (Fluoxymesteron) oder Winstrol (Stanozolol) stackt.<\/p>\n","protected":false},"excerpt":{"rendered":"<p>Paketform: 5ml Fl\u00e4schchen = 100 mg \/ ml\u00a0 10 Stk\/Packung<\/p>\n","protected":false},"featured_media":32,"comment_status":"open","ping_status":"closed","template":"","meta":[],"product_brand":[],"product_cat":[17,22],"product_tag":[25,24],"class_list":{"0":"post-30","1":"product","2":"type-product","3":"status-publish","4":"has-post-thumbnail","6":"product_cat-injekt","7":"product_cat-genshi","8":"product_tag-boldenone","9":"product_tag-genshi","11":"first","12":"instock","13":"sale","14":"shipping-taxable","15":"purchasable","16":"product-type-simple"},"yoast_head":"<!-- This site is optimized with the Yoast SEO plugin v25.0 - https:\/\/yoast.com\/wordpress\/plugins\/seo\/ -->\n<title>Boldenone Undecylenate 100mg &#8211; Qualitative Steroide online kaufen<\/title>\n<meta name=\"description\" content=\"Boldenone Undecylenate 100mg von Genshi Labs! Viele Produkte zu Einf\u00fchrungspreisen! Genshi Labs und Pharmacom Labs sind unsere Haupthersteller.\" \/>\n<meta name=\"robots\" content=\"index, follow, max-snippet:-1, max-image-preview:large, max-video-preview:-1\" \/>\n<link rel=\"canonical\" href=\"https:\/\/quality-roids.net\/index.php\/produkt\/boldenone-undecylenate-equipoise-100mg-1ml-5ml-500mg-vial\/\" \/>\n<meta property=\"og:locale\" content=\"de_DE\" \/>\n<meta property=\"og:type\" content=\"article\" \/>\n<meta property=\"og:title\" content=\"Boldenone Undecylenate 100mg &#8211; Qualitative Steroide online kaufen\" \/>\n<meta property=\"og:description\" content=\"Boldenone Undecylenate 100mg von Genshi Labs! Viele Produkte zu Einf\u00fchrungspreisen! Genshi Labs und Pharmacom Labs sind unsere Haupthersteller.\" \/>\n<meta property=\"og:url\" content=\"https:\/\/quality-roids.net\/index.php\/produkt\/boldenone-undecylenate-equipoise-100mg-1ml-5ml-500mg-vial\/\" \/>\n<meta property=\"og:site_name\" content=\"Qualitative Steroide online kaufen\" \/>\n<meta property=\"article:modified_time\" content=\"2026-05-15T04:29:39+00:00\" \/>\n<meta property=\"og:image\" content=\"https:\/\/quality-roids.net\/wp-content\/uploads\/2018\/08\/boldenone-undecylenate-equipoise-100-200mg-2ml-vial2.jpg\" \/>\n\t<meta property=\"og:image:width\" content=\"480\" \/>\n\t<meta property=\"og:image:height\" content=\"480\" \/>\n\t<meta property=\"og:image:type\" content=\"image\/jpeg\" \/>\n<meta name=\"twitter:card\" content=\"summary_large_image\" \/>\n<meta name=\"twitter:label1\" content=\"Gesch\u00e4tzte Lesezeit\" \/>\n\t<meta name=\"twitter:data1\" content=\"1\u00a0Minute\" \/>\n<script type=\"application\/ld+json\" class=\"yoast-schema-graph\">{\"@context\":\"https:\/\/schema.org\",\"@graph\":[{\"@type\":\"WebPage\",\"@id\":\"https:\/\/quality-roids.net\/index.php\/produkt\/boldenone-undecylenate-equipoise-100mg-1ml-5ml-500mg-vial\/\",\"url\":\"https:\/\/quality-roids.net\/index.php\/produkt\/boldenone-undecylenate-equipoise-100mg-1ml-5ml-500mg-vial\/\",\"name\":\"Boldenone Undecylenate 100mg &#8211; Qualitative Steroide online kaufen\",\"isPartOf\":{\"@id\":\"https:\/\/quality-roids.net\/#website\"},\"primaryImageOfPage\":{\"@id\":\"https:\/\/quality-roids.net\/index.php\/produkt\/boldenone-undecylenate-equipoise-100mg-1ml-5ml-500mg-vial\/#primaryimage\"},\"image\":{\"@id\":\"https:\/\/quality-roids.net\/index.php\/produkt\/boldenone-undecylenate-equipoise-100mg-1ml-5ml-500mg-vial\/#primaryimage\"},\"thumbnailUrl\":\"https:\/\/quality-roids.net\/wp-content\/uploads\/2018\/08\/boldenone-undecylenate-equipoise-100-200mg-2ml-vial2.jpg\",\"datePublished\":\"2018-08-31T15:24:01+00:00\",\"dateModified\":\"2026-05-15T04:29:39+00:00\",\"description\":\"Boldenone Undecylenate 100mg von Genshi Labs! Viele Produkte zu Einf\u00fchrungspreisen! Genshi Labs und Pharmacom Labs sind unsere Haupthersteller.\",\"breadcrumb\":{\"@id\":\"https:\/\/quality-roids.net\/index.php\/produkt\/boldenone-undecylenate-equipoise-100mg-1ml-5ml-500mg-vial\/#breadcrumb\"},\"inLanguage\":\"de\",\"potentialAction\":[{\"@type\":\"ReadAction\",\"target\":[\"https:\/\/quality-roids.net\/index.php\/produkt\/boldenone-undecylenate-equipoise-100mg-1ml-5ml-500mg-vial\/\"]}]},{\"@type\":\"ImageObject\",\"inLanguage\":\"de\",\"@id\":\"https:\/\/quality-roids.net\/index.php\/produkt\/boldenone-undecylenate-equipoise-100mg-1ml-5ml-500mg-vial\/#primaryimage\",\"url\":\"https:\/\/quality-roids.net\/wp-content\/uploads\/2018\/08\/boldenone-undecylenate-equipoise-100-200mg-2ml-vial2.jpg\",\"contentUrl\":\"https:\/\/quality-roids.net\/wp-content\/uploads\/2018\/08\/boldenone-undecylenate-equipoise-100-200mg-2ml-vial2.jpg\",\"width\":480,\"height\":480},{\"@type\":\"BreadcrumbList\",\"@id\":\"https:\/\/quality-roids.net\/index.php\/produkt\/boldenone-undecylenate-equipoise-100mg-1ml-5ml-500mg-vial\/#breadcrumb\",\"itemListElement\":[{\"@type\":\"ListItem\",\"position\":1,\"name\":\"Startseite\",\"item\":\"https:\/\/quality-roids.net\/\"},{\"@type\":\"ListItem\",\"position\":2,\"name\":\"Shop\",\"item\":\"https:\/\/quality-roids.net\/index.php\/shop\/\"},{\"@type\":\"ListItem\",\"position\":3,\"name\":\"Boldenone Undecylenate 100mg\"}]},{\"@type\":\"WebSite\",\"@id\":\"https:\/\/quality-roids.net\/#website\",\"url\":\"https:\/\/quality-roids.net\/\",\"name\":\"Qualitative Steroide online kaufen\",\"description\":\"Pharmacom- und Genshi Produkte, Testosteron, Tren, Drosta und mehr\",\"publisher\":{\"@id\":\"https:\/\/quality-roids.net\/#organization\"},\"potentialAction\":[{\"@type\":\"SearchAction\",\"target\":{\"@type\":\"EntryPoint\",\"urlTemplate\":\"https:\/\/quality-roids.net\/?s={search_term_string}\"},\"query-input\":{\"@type\":\"PropertyValueSpecification\",\"valueRequired\":true,\"valueName\":\"search_term_string\"}}],\"inLanguage\":\"de\"},{\"@type\":\"Organization\",\"@id\":\"https:\/\/quality-roids.net\/#organization\",\"name\":\"quality-roids.com\",\"url\":\"https:\/\/quality-roids.net\/\",\"logo\":{\"@type\":\"ImageObject\",\"inLanguage\":\"de\",\"@id\":\"https:\/\/quality-roids.net\/#\/schema\/logo\/image\/\",\"url\":\"https:\/\/quality-roids.net\/wp-content\/uploads\/2019\/10\/quality-roids-net-pharmacom.png\",\"contentUrl\":\"https:\/\/quality-roids.net\/wp-content\/uploads\/2019\/10\/quality-roids-net-pharmacom.png\",\"width\":1100,\"height\":230,\"caption\":\"quality-roids.com\"},\"image\":{\"@id\":\"https:\/\/quality-roids.net\/#\/schema\/logo\/image\/\"},\"sameAs\":[\"https:\/\/pin.it\/ddci6thl3ka5es\"]}]}<\/script>\n<!-- \/ Yoast SEO plugin. -->","yoast_head_json":{"title":"Boldenone Undecylenate 100mg &#8211; Qualitative Steroide online kaufen","description":"Boldenone Undecylenate 100mg von Genshi Labs! Viele Produkte zu Einf\u00fchrungspreisen! Genshi Labs und Pharmacom Labs sind unsere Haupthersteller.","robots":{"index":"index","follow":"follow","max-snippet":"max-snippet:-1","max-image-preview":"max-image-preview:large","max-video-preview":"max-video-preview:-1"},"canonical":"https:\/\/quality-roids.net\/index.php\/produkt\/boldenone-undecylenate-equipoise-100mg-1ml-5ml-500mg-vial\/","og_locale":"de_DE","og_type":"article","og_title":"Boldenone Undecylenate 100mg &#8211; Qualitative Steroide online kaufen","og_description":"Boldenone Undecylenate 100mg von Genshi Labs! Viele Produkte zu Einf\u00fchrungspreisen! Genshi Labs und Pharmacom Labs sind unsere Haupthersteller.","og_url":"https:\/\/quality-roids.net\/index.php\/produkt\/boldenone-undecylenate-equipoise-100mg-1ml-5ml-500mg-vial\/","og_site_name":"Qualitative Steroide online kaufen","article_modified_time":"2026-05-15T04:29:39+00:00","og_image":[{"width":480,"height":480,"url":"https:\/\/quality-roids.net\/wp-content\/uploads\/2018\/08\/boldenone-undecylenate-equipoise-100-200mg-2ml-vial2.jpg","type":"image\/jpeg"}],"twitter_card":"summary_large_image","twitter_misc":{"Gesch\u00e4tzte Lesezeit":"1\u00a0Minute"},"schema":{"@context":"https:\/\/schema.org","@graph":[{"@type":"WebPage","@id":"https:\/\/quality-roids.net\/index.php\/produkt\/boldenone-undecylenate-equipoise-100mg-1ml-5ml-500mg-vial\/","url":"https:\/\/quality-roids.net\/index.php\/produkt\/boldenone-undecylenate-equipoise-100mg-1ml-5ml-500mg-vial\/","name":"Boldenone Undecylenate 100mg &#8211; Qualitative Steroide online kaufen","isPartOf":{"@id":"https:\/\/quality-roids.net\/#website"},"primaryImageOfPage":{"@id":"https:\/\/quality-roids.net\/index.php\/produkt\/boldenone-undecylenate-equipoise-100mg-1ml-5ml-500mg-vial\/#primaryimage"},"image":{"@id":"https:\/\/quality-roids.net\/index.php\/produkt\/boldenone-undecylenate-equipoise-100mg-1ml-5ml-500mg-vial\/#primaryimage"},"thumbnailUrl":"https:\/\/quality-roids.net\/wp-content\/uploads\/2018\/08\/boldenone-undecylenate-equipoise-100-200mg-2ml-vial2.jpg","datePublished":"2018-08-31T15:24:01+00:00","dateModified":"2026-05-15T04:29:39+00:00","description":"Boldenone Undecylenate 100mg von Genshi Labs! Viele Produkte zu Einf\u00fchrungspreisen! Genshi Labs und Pharmacom Labs sind unsere Haupthersteller.","breadcrumb":{"@id":"https:\/\/quality-roids.net\/index.php\/produkt\/boldenone-undecylenate-equipoise-100mg-1ml-5ml-500mg-vial\/#breadcrumb"},"inLanguage":"de","potentialAction":[{"@type":"ReadAction","target":["https:\/\/quality-roids.net\/index.php\/produkt\/boldenone-undecylenate-equipoise-100mg-1ml-5ml-500mg-vial\/"]}]},{"@type":"ImageObject","inLanguage":"de","@id":"https:\/\/quality-roids.net\/index.php\/produkt\/boldenone-undecylenate-equipoise-100mg-1ml-5ml-500mg-vial\/#primaryimage","url":"https:\/\/quality-roids.net\/wp-content\/uploads\/2018\/08\/boldenone-undecylenate-equipoise-100-200mg-2ml-vial2.jpg","contentUrl":"https:\/\/quality-roids.net\/wp-content\/uploads\/2018\/08\/boldenone-undecylenate-equipoise-100-200mg-2ml-vial2.jpg","width":480,"height":480},{"@type":"BreadcrumbList","@id":"https:\/\/quality-roids.net\/index.php\/produkt\/boldenone-undecylenate-equipoise-100mg-1ml-5ml-500mg-vial\/#breadcrumb","itemListElement":[{"@type":"ListItem","position":1,"name":"Startseite","item":"https:\/\/quality-roids.net\/"},{"@type":"ListItem","position":2,"name":"Shop","item":"https:\/\/quality-roids.net\/index.php\/shop\/"},{"@type":"ListItem","position":3,"name":"Boldenone Undecylenate 100mg"}]},{"@type":"WebSite","@id":"https:\/\/quality-roids.net\/#website","url":"https:\/\/quality-roids.net\/","name":"Qualitative Steroide online kaufen","description":"Pharmacom- und Genshi Produkte, Testosteron, Tren, Drosta und mehr","publisher":{"@id":"https:\/\/quality-roids.net\/#organization"},"potentialAction":[{"@type":"SearchAction","target":{"@type":"EntryPoint","urlTemplate":"https:\/\/quality-roids.net\/?s={search_term_string}"},"query-input":{"@type":"PropertyValueSpecification","valueRequired":true,"valueName":"search_term_string"}}],"inLanguage":"de"},{"@type":"Organization","@id":"https:\/\/quality-roids.net\/#organization","name":"quality-roids.com","url":"https:\/\/quality-roids.net\/","logo":{"@type":"ImageObject","inLanguage":"de","@id":"https:\/\/quality-roids.net\/#\/schema\/logo\/image\/","url":"https:\/\/quality-roids.net\/wp-content\/uploads\/2019\/10\/quality-roids-net-pharmacom.png","contentUrl":"https:\/\/quality-roids.net\/wp-content\/uploads\/2019\/10\/quality-roids-net-pharmacom.png","width":1100,"height":230,"caption":"quality-roids.com"},"image":{"@id":"https:\/\/quality-roids.net\/#\/schema\/logo\/image\/"},"sameAs":["https:\/\/pin.it\/ddci6thl3ka5es"]}]}},"_links":{"self":[{"href":"https:\/\/quality-roids.net\/index.php\/wp-json\/wp\/v2\/product\/30","targetHints":{"allow":["GET"]}}],"collection":[{"href":"https:\/\/quality-roids.net\/index.php\/wp-json\/wp\/v2\/product"}],"about":[{"href":"https:\/\/quality-roids.net\/index.php\/wp-json\/wp\/v2\/types\/product"}],"replies":[{"embeddable":true,"href":"https:\/\/quality-roids.net\/index.php\/wp-json\/wp\/v2\/comments?post=30"}],"wp:featuredmedia":[{"embeddable":true,"href":"https:\/\/quality-roids.net\/index.php\/wp-json\/wp\/v2\/media\/32"}],"wp:attachment":[{"href":"https:\/\/quality-roids.net\/index.php\/wp-json\/wp\/v2\/media?parent=30"}],"wp:term":[{"taxonomy":"product_brand","embeddable":true,"href":"https:\/\/quality-roids.net\/index.php\/wp-json\/wp\/v2\/product_brand?post=30"},{"taxonomy":"product_cat","embeddable":true,"href":"https:\/\/quality-roids.net\/index.php\/wp-json\/wp\/v2\/product_cat?post=30"},{"taxonomy":"product_tag","embeddable":true,"href":"https:\/\/quality-roids.net\/index.php\/wp-json\/wp\/v2\/product_tag?post=30"}],"curies":[{"name":"wp","href":"https:\/\/api.w.org\/{rel}","templated":true}]}}