{"id":216,"date":"2018-09-09T18:39:47","date_gmt":"2018-09-09T18:39:47","guid":{"rendered":"https:\/\/quality-roids.com\/?post_type=product&#038;p=216"},"modified":"2019-02-08T09:37:51","modified_gmt":"2019-02-08T09:37:51","slug":"dnp-24-dinitrophenol-100mg","status":"publish","type":"product","link":"https:\/\/quality-roids.net\/index.php\/produkt\/dnp-24-dinitrophenol-100mg\/","title":{"rendered":"DNP (2,4-Dinitrophenol) 100mg"},"content":{"rendered":"<h2>DNP (2,4-Dinitrophenol) 100mg<\/h2>\n<h3>Hersteller: Reliable pharma<\/h3>\n<h5><span id=\"result_box\" class=\"\" lang=\"de\"><span class=\"\">DNP (2,4-Dinitrophenol) ist eine Industriechemikalie mit verschiedenen Anwendungsarten, sie hat als Fettburner-Medikament eine stetige Popularit\u00e4t erlangt.<\/span> <span class=\"\">Mit einem erstaunlichen Anstieg der Stoffwechselrate um 50% kann es zu einem Gewichtsverlust von 10-12 Pfund in 8 Tagen nach der Anwendung beitragen.<\/span> <\/span><\/h5>\n<h5><span id=\"result_box\" class=\"\" lang=\"de\"><span class=\"\">Klassifiziert als &#8220;Entkoppler der oxidativen Phosphorylierung&#8221; medizinisch, ist es ziemlich gef\u00e4hrlich, da es kein negatives R\u00fcckkopplungssystem gibt, das mit \u00dcberdosierungen umgehen k\u00f6nnte.<\/span> <span class=\"\">Insbesondere gibt es keine obere Grenze f\u00fcr den Anstieg der K\u00f6rpertemperatur, der bei seiner Verwendung erreicht werden kann.<\/span><br \/>\n<\/span><\/h5>\n<p>&nbsp;<\/p>\n<h5><strong>Der Preis versteht sich pro 1 Stk. Kapsel<\/strong><\/h5>\n","protected":false},"excerpt":{"rendered":"<p>DNP (2,4-Dinitrophenol) 100mg Hersteller: Reliable pharma DNP (2,4-Dinitrophenol) ist eine Industriechemikalie mit verschiedenen Anwendungsarten, sie hat als Fettburner-Medikament eine stetige Popularit\u00e4t erlangt. Mit einem erstaunlichen Anstieg der Stoffwechselrate um 50% kann es zu einem Gewichtsverlust von 10-12 Pfund in 8 Tagen nach der Anwendung beitragen. Klassifiziert als &#8220;Entkoppler der oxidativen Phosphorylierung&#8221; medizinisch, ist es ziemlich <a class=\"read-more\" href=\"https:\/\/quality-roids.net\/index.php\/produkt\/dnp-24-dinitrophenol-100mg\/\">Read More<\/a><\/p>\n","protected":false},"featured_media":405,"comment_status":"closed","ping_status":"closed","template":"","meta":[],"product_brand":[],"product_cat":[18],"product_tag":[62,63,64,51],"class_list":{"0":"post-216","1":"product","2":"type-product","3":"status-publish","4":"has-post-thumbnail","6":"product_cat-orals","7":"product_tag-dnp","8":"product_tag-fatburner","9":"product_tag-fettverbrennung","10":"product_tag-oral","12":"first","13":"instock","14":"sale","15":"shipping-taxable","16":"purchasable","17":"product-type-simple"},"yoast_head":"<!-- This site is optimized with the Yoast SEO plugin v25.0 - https:\/\/yoast.com\/wordpress\/plugins\/seo\/ -->\n<title>DNP (2,4-Dinitrophenol) 100mg &#8211; Qualitative Steroide online kaufen<\/title>\n<meta name=\"description\" content=\"DNP (2,4-Dinitrophenol) online kaufen in unseren Online-Steroidshop. Top Qualit\u00e4t zu fairen Preisen! Aktionen finden laufend statt! Es lohnt sich f\u00fcr Sie!\" \/>\n<meta name=\"robots\" content=\"index, follow, max-snippet:-1, max-image-preview:large, max-video-preview:-1\" \/>\n<link rel=\"canonical\" href=\"https:\/\/quality-roids.net\/index.php\/produkt\/dnp-24-dinitrophenol-100mg\/\" \/>\n<meta property=\"og:locale\" content=\"de_DE\" \/>\n<meta property=\"og:type\" content=\"article\" \/>\n<meta property=\"og:title\" content=\"DNP (2,4-Dinitrophenol) 100mg &#8211; Qualitative Steroide online kaufen\" \/>\n<meta property=\"og:description\" content=\"DNP (2,4-Dinitrophenol) online kaufen in unseren Online-Steroidshop. Top Qualit\u00e4t zu fairen Preisen! Aktionen finden laufend statt! Es lohnt sich f\u00fcr Sie!\" \/>\n<meta property=\"og:url\" content=\"https:\/\/quality-roids.net\/index.php\/produkt\/dnp-24-dinitrophenol-100mg\/\" \/>\n<meta property=\"og:site_name\" content=\"Qualitative Steroide online kaufen\" \/>\n<meta property=\"article:modified_time\" content=\"2019-02-08T09:37:51+00:00\" \/>\n<meta property=\"og:image\" content=\"https:\/\/quality-roids.net\/wp-content\/uploads\/2018\/09\/2-2c4-dinitrophenol-capsules-500x500.jpg\" \/>\n\t<meta property=\"og:image:width\" content=\"500\" \/>\n\t<meta property=\"og:image:height\" content=\"375\" \/>\n\t<meta property=\"og:image:type\" content=\"image\/jpeg\" \/>\n<meta name=\"twitter:card\" content=\"summary_large_image\" \/>\n<script type=\"application\/ld+json\" class=\"yoast-schema-graph\">{\"@context\":\"https:\/\/schema.org\",\"@graph\":[{\"@type\":\"WebPage\",\"@id\":\"https:\/\/quality-roids.net\/index.php\/produkt\/dnp-24-dinitrophenol-100mg\/\",\"url\":\"https:\/\/quality-roids.net\/index.php\/produkt\/dnp-24-dinitrophenol-100mg\/\",\"name\":\"DNP (2,4-Dinitrophenol) 100mg &#8211; Qualitative Steroide online kaufen\",\"isPartOf\":{\"@id\":\"https:\/\/quality-roids.net\/#website\"},\"primaryImageOfPage\":{\"@id\":\"https:\/\/quality-roids.net\/index.php\/produkt\/dnp-24-dinitrophenol-100mg\/#primaryimage\"},\"image\":{\"@id\":\"https:\/\/quality-roids.net\/index.php\/produkt\/dnp-24-dinitrophenol-100mg\/#primaryimage\"},\"thumbnailUrl\":\"https:\/\/quality-roids.net\/wp-content\/uploads\/2018\/09\/2-2c4-dinitrophenol-capsules-500x500.jpg\",\"datePublished\":\"2018-09-09T18:39:47+00:00\",\"dateModified\":\"2019-02-08T09:37:51+00:00\",\"description\":\"DNP (2,4-Dinitrophenol) online kaufen in unseren Online-Steroidshop. Top Qualit\u00e4t zu fairen Preisen! Aktionen finden laufend statt! Es lohnt sich f\u00fcr Sie!\",\"breadcrumb\":{\"@id\":\"https:\/\/quality-roids.net\/index.php\/produkt\/dnp-24-dinitrophenol-100mg\/#breadcrumb\"},\"inLanguage\":\"de\",\"potentialAction\":[{\"@type\":\"ReadAction\",\"target\":[\"https:\/\/quality-roids.net\/index.php\/produkt\/dnp-24-dinitrophenol-100mg\/\"]}]},{\"@type\":\"ImageObject\",\"inLanguage\":\"de\",\"@id\":\"https:\/\/quality-roids.net\/index.php\/produkt\/dnp-24-dinitrophenol-100mg\/#primaryimage\",\"url\":\"https:\/\/quality-roids.net\/wp-content\/uploads\/2018\/09\/2-2c4-dinitrophenol-capsules-500x500.jpg\",\"contentUrl\":\"https:\/\/quality-roids.net\/wp-content\/uploads\/2018\/09\/2-2c4-dinitrophenol-capsules-500x500.jpg\",\"width\":500,\"height\":375},{\"@type\":\"BreadcrumbList\",\"@id\":\"https:\/\/quality-roids.net\/index.php\/produkt\/dnp-24-dinitrophenol-100mg\/#breadcrumb\",\"itemListElement\":[{\"@type\":\"ListItem\",\"position\":1,\"name\":\"Startseite\",\"item\":\"https:\/\/quality-roids.net\/\"},{\"@type\":\"ListItem\",\"position\":2,\"name\":\"Shop\",\"item\":\"https:\/\/quality-roids.net\/index.php\/shop\/\"},{\"@type\":\"ListItem\",\"position\":3,\"name\":\"DNP (2,4-Dinitrophenol) 100mg\"}]},{\"@type\":\"WebSite\",\"@id\":\"https:\/\/quality-roids.net\/#website\",\"url\":\"https:\/\/quality-roids.net\/\",\"name\":\"Qualitative Steroide online kaufen\",\"description\":\"Pharmacom- und Genshi Produkte, Testosteron, Tren, Drosta und mehr\",\"publisher\":{\"@id\":\"https:\/\/quality-roids.net\/#organization\"},\"potentialAction\":[{\"@type\":\"SearchAction\",\"target\":{\"@type\":\"EntryPoint\",\"urlTemplate\":\"https:\/\/quality-roids.net\/?s={search_term_string}\"},\"query-input\":{\"@type\":\"PropertyValueSpecification\",\"valueRequired\":true,\"valueName\":\"search_term_string\"}}],\"inLanguage\":\"de\"},{\"@type\":\"Organization\",\"@id\":\"https:\/\/quality-roids.net\/#organization\",\"name\":\"quality-roids.com\",\"url\":\"https:\/\/quality-roids.net\/\",\"logo\":{\"@type\":\"ImageObject\",\"inLanguage\":\"de\",\"@id\":\"https:\/\/quality-roids.net\/#\/schema\/logo\/image\/\",\"url\":\"https:\/\/quality-roids.net\/wp-content\/uploads\/2019\/10\/quality-roids-net-pharmacom.png\",\"contentUrl\":\"https:\/\/quality-roids.net\/wp-content\/uploads\/2019\/10\/quality-roids-net-pharmacom.png\",\"width\":1100,\"height\":230,\"caption\":\"quality-roids.com\"},\"image\":{\"@id\":\"https:\/\/quality-roids.net\/#\/schema\/logo\/image\/\"},\"sameAs\":[\"https:\/\/pin.it\/ddci6thl3ka5es\"]}]}<\/script>\n<!-- \/ Yoast SEO plugin. -->","yoast_head_json":{"title":"DNP (2,4-Dinitrophenol) 100mg &#8211; Qualitative Steroide online kaufen","description":"DNP (2,4-Dinitrophenol) online kaufen in unseren Online-Steroidshop. Top Qualit\u00e4t zu fairen Preisen! Aktionen finden laufend statt! Es lohnt sich f\u00fcr Sie!","robots":{"index":"index","follow":"follow","max-snippet":"max-snippet:-1","max-image-preview":"max-image-preview:large","max-video-preview":"max-video-preview:-1"},"canonical":"https:\/\/quality-roids.net\/index.php\/produkt\/dnp-24-dinitrophenol-100mg\/","og_locale":"de_DE","og_type":"article","og_title":"DNP (2,4-Dinitrophenol) 100mg &#8211; Qualitative Steroide online kaufen","og_description":"DNP (2,4-Dinitrophenol) online kaufen in unseren Online-Steroidshop. Top Qualit\u00e4t zu fairen Preisen! Aktionen finden laufend statt! Es lohnt sich f\u00fcr Sie!","og_url":"https:\/\/quality-roids.net\/index.php\/produkt\/dnp-24-dinitrophenol-100mg\/","og_site_name":"Qualitative Steroide online kaufen","article_modified_time":"2019-02-08T09:37:51+00:00","og_image":[{"width":500,"height":375,"url":"https:\/\/quality-roids.net\/wp-content\/uploads\/2018\/09\/2-2c4-dinitrophenol-capsules-500x500.jpg","type":"image\/jpeg"}],"twitter_card":"summary_large_image","schema":{"@context":"https:\/\/schema.org","@graph":[{"@type":"WebPage","@id":"https:\/\/quality-roids.net\/index.php\/produkt\/dnp-24-dinitrophenol-100mg\/","url":"https:\/\/quality-roids.net\/index.php\/produkt\/dnp-24-dinitrophenol-100mg\/","name":"DNP (2,4-Dinitrophenol) 100mg &#8211; Qualitative Steroide online kaufen","isPartOf":{"@id":"https:\/\/quality-roids.net\/#website"},"primaryImageOfPage":{"@id":"https:\/\/quality-roids.net\/index.php\/produkt\/dnp-24-dinitrophenol-100mg\/#primaryimage"},"image":{"@id":"https:\/\/quality-roids.net\/index.php\/produkt\/dnp-24-dinitrophenol-100mg\/#primaryimage"},"thumbnailUrl":"https:\/\/quality-roids.net\/wp-content\/uploads\/2018\/09\/2-2c4-dinitrophenol-capsules-500x500.jpg","datePublished":"2018-09-09T18:39:47+00:00","dateModified":"2019-02-08T09:37:51+00:00","description":"DNP (2,4-Dinitrophenol) online kaufen in unseren Online-Steroidshop. Top Qualit\u00e4t zu fairen Preisen! Aktionen finden laufend statt! Es lohnt sich f\u00fcr Sie!","breadcrumb":{"@id":"https:\/\/quality-roids.net\/index.php\/produkt\/dnp-24-dinitrophenol-100mg\/#breadcrumb"},"inLanguage":"de","potentialAction":[{"@type":"ReadAction","target":["https:\/\/quality-roids.net\/index.php\/produkt\/dnp-24-dinitrophenol-100mg\/"]}]},{"@type":"ImageObject","inLanguage":"de","@id":"https:\/\/quality-roids.net\/index.php\/produkt\/dnp-24-dinitrophenol-100mg\/#primaryimage","url":"https:\/\/quality-roids.net\/wp-content\/uploads\/2018\/09\/2-2c4-dinitrophenol-capsules-500x500.jpg","contentUrl":"https:\/\/quality-roids.net\/wp-content\/uploads\/2018\/09\/2-2c4-dinitrophenol-capsules-500x500.jpg","width":500,"height":375},{"@type":"BreadcrumbList","@id":"https:\/\/quality-roids.net\/index.php\/produkt\/dnp-24-dinitrophenol-100mg\/#breadcrumb","itemListElement":[{"@type":"ListItem","position":1,"name":"Startseite","item":"https:\/\/quality-roids.net\/"},{"@type":"ListItem","position":2,"name":"Shop","item":"https:\/\/quality-roids.net\/index.php\/shop\/"},{"@type":"ListItem","position":3,"name":"DNP (2,4-Dinitrophenol) 100mg"}]},{"@type":"WebSite","@id":"https:\/\/quality-roids.net\/#website","url":"https:\/\/quality-roids.net\/","name":"Qualitative Steroide online kaufen","description":"Pharmacom- und Genshi Produkte, Testosteron, Tren, Drosta und mehr","publisher":{"@id":"https:\/\/quality-roids.net\/#organization"},"potentialAction":[{"@type":"SearchAction","target":{"@type":"EntryPoint","urlTemplate":"https:\/\/quality-roids.net\/?s={search_term_string}"},"query-input":{"@type":"PropertyValueSpecification","valueRequired":true,"valueName":"search_term_string"}}],"inLanguage":"de"},{"@type":"Organization","@id":"https:\/\/quality-roids.net\/#organization","name":"quality-roids.com","url":"https:\/\/quality-roids.net\/","logo":{"@type":"ImageObject","inLanguage":"de","@id":"https:\/\/quality-roids.net\/#\/schema\/logo\/image\/","url":"https:\/\/quality-roids.net\/wp-content\/uploads\/2019\/10\/quality-roids-net-pharmacom.png","contentUrl":"https:\/\/quality-roids.net\/wp-content\/uploads\/2019\/10\/quality-roids-net-pharmacom.png","width":1100,"height":230,"caption":"quality-roids.com"},"image":{"@id":"https:\/\/quality-roids.net\/#\/schema\/logo\/image\/"},"sameAs":["https:\/\/pin.it\/ddci6thl3ka5es"]}]}},"_links":{"self":[{"href":"https:\/\/quality-roids.net\/index.php\/wp-json\/wp\/v2\/product\/216","targetHints":{"allow":["GET"]}}],"collection":[{"href":"https:\/\/quality-roids.net\/index.php\/wp-json\/wp\/v2\/product"}],"about":[{"href":"https:\/\/quality-roids.net\/index.php\/wp-json\/wp\/v2\/types\/product"}],"replies":[{"embeddable":true,"href":"https:\/\/quality-roids.net\/index.php\/wp-json\/wp\/v2\/comments?post=216"}],"wp:featuredmedia":[{"embeddable":true,"href":"https:\/\/quality-roids.net\/index.php\/wp-json\/wp\/v2\/media\/405"}],"wp:attachment":[{"href":"https:\/\/quality-roids.net\/index.php\/wp-json\/wp\/v2\/media?parent=216"}],"wp:term":[{"taxonomy":"product_brand","embeddable":true,"href":"https:\/\/quality-roids.net\/index.php\/wp-json\/wp\/v2\/product_brand?post=216"},{"taxonomy":"product_cat","embeddable":true,"href":"https:\/\/quality-roids.net\/index.php\/wp-json\/wp\/v2\/product_cat?post=216"},{"taxonomy":"product_tag","embeddable":true,"href":"https:\/\/quality-roids.net\/index.php\/wp-json\/wp\/v2\/product_tag?post=216"}],"curies":[{"name":"wp","href":"https:\/\/api.w.org\/{rel}","templated":true}]}}