{"id":185,"date":"2018-09-04T21:32:35","date_gmt":"2018-09-04T21:32:35","guid":{"rendered":"https:\/\/quality-roids.com\/?post_type=product&#038;p=185"},"modified":"2018-09-04T21:32:35","modified_gmt":"2018-09-04T21:32:35","slug":"stanos-stanozolol-10-mg","status":"publish","type":"product","link":"https:\/\/quality-roids.net\/index.php\/produkt\/stanos-stanozolol-10-mg\/","title":{"rendered":"STANOS Stanozolol 10 mg"},"content":{"rendered":"<h2 class=\"entry-title\">STANOS Stanozolol 10 mg<\/h2>\n<p>Winstrol<\/p>\n<p>100 Tabletten\/Box<\/p>\n<p><span id=\"result_box\" class=\"\" lang=\"de\"><span class=\"\">Stanozolol (auch bekannt als Winstrol) ist ein 17-alpha-alkyliertes Derivat von Dihydrotestosteron (DHT) mit geringen androgenen Eigenschaften, jedoch hoch anabol.<\/span><\/span><\/p>\n<p><span id=\"result_box\" class=\"\" lang=\"de\"><span title=\"The injectable version of stanozolol differs from other injectable anabolic steroids in being an aqueous suspension of fine particles of steroid, instead of being an oil solution of an esterified compound.\">Die injizierbare Version von Stanozolol unterscheidet sich von anderen injizierbaren anabolen Steroiden dadurch, dass sie eine w\u00e4ssrige Suspension von feinen Steroidpartikeln ist, anstatt eine \u00d6ll\u00f6sung einer veresterten Verbindung zu sein. <\/span><span title=\"For this reason, it has unusual pharmacokinetics which do not follow the classic half-life pattern.\">Aus diesem Grund hat es ungew\u00f6hnliche Pharmakokinetiken, die nicht dem klassischen Halbwertszeitmuster folgen. <\/span><span title=\"Instead, there is a sustained effect which slowly tapers.\">Stattdessen gibt es einen anhaltenden Effekt, der sich langsam verj\u00fcngt. <\/span><span title=\"The duration of action is probably at least a week.\">Die Dauer der Aktion ist wahrscheinlich mindestens eine Woche. <\/span><span title=\"Individual particles of stanozolol may remain at the injection site for extended periods of time.\">Einzelne Stanozolol-Partikel k\u00f6nnen f\u00fcr l\u00e4ngere Zeit an der Injektionsstelle verbleiben. <\/span><span title=\"However, Pharmacom Labs managed to create an oil-based version of stanozolol, which can be mixed with all other oil and has no flaws of the suspension.\">Pharmacom Labs ist es jedoch gelungen, eine \u00f6lbasierte Version von Stanozolol herzustellen, die mit allen anderen \u00d6len gemischt werden kann und keine M\u00e4ngel der Suspension aufweist. <\/span><span title=\"All three forms are characterized by good bioavailability.\">Alle drei Formen zeichnen sich durch eine gute Bioverf\u00fcgbarkeit aus.<\/span><\/span><\/p>\n","protected":false},"excerpt":{"rendered":"<p class=\"entry-title\">STANOS Stanozolol 10 mg<\/p>\n","protected":false},"featured_media":186,"comment_status":"closed","ping_status":"closed","template":"","meta":[],"product_brand":[],"product_cat":[18,23],"product_tag":[51,38,35],"class_list":{"0":"post-185","1":"product","2":"type-product","3":"status-publish","4":"has-post-thumbnail","6":"product_cat-orals","7":"product_cat-pharmacom","8":"product_tag-oral","9":"product_tag-pharmacom","10":"product_tag-stanozolol","12":"first","13":"instock","14":"shipping-taxable","15":"purchasable","16":"product-type-simple"},"yoast_head":"<!-- This site is optimized with the Yoast SEO plugin v25.0 - https:\/\/yoast.com\/wordpress\/plugins\/seo\/ -->\n<title>STANOS Stanozolol 10 mg &#8211;Pharmacom Qualitative Steroide online kaufen<\/title>\n<meta name=\"description\" content=\"Stanozolol original vom Hersteller Pharmacom Labs. Schneller und sicherer Versand europaweit. Top Qualit\u00e4t zu fairen Preisen! Jetzt in Aktion!\" \/>\n<meta name=\"robots\" content=\"index, follow, max-snippet:-1, max-image-preview:large, max-video-preview:-1\" \/>\n<link rel=\"canonical\" href=\"https:\/\/quality-roids.net\/index.php\/produkt\/stanos-stanozolol-10-mg\/\" \/>\n<meta property=\"og:locale\" content=\"de_DE\" \/>\n<meta property=\"og:type\" content=\"article\" \/>\n<meta property=\"og:title\" content=\"STANOS Stanozolol 10 mg &#8211;Pharmacom Qualitative Steroide online kaufen\" \/>\n<meta property=\"og:description\" content=\"Stanozolol original vom Hersteller Pharmacom Labs. Schneller und sicherer Versand europaweit. Top Qualit\u00e4t zu fairen Preisen! Jetzt in Aktion!\" \/>\n<meta property=\"og:url\" content=\"https:\/\/quality-roids.net\/index.php\/produkt\/stanos-stanozolol-10-mg\/\" \/>\n<meta property=\"og:site_name\" content=\"Qualitative Steroide online kaufen\" \/>\n<meta property=\"og:image\" content=\"https:\/\/quality-roids.net\/wp-content\/uploads\/2018\/09\/Pharmacom-Stanos-10mg.png\" \/>\n\t<meta property=\"og:image:width\" content=\"1100\" \/>\n\t<meta property=\"og:image:height\" content=\"748\" \/>\n\t<meta property=\"og:image:type\" content=\"image\/png\" \/>\n<meta name=\"twitter:card\" content=\"summary_large_image\" \/>\n<meta name=\"twitter:label1\" content=\"Gesch\u00e4tzte Lesezeit\" \/>\n\t<meta name=\"twitter:data1\" content=\"1\u00a0Minute\" \/>\n<script type=\"application\/ld+json\" class=\"yoast-schema-graph\">{\"@context\":\"https:\/\/schema.org\",\"@graph\":[{\"@type\":\"WebPage\",\"@id\":\"https:\/\/quality-roids.net\/index.php\/produkt\/stanos-stanozolol-10-mg\/\",\"url\":\"https:\/\/quality-roids.net\/index.php\/produkt\/stanos-stanozolol-10-mg\/\",\"name\":\"STANOS Stanozolol 10 mg &#8211;Pharmacom Qualitative Steroide online kaufen\",\"isPartOf\":{\"@id\":\"https:\/\/quality-roids.net\/#website\"},\"primaryImageOfPage\":{\"@id\":\"https:\/\/quality-roids.net\/index.php\/produkt\/stanos-stanozolol-10-mg\/#primaryimage\"},\"image\":{\"@id\":\"https:\/\/quality-roids.net\/index.php\/produkt\/stanos-stanozolol-10-mg\/#primaryimage\"},\"thumbnailUrl\":\"https:\/\/quality-roids.net\/wp-content\/uploads\/2018\/09\/Pharmacom-Stanos-10mg.png\",\"datePublished\":\"2018-09-04T21:32:35+00:00\",\"description\":\"Stanozolol original vom Hersteller Pharmacom Labs. Schneller und sicherer Versand europaweit. Top Qualit\u00e4t zu fairen Preisen! Jetzt in Aktion!\",\"breadcrumb\":{\"@id\":\"https:\/\/quality-roids.net\/index.php\/produkt\/stanos-stanozolol-10-mg\/#breadcrumb\"},\"inLanguage\":\"de\",\"potentialAction\":[{\"@type\":\"ReadAction\",\"target\":[\"https:\/\/quality-roids.net\/index.php\/produkt\/stanos-stanozolol-10-mg\/\"]}]},{\"@type\":\"ImageObject\",\"inLanguage\":\"de\",\"@id\":\"https:\/\/quality-roids.net\/index.php\/produkt\/stanos-stanozolol-10-mg\/#primaryimage\",\"url\":\"https:\/\/quality-roids.net\/wp-content\/uploads\/2018\/09\/Pharmacom-Stanos-10mg.png\",\"contentUrl\":\"https:\/\/quality-roids.net\/wp-content\/uploads\/2018\/09\/Pharmacom-Stanos-10mg.png\",\"width\":1100,\"height\":748,\"caption\":\"Stanozolol\"},{\"@type\":\"BreadcrumbList\",\"@id\":\"https:\/\/quality-roids.net\/index.php\/produkt\/stanos-stanozolol-10-mg\/#breadcrumb\",\"itemListElement\":[{\"@type\":\"ListItem\",\"position\":1,\"name\":\"Startseite\",\"item\":\"https:\/\/quality-roids.net\/\"},{\"@type\":\"ListItem\",\"position\":2,\"name\":\"Shop\",\"item\":\"https:\/\/quality-roids.net\/index.php\/shop\/\"},{\"@type\":\"ListItem\",\"position\":3,\"name\":\"STANOS Stanozolol 10 mg\"}]},{\"@type\":\"WebSite\",\"@id\":\"https:\/\/quality-roids.net\/#website\",\"url\":\"https:\/\/quality-roids.net\/\",\"name\":\"Qualitative Steroide online kaufen\",\"description\":\"Pharmacom- und Genshi Produkte, Testosteron, Tren, Drosta und mehr\",\"publisher\":{\"@id\":\"https:\/\/quality-roids.net\/#organization\"},\"potentialAction\":[{\"@type\":\"SearchAction\",\"target\":{\"@type\":\"EntryPoint\",\"urlTemplate\":\"https:\/\/quality-roids.net\/?s={search_term_string}\"},\"query-input\":{\"@type\":\"PropertyValueSpecification\",\"valueRequired\":true,\"valueName\":\"search_term_string\"}}],\"inLanguage\":\"de\"},{\"@type\":\"Organization\",\"@id\":\"https:\/\/quality-roids.net\/#organization\",\"name\":\"quality-roids.com\",\"url\":\"https:\/\/quality-roids.net\/\",\"logo\":{\"@type\":\"ImageObject\",\"inLanguage\":\"de\",\"@id\":\"https:\/\/quality-roids.net\/#\/schema\/logo\/image\/\",\"url\":\"https:\/\/quality-roids.net\/wp-content\/uploads\/2019\/10\/quality-roids-net-pharmacom.png\",\"contentUrl\":\"https:\/\/quality-roids.net\/wp-content\/uploads\/2019\/10\/quality-roids-net-pharmacom.png\",\"width\":1100,\"height\":230,\"caption\":\"quality-roids.com\"},\"image\":{\"@id\":\"https:\/\/quality-roids.net\/#\/schema\/logo\/image\/\"},\"sameAs\":[\"https:\/\/pin.it\/ddci6thl3ka5es\"]}]}<\/script>\n<!-- \/ Yoast SEO plugin. -->","yoast_head_json":{"title":"STANOS Stanozolol 10 mg &#8211;Pharmacom Qualitative Steroide online kaufen","description":"Stanozolol original vom Hersteller Pharmacom Labs. Schneller und sicherer Versand europaweit. Top Qualit\u00e4t zu fairen Preisen! Jetzt in Aktion!","robots":{"index":"index","follow":"follow","max-snippet":"max-snippet:-1","max-image-preview":"max-image-preview:large","max-video-preview":"max-video-preview:-1"},"canonical":"https:\/\/quality-roids.net\/index.php\/produkt\/stanos-stanozolol-10-mg\/","og_locale":"de_DE","og_type":"article","og_title":"STANOS Stanozolol 10 mg &#8211;Pharmacom Qualitative Steroide online kaufen","og_description":"Stanozolol original vom Hersteller Pharmacom Labs. Schneller und sicherer Versand europaweit. Top Qualit\u00e4t zu fairen Preisen! Jetzt in Aktion!","og_url":"https:\/\/quality-roids.net\/index.php\/produkt\/stanos-stanozolol-10-mg\/","og_site_name":"Qualitative Steroide online kaufen","og_image":[{"width":1100,"height":748,"url":"https:\/\/quality-roids.net\/wp-content\/uploads\/2018\/09\/Pharmacom-Stanos-10mg.png","type":"image\/png"}],"twitter_card":"summary_large_image","twitter_misc":{"Gesch\u00e4tzte Lesezeit":"1\u00a0Minute"},"schema":{"@context":"https:\/\/schema.org","@graph":[{"@type":"WebPage","@id":"https:\/\/quality-roids.net\/index.php\/produkt\/stanos-stanozolol-10-mg\/","url":"https:\/\/quality-roids.net\/index.php\/produkt\/stanos-stanozolol-10-mg\/","name":"STANOS Stanozolol 10 mg &#8211;Pharmacom Qualitative Steroide online kaufen","isPartOf":{"@id":"https:\/\/quality-roids.net\/#website"},"primaryImageOfPage":{"@id":"https:\/\/quality-roids.net\/index.php\/produkt\/stanos-stanozolol-10-mg\/#primaryimage"},"image":{"@id":"https:\/\/quality-roids.net\/index.php\/produkt\/stanos-stanozolol-10-mg\/#primaryimage"},"thumbnailUrl":"https:\/\/quality-roids.net\/wp-content\/uploads\/2018\/09\/Pharmacom-Stanos-10mg.png","datePublished":"2018-09-04T21:32:35+00:00","description":"Stanozolol original vom Hersteller Pharmacom Labs. Schneller und sicherer Versand europaweit. Top Qualit\u00e4t zu fairen Preisen! Jetzt in Aktion!","breadcrumb":{"@id":"https:\/\/quality-roids.net\/index.php\/produkt\/stanos-stanozolol-10-mg\/#breadcrumb"},"inLanguage":"de","potentialAction":[{"@type":"ReadAction","target":["https:\/\/quality-roids.net\/index.php\/produkt\/stanos-stanozolol-10-mg\/"]}]},{"@type":"ImageObject","inLanguage":"de","@id":"https:\/\/quality-roids.net\/index.php\/produkt\/stanos-stanozolol-10-mg\/#primaryimage","url":"https:\/\/quality-roids.net\/wp-content\/uploads\/2018\/09\/Pharmacom-Stanos-10mg.png","contentUrl":"https:\/\/quality-roids.net\/wp-content\/uploads\/2018\/09\/Pharmacom-Stanos-10mg.png","width":1100,"height":748,"caption":"Stanozolol"},{"@type":"BreadcrumbList","@id":"https:\/\/quality-roids.net\/index.php\/produkt\/stanos-stanozolol-10-mg\/#breadcrumb","itemListElement":[{"@type":"ListItem","position":1,"name":"Startseite","item":"https:\/\/quality-roids.net\/"},{"@type":"ListItem","position":2,"name":"Shop","item":"https:\/\/quality-roids.net\/index.php\/shop\/"},{"@type":"ListItem","position":3,"name":"STANOS Stanozolol 10 mg"}]},{"@type":"WebSite","@id":"https:\/\/quality-roids.net\/#website","url":"https:\/\/quality-roids.net\/","name":"Qualitative Steroide online kaufen","description":"Pharmacom- und Genshi Produkte, Testosteron, Tren, Drosta und mehr","publisher":{"@id":"https:\/\/quality-roids.net\/#organization"},"potentialAction":[{"@type":"SearchAction","target":{"@type":"EntryPoint","urlTemplate":"https:\/\/quality-roids.net\/?s={search_term_string}"},"query-input":{"@type":"PropertyValueSpecification","valueRequired":true,"valueName":"search_term_string"}}],"inLanguage":"de"},{"@type":"Organization","@id":"https:\/\/quality-roids.net\/#organization","name":"quality-roids.com","url":"https:\/\/quality-roids.net\/","logo":{"@type":"ImageObject","inLanguage":"de","@id":"https:\/\/quality-roids.net\/#\/schema\/logo\/image\/","url":"https:\/\/quality-roids.net\/wp-content\/uploads\/2019\/10\/quality-roids-net-pharmacom.png","contentUrl":"https:\/\/quality-roids.net\/wp-content\/uploads\/2019\/10\/quality-roids-net-pharmacom.png","width":1100,"height":230,"caption":"quality-roids.com"},"image":{"@id":"https:\/\/quality-roids.net\/#\/schema\/logo\/image\/"},"sameAs":["https:\/\/pin.it\/ddci6thl3ka5es"]}]}},"_links":{"self":[{"href":"https:\/\/quality-roids.net\/index.php\/wp-json\/wp\/v2\/product\/185","targetHints":{"allow":["GET"]}}],"collection":[{"href":"https:\/\/quality-roids.net\/index.php\/wp-json\/wp\/v2\/product"}],"about":[{"href":"https:\/\/quality-roids.net\/index.php\/wp-json\/wp\/v2\/types\/product"}],"replies":[{"embeddable":true,"href":"https:\/\/quality-roids.net\/index.php\/wp-json\/wp\/v2\/comments?post=185"}],"wp:featuredmedia":[{"embeddable":true,"href":"https:\/\/quality-roids.net\/index.php\/wp-json\/wp\/v2\/media\/186"}],"wp:attachment":[{"href":"https:\/\/quality-roids.net\/index.php\/wp-json\/wp\/v2\/media?parent=185"}],"wp:term":[{"taxonomy":"product_brand","embeddable":true,"href":"https:\/\/quality-roids.net\/index.php\/wp-json\/wp\/v2\/product_brand?post=185"},{"taxonomy":"product_cat","embeddable":true,"href":"https:\/\/quality-roids.net\/index.php\/wp-json\/wp\/v2\/product_cat?post=185"},{"taxonomy":"product_tag","embeddable":true,"href":"https:\/\/quality-roids.net\/index.php\/wp-json\/wp\/v2\/product_tag?post=185"}],"curies":[{"name":"wp","href":"https:\/\/api.w.org\/{rel}","templated":true}]}}