{"id":183,"date":"2018-09-04T21:09:21","date_gmt":"2018-09-04T21:09:21","guid":{"rendered":"https:\/\/quality-roids.com\/?post_type=product&#038;p=183"},"modified":"2018-09-04T21:09:21","modified_gmt":"2018-09-04T21:09:21","slug":"oxandrolonos-oxandrolon-10-mg","status":"publish","type":"product","link":"https:\/\/quality-roids.net\/index.php\/produkt\/oxandrolonos-oxandrolon-10-mg\/","title":{"rendered":"OXANDROLONOS Oxandrolon 10 mg"},"content":{"rendered":"<h2><span id=\"result_box\" class=\"short_text\" lang=\"de\"><span class=\"\">OXANDROLONOS Oxandrolon 10 mg<\/span><\/span><\/h2>\n<h3>100 Tabletten\/Box<\/h3>\n<p><span id=\"result_box\" class=\"\" lang=\"de\">Oxandrolon (auch bekannt als Anavar) ist ein orales 17-alpha-alkyliertes Steroid, eine Modifikation von Dihydrotestosteron. <span class=\"\">Es wurde zuerst f\u00fcr die Behandlung von geschw\u00e4chten HIV-infizierten Patienten, f\u00fcr Personen mit Turner-Syndrom, An\u00e4mie, f\u00fcr die St\u00e4rkung der Knochen und die Genesung von Verbrennungen synthetisiert.<\/span><\/span><\/p>\n<p><span class=\"\">Oxandrolon ergibt keine Aromatisierung und ist selbst nicht \u00f6strogen.<\/span> <span class=\"\">Dieses Medikament wird von Sportlern geliebt, die sich auf den Wettkampf im Kraft- und Ausdauersport vorbereiten, wo fettarme Muskeln ohne Wasser und Fett ben\u00f6tigt werden.<\/span> <span class=\"\">Oxandrolon-Zyklus wird Athleten nicht helfen, kolossales Muskelvolumen zu gewinnen;<\/span> <span class=\"\">Es ist jedoch eine perfekte Verbindung, um Fett loszuwerden und dem K\u00f6rper mehr Erleichterung zu geben.<\/span><\/p>\n","protected":false},"excerpt":{"rendered":"<p>OXANDROLONOS Oxandrolon 10 mg 100 Tabletten\/Box Oxandrolon (auch bekannt als Anavar) ist ein orales 17-alpha-alkyliertes Steroid, eine Modifikation von Dihydrotestosteron. Es wurde zuerst f\u00fcr die Behandlung von geschw\u00e4chten HIV-infizierten Patienten, f\u00fcr Personen mit Turner-Syndrom, An\u00e4mie, f\u00fcr die St\u00e4rkung der Knochen und die Genesung von Verbrennungen synthetisiert. Oxandrolon ergibt keine Aromatisierung und ist selbst nicht \u00f6strogen. <a class=\"read-more\" href=\"https:\/\/quality-roids.net\/index.php\/produkt\/oxandrolonos-oxandrolon-10-mg\/\">Read More<\/a><\/p>\n","protected":false},"featured_media":184,"comment_status":"closed","ping_status":"closed","template":"","meta":[],"product_brand":[],"product_cat":[18,23],"product_tag":[51,59,38],"class_list":{"0":"post-183","1":"product","2":"type-product","3":"status-publish","4":"has-post-thumbnail","6":"product_cat-orals","7":"product_cat-pharmacom","8":"product_tag-oral","9":"product_tag-oxandrolon","10":"product_tag-pharmacom","12":"first","13":"instock","14":"sale","15":"shipping-taxable","16":"purchasable","17":"product-type-simple"},"yoast_head":"<!-- This site is optimized with the Yoast SEO plugin v25.0 - https:\/\/yoast.com\/wordpress\/plugins\/seo\/ -->\n<title>OXANDROLONOS Oxandrolon 10 mg &#8211; Qualitative Steroide online kaufen<\/title>\n<meta name=\"description\" content=\"Oxandrolon original vom Hersteller Pharmacom Labs. Schneller und sicherer Versand europaweit. Top Qualit\u00e4t zu fairen Preisen! Jetzt in Aktion!\" \/>\n<meta name=\"robots\" content=\"index, follow, max-snippet:-1, max-image-preview:large, max-video-preview:-1\" \/>\n<link rel=\"canonical\" href=\"https:\/\/quality-roids.net\/index.php\/produkt\/oxandrolonos-oxandrolon-10-mg\/\" \/>\n<meta property=\"og:locale\" content=\"de_DE\" \/>\n<meta property=\"og:type\" content=\"article\" \/>\n<meta property=\"og:title\" content=\"OXANDROLONOS Oxandrolon 10 mg &#8211; Qualitative Steroide online kaufen\" \/>\n<meta property=\"og:description\" content=\"Oxandrolon original vom Hersteller Pharmacom Labs. Schneller und sicherer Versand europaweit. Top Qualit\u00e4t zu fairen Preisen! Jetzt in Aktion!\" \/>\n<meta property=\"og:url\" content=\"https:\/\/quality-roids.net\/index.php\/produkt\/oxandrolonos-oxandrolon-10-mg\/\" \/>\n<meta property=\"og:site_name\" content=\"Qualitative Steroide online kaufen\" \/>\n<meta property=\"og:image\" content=\"https:\/\/quality-roids.net\/wp-content\/uploads\/2018\/09\/Pharmacom-Oxandrolone-10mg.png\" \/>\n\t<meta property=\"og:image:width\" content=\"1100\" \/>\n\t<meta property=\"og:image:height\" content=\"748\" \/>\n\t<meta property=\"og:image:type\" content=\"image\/png\" \/>\n<meta name=\"twitter:card\" content=\"summary_large_image\" \/>\n<meta name=\"twitter:label1\" content=\"Gesch\u00e4tzte Lesezeit\" \/>\n\t<meta name=\"twitter:data1\" content=\"1\u00a0Minute\" \/>\n<script type=\"application\/ld+json\" class=\"yoast-schema-graph\">{\"@context\":\"https:\/\/schema.org\",\"@graph\":[{\"@type\":\"WebPage\",\"@id\":\"https:\/\/quality-roids.net\/index.php\/produkt\/oxandrolonos-oxandrolon-10-mg\/\",\"url\":\"https:\/\/quality-roids.net\/index.php\/produkt\/oxandrolonos-oxandrolon-10-mg\/\",\"name\":\"OXANDROLONOS Oxandrolon 10 mg &#8211; Qualitative Steroide online kaufen\",\"isPartOf\":{\"@id\":\"https:\/\/quality-roids.net\/#website\"},\"primaryImageOfPage\":{\"@id\":\"https:\/\/quality-roids.net\/index.php\/produkt\/oxandrolonos-oxandrolon-10-mg\/#primaryimage\"},\"image\":{\"@id\":\"https:\/\/quality-roids.net\/index.php\/produkt\/oxandrolonos-oxandrolon-10-mg\/#primaryimage\"},\"thumbnailUrl\":\"https:\/\/quality-roids.net\/wp-content\/uploads\/2018\/09\/Pharmacom-Oxandrolone-10mg.png\",\"datePublished\":\"2018-09-04T21:09:21+00:00\",\"description\":\"Oxandrolon original vom Hersteller Pharmacom Labs. Schneller und sicherer Versand europaweit. Top Qualit\u00e4t zu fairen Preisen! Jetzt in Aktion!\",\"breadcrumb\":{\"@id\":\"https:\/\/quality-roids.net\/index.php\/produkt\/oxandrolonos-oxandrolon-10-mg\/#breadcrumb\"},\"inLanguage\":\"de\",\"potentialAction\":[{\"@type\":\"ReadAction\",\"target\":[\"https:\/\/quality-roids.net\/index.php\/produkt\/oxandrolonos-oxandrolon-10-mg\/\"]}]},{\"@type\":\"ImageObject\",\"inLanguage\":\"de\",\"@id\":\"https:\/\/quality-roids.net\/index.php\/produkt\/oxandrolonos-oxandrolon-10-mg\/#primaryimage\",\"url\":\"https:\/\/quality-roids.net\/wp-content\/uploads\/2018\/09\/Pharmacom-Oxandrolone-10mg.png\",\"contentUrl\":\"https:\/\/quality-roids.net\/wp-content\/uploads\/2018\/09\/Pharmacom-Oxandrolone-10mg.png\",\"width\":1100,\"height\":748,\"caption\":\"Oxandrolon\"},{\"@type\":\"BreadcrumbList\",\"@id\":\"https:\/\/quality-roids.net\/index.php\/produkt\/oxandrolonos-oxandrolon-10-mg\/#breadcrumb\",\"itemListElement\":[{\"@type\":\"ListItem\",\"position\":1,\"name\":\"Startseite\",\"item\":\"https:\/\/quality-roids.net\/\"},{\"@type\":\"ListItem\",\"position\":2,\"name\":\"Shop\",\"item\":\"https:\/\/quality-roids.net\/index.php\/shop\/\"},{\"@type\":\"ListItem\",\"position\":3,\"name\":\"OXANDROLONOS Oxandrolon 10 mg\"}]},{\"@type\":\"WebSite\",\"@id\":\"https:\/\/quality-roids.net\/#website\",\"url\":\"https:\/\/quality-roids.net\/\",\"name\":\"Qualitative Steroide online kaufen\",\"description\":\"Pharmacom- und Genshi Produkte, Testosteron, Tren, Drosta und mehr\",\"publisher\":{\"@id\":\"https:\/\/quality-roids.net\/#organization\"},\"potentialAction\":[{\"@type\":\"SearchAction\",\"target\":{\"@type\":\"EntryPoint\",\"urlTemplate\":\"https:\/\/quality-roids.net\/?s={search_term_string}\"},\"query-input\":{\"@type\":\"PropertyValueSpecification\",\"valueRequired\":true,\"valueName\":\"search_term_string\"}}],\"inLanguage\":\"de\"},{\"@type\":\"Organization\",\"@id\":\"https:\/\/quality-roids.net\/#organization\",\"name\":\"quality-roids.com\",\"url\":\"https:\/\/quality-roids.net\/\",\"logo\":{\"@type\":\"ImageObject\",\"inLanguage\":\"de\",\"@id\":\"https:\/\/quality-roids.net\/#\/schema\/logo\/image\/\",\"url\":\"https:\/\/quality-roids.net\/wp-content\/uploads\/2019\/10\/quality-roids-net-pharmacom.png\",\"contentUrl\":\"https:\/\/quality-roids.net\/wp-content\/uploads\/2019\/10\/quality-roids-net-pharmacom.png\",\"width\":1100,\"height\":230,\"caption\":\"quality-roids.com\"},\"image\":{\"@id\":\"https:\/\/quality-roids.net\/#\/schema\/logo\/image\/\"},\"sameAs\":[\"https:\/\/pin.it\/ddci6thl3ka5es\"]}]}<\/script>\n<!-- \/ Yoast SEO plugin. -->","yoast_head_json":{"title":"OXANDROLONOS Oxandrolon 10 mg &#8211; Qualitative Steroide online kaufen","description":"Oxandrolon original vom Hersteller Pharmacom Labs. Schneller und sicherer Versand europaweit. Top Qualit\u00e4t zu fairen Preisen! Jetzt in Aktion!","robots":{"index":"index","follow":"follow","max-snippet":"max-snippet:-1","max-image-preview":"max-image-preview:large","max-video-preview":"max-video-preview:-1"},"canonical":"https:\/\/quality-roids.net\/index.php\/produkt\/oxandrolonos-oxandrolon-10-mg\/","og_locale":"de_DE","og_type":"article","og_title":"OXANDROLONOS Oxandrolon 10 mg &#8211; Qualitative Steroide online kaufen","og_description":"Oxandrolon original vom Hersteller Pharmacom Labs. Schneller und sicherer Versand europaweit. Top Qualit\u00e4t zu fairen Preisen! Jetzt in Aktion!","og_url":"https:\/\/quality-roids.net\/index.php\/produkt\/oxandrolonos-oxandrolon-10-mg\/","og_site_name":"Qualitative Steroide online kaufen","og_image":[{"width":1100,"height":748,"url":"https:\/\/quality-roids.net\/wp-content\/uploads\/2018\/09\/Pharmacom-Oxandrolone-10mg.png","type":"image\/png"}],"twitter_card":"summary_large_image","twitter_misc":{"Gesch\u00e4tzte Lesezeit":"1\u00a0Minute"},"schema":{"@context":"https:\/\/schema.org","@graph":[{"@type":"WebPage","@id":"https:\/\/quality-roids.net\/index.php\/produkt\/oxandrolonos-oxandrolon-10-mg\/","url":"https:\/\/quality-roids.net\/index.php\/produkt\/oxandrolonos-oxandrolon-10-mg\/","name":"OXANDROLONOS Oxandrolon 10 mg &#8211; Qualitative Steroide online kaufen","isPartOf":{"@id":"https:\/\/quality-roids.net\/#website"},"primaryImageOfPage":{"@id":"https:\/\/quality-roids.net\/index.php\/produkt\/oxandrolonos-oxandrolon-10-mg\/#primaryimage"},"image":{"@id":"https:\/\/quality-roids.net\/index.php\/produkt\/oxandrolonos-oxandrolon-10-mg\/#primaryimage"},"thumbnailUrl":"https:\/\/quality-roids.net\/wp-content\/uploads\/2018\/09\/Pharmacom-Oxandrolone-10mg.png","datePublished":"2018-09-04T21:09:21+00:00","description":"Oxandrolon original vom Hersteller Pharmacom Labs. Schneller und sicherer Versand europaweit. Top Qualit\u00e4t zu fairen Preisen! Jetzt in Aktion!","breadcrumb":{"@id":"https:\/\/quality-roids.net\/index.php\/produkt\/oxandrolonos-oxandrolon-10-mg\/#breadcrumb"},"inLanguage":"de","potentialAction":[{"@type":"ReadAction","target":["https:\/\/quality-roids.net\/index.php\/produkt\/oxandrolonos-oxandrolon-10-mg\/"]}]},{"@type":"ImageObject","inLanguage":"de","@id":"https:\/\/quality-roids.net\/index.php\/produkt\/oxandrolonos-oxandrolon-10-mg\/#primaryimage","url":"https:\/\/quality-roids.net\/wp-content\/uploads\/2018\/09\/Pharmacom-Oxandrolone-10mg.png","contentUrl":"https:\/\/quality-roids.net\/wp-content\/uploads\/2018\/09\/Pharmacom-Oxandrolone-10mg.png","width":1100,"height":748,"caption":"Oxandrolon"},{"@type":"BreadcrumbList","@id":"https:\/\/quality-roids.net\/index.php\/produkt\/oxandrolonos-oxandrolon-10-mg\/#breadcrumb","itemListElement":[{"@type":"ListItem","position":1,"name":"Startseite","item":"https:\/\/quality-roids.net\/"},{"@type":"ListItem","position":2,"name":"Shop","item":"https:\/\/quality-roids.net\/index.php\/shop\/"},{"@type":"ListItem","position":3,"name":"OXANDROLONOS Oxandrolon 10 mg"}]},{"@type":"WebSite","@id":"https:\/\/quality-roids.net\/#website","url":"https:\/\/quality-roids.net\/","name":"Qualitative Steroide online kaufen","description":"Pharmacom- und Genshi Produkte, Testosteron, Tren, Drosta und mehr","publisher":{"@id":"https:\/\/quality-roids.net\/#organization"},"potentialAction":[{"@type":"SearchAction","target":{"@type":"EntryPoint","urlTemplate":"https:\/\/quality-roids.net\/?s={search_term_string}"},"query-input":{"@type":"PropertyValueSpecification","valueRequired":true,"valueName":"search_term_string"}}],"inLanguage":"de"},{"@type":"Organization","@id":"https:\/\/quality-roids.net\/#organization","name":"quality-roids.com","url":"https:\/\/quality-roids.net\/","logo":{"@type":"ImageObject","inLanguage":"de","@id":"https:\/\/quality-roids.net\/#\/schema\/logo\/image\/","url":"https:\/\/quality-roids.net\/wp-content\/uploads\/2019\/10\/quality-roids-net-pharmacom.png","contentUrl":"https:\/\/quality-roids.net\/wp-content\/uploads\/2019\/10\/quality-roids-net-pharmacom.png","width":1100,"height":230,"caption":"quality-roids.com"},"image":{"@id":"https:\/\/quality-roids.net\/#\/schema\/logo\/image\/"},"sameAs":["https:\/\/pin.it\/ddci6thl3ka5es"]}]}},"_links":{"self":[{"href":"https:\/\/quality-roids.net\/index.php\/wp-json\/wp\/v2\/product\/183","targetHints":{"allow":["GET"]}}],"collection":[{"href":"https:\/\/quality-roids.net\/index.php\/wp-json\/wp\/v2\/product"}],"about":[{"href":"https:\/\/quality-roids.net\/index.php\/wp-json\/wp\/v2\/types\/product"}],"replies":[{"embeddable":true,"href":"https:\/\/quality-roids.net\/index.php\/wp-json\/wp\/v2\/comments?post=183"}],"wp:featuredmedia":[{"embeddable":true,"href":"https:\/\/quality-roids.net\/index.php\/wp-json\/wp\/v2\/media\/184"}],"wp:attachment":[{"href":"https:\/\/quality-roids.net\/index.php\/wp-json\/wp\/v2\/media?parent=183"}],"wp:term":[{"taxonomy":"product_brand","embeddable":true,"href":"https:\/\/quality-roids.net\/index.php\/wp-json\/wp\/v2\/product_brand?post=183"},{"taxonomy":"product_cat","embeddable":true,"href":"https:\/\/quality-roids.net\/index.php\/wp-json\/wp\/v2\/product_cat?post=183"},{"taxonomy":"product_tag","embeddable":true,"href":"https:\/\/quality-roids.net\/index.php\/wp-json\/wp\/v2\/product_tag?post=183"}],"curies":[{"name":"wp","href":"https:\/\/api.w.org\/{rel}","templated":true}]}}