{"id":172,"date":"2018-09-04T19:35:18","date_gmt":"2018-09-04T19:35:18","guid":{"rendered":"https:\/\/quality-roids.com\/?post_type=product&#038;p=172"},"modified":"2018-09-04T19:36:47","modified_gmt":"2018-09-04T19:36:47","slug":"letros-letrozol-2-5-mg","status":"publish","type":"product","link":"https:\/\/quality-roids.net\/index.php\/produkt\/letros-letrozol-2-5-mg\/","title":{"rendered":"Letros Letrozol 2.5 mg"},"content":{"rendered":"<h2 class=\"entry-title\">Letros Letrozol 2,5 mg\/Tablette<\/h2>\n<p>100 Stk.\/Pck.<\/p>\n<p><span id=\"result_box\" class=\"\" lang=\"de\">Letros (Wirkstoff &#8211; Letrozol) ist ein oraler nichtsteroidaler Aromatasehemmer. Im Bodybuilding wird Letrozol von M\u00e4nnern verwendet, um die Estradiolspiegel im Blut zu reduzieren, indem die Produktion von Estradiol durch Bindung an und Deaktivierung des Aromataseenzyms, das f\u00fcr die Umwandlung (oder Aromatisierung) von Androgenen in Estradiol verantwortlich ist, ausgeschaltet wird.<\/span><\/p>\n<p>Letros ist bei weitem der st\u00e4rkste und st\u00e4rkste der drei beliebtesten Aromatasehemmer. Nur eine Standardtablettendosis von 2,5 mg ist wirksam genug, um die zirkulierenden \u00d6strogenspiegel um bis zu 98% zu reduzieren.<\/p>\n<p><span class=\"\">In einigen F\u00e4llen kann Letrozol als eine Behandlung f\u00fcr Gyn\u00e4komastie verwendet werden, obwohl es wahrscheinlich am effektivsten ist, wenn es in einem fr\u00fchen Stadium angefangen wird.<\/span><\/p>\n","protected":false},"excerpt":{"rendered":"<p>Letros Letrozol 2,5 mg\/Tablette 100 Stk.\/Pck. Letros (Wirkstoff &#8211; Letrozol) ist ein oraler nichtsteroidaler Aromatasehemmer. Im Bodybuilding wird Letrozol von M\u00e4nnern verwendet, um die Estradiolspiegel im Blut zu reduzieren, indem die Produktion von Estradiol durch Bindung an und Deaktivierung des Aromataseenzyms, das f\u00fcr die Umwandlung (oder Aromatisierung) von Androgenen in Estradiol verantwortlich ist, ausgeschaltet wird. <a class=\"read-more\" href=\"https:\/\/quality-roids.net\/index.php\/produkt\/letros-letrozol-2-5-mg\/\">Read More<\/a><\/p>\n","protected":false},"featured_media":173,"comment_status":"closed","ping_status":"closed","template":"","meta":[],"product_brand":[],"product_cat":[46,23],"product_tag":[54,47,38],"class_list":{"0":"post-172","1":"product","2":"type-product","3":"status-publish","4":"has-post-thumbnail","6":"product_cat-pct","7":"product_cat-pharmacom","8":"product_tag-letrozol","9":"product_tag-pct","10":"product_tag-pharmacom","12":"first","13":"instock","14":"shipping-taxable","15":"purchasable","16":"product-type-simple"},"yoast_head":"<!-- This site is optimized with the Yoast SEO plugin v25.0 - https:\/\/yoast.com\/wordpress\/plugins\/seo\/ -->\n<title>Letros Letrozol 2.5 mg &#8211; Qualitative Steroide online kaufen , Pharmacom<\/title>\n<meta name=\"description\" content=\"Letrozol original vom Hersteller- Pharmacom Labs. Schneller und sicherer Versand europaweit. Top Qualit\u00e4t zu fairen Preisen! Jetzt in Aktion!\" \/>\n<meta name=\"robots\" content=\"index, follow, max-snippet:-1, max-image-preview:large, max-video-preview:-1\" \/>\n<link rel=\"canonical\" href=\"https:\/\/quality-roids.net\/index.php\/produkt\/letros-letrozol-2-5-mg\/\" \/>\n<meta property=\"og:locale\" content=\"de_DE\" \/>\n<meta property=\"og:type\" content=\"article\" \/>\n<meta property=\"og:title\" content=\"Letros Letrozol 2.5 mg &#8211; Qualitative Steroide online kaufen , Pharmacom\" \/>\n<meta property=\"og:description\" content=\"Letrozol original vom Hersteller- Pharmacom Labs. Schneller und sicherer Versand europaweit. Top Qualit\u00e4t zu fairen Preisen! Jetzt in Aktion!\" \/>\n<meta property=\"og:url\" content=\"https:\/\/quality-roids.net\/index.php\/produkt\/letros-letrozol-2-5-mg\/\" \/>\n<meta property=\"og:site_name\" content=\"Qualitative Steroide online kaufen\" \/>\n<meta property=\"article:modified_time\" content=\"2018-09-04T19:36:47+00:00\" \/>\n<meta property=\"og:image\" content=\"https:\/\/quality-roids.net\/wp-content\/uploads\/2018\/09\/Pharmacom-Letros-25mg.png\" \/>\n\t<meta property=\"og:image:width\" content=\"1100\" \/>\n\t<meta property=\"og:image:height\" content=\"748\" \/>\n\t<meta property=\"og:image:type\" content=\"image\/png\" \/>\n<meta name=\"twitter:card\" content=\"summary_large_image\" \/>\n<meta name=\"twitter:label1\" content=\"Gesch\u00e4tzte Lesezeit\" \/>\n\t<meta name=\"twitter:data1\" content=\"1\u00a0Minute\" \/>\n<script type=\"application\/ld+json\" class=\"yoast-schema-graph\">{\"@context\":\"https:\/\/schema.org\",\"@graph\":[{\"@type\":\"WebPage\",\"@id\":\"https:\/\/quality-roids.net\/index.php\/produkt\/letros-letrozol-2-5-mg\/\",\"url\":\"https:\/\/quality-roids.net\/index.php\/produkt\/letros-letrozol-2-5-mg\/\",\"name\":\"Letros Letrozol 2.5 mg &#8211; Qualitative Steroide online kaufen , Pharmacom\",\"isPartOf\":{\"@id\":\"https:\/\/quality-roids.net\/#website\"},\"primaryImageOfPage\":{\"@id\":\"https:\/\/quality-roids.net\/index.php\/produkt\/letros-letrozol-2-5-mg\/#primaryimage\"},\"image\":{\"@id\":\"https:\/\/quality-roids.net\/index.php\/produkt\/letros-letrozol-2-5-mg\/#primaryimage\"},\"thumbnailUrl\":\"https:\/\/quality-roids.net\/wp-content\/uploads\/2018\/09\/Pharmacom-Letros-25mg.png\",\"datePublished\":\"2018-09-04T19:35:18+00:00\",\"dateModified\":\"2018-09-04T19:36:47+00:00\",\"description\":\"Letrozol original vom Hersteller- Pharmacom Labs. Schneller und sicherer Versand europaweit. Top Qualit\u00e4t zu fairen Preisen! Jetzt in Aktion!\",\"breadcrumb\":{\"@id\":\"https:\/\/quality-roids.net\/index.php\/produkt\/letros-letrozol-2-5-mg\/#breadcrumb\"},\"inLanguage\":\"de\",\"potentialAction\":[{\"@type\":\"ReadAction\",\"target\":[\"https:\/\/quality-roids.net\/index.php\/produkt\/letros-letrozol-2-5-mg\/\"]}]},{\"@type\":\"ImageObject\",\"inLanguage\":\"de\",\"@id\":\"https:\/\/quality-roids.net\/index.php\/produkt\/letros-letrozol-2-5-mg\/#primaryimage\",\"url\":\"https:\/\/quality-roids.net\/wp-content\/uploads\/2018\/09\/Pharmacom-Letros-25mg.png\",\"contentUrl\":\"https:\/\/quality-roids.net\/wp-content\/uploads\/2018\/09\/Pharmacom-Letros-25mg.png\",\"width\":1100,\"height\":748,\"caption\":\"Letrozol\"},{\"@type\":\"BreadcrumbList\",\"@id\":\"https:\/\/quality-roids.net\/index.php\/produkt\/letros-letrozol-2-5-mg\/#breadcrumb\",\"itemListElement\":[{\"@type\":\"ListItem\",\"position\":1,\"name\":\"Startseite\",\"item\":\"https:\/\/quality-roids.net\/\"},{\"@type\":\"ListItem\",\"position\":2,\"name\":\"Shop\",\"item\":\"https:\/\/quality-roids.net\/index.php\/shop\/\"},{\"@type\":\"ListItem\",\"position\":3,\"name\":\"Letros Letrozol 2.5 mg\"}]},{\"@type\":\"WebSite\",\"@id\":\"https:\/\/quality-roids.net\/#website\",\"url\":\"https:\/\/quality-roids.net\/\",\"name\":\"Qualitative Steroide online kaufen\",\"description\":\"Pharmacom- und Genshi Produkte, Testosteron, Tren, Drosta und mehr\",\"publisher\":{\"@id\":\"https:\/\/quality-roids.net\/#organization\"},\"potentialAction\":[{\"@type\":\"SearchAction\",\"target\":{\"@type\":\"EntryPoint\",\"urlTemplate\":\"https:\/\/quality-roids.net\/?s={search_term_string}\"},\"query-input\":{\"@type\":\"PropertyValueSpecification\",\"valueRequired\":true,\"valueName\":\"search_term_string\"}}],\"inLanguage\":\"de\"},{\"@type\":\"Organization\",\"@id\":\"https:\/\/quality-roids.net\/#organization\",\"name\":\"quality-roids.com\",\"url\":\"https:\/\/quality-roids.net\/\",\"logo\":{\"@type\":\"ImageObject\",\"inLanguage\":\"de\",\"@id\":\"https:\/\/quality-roids.net\/#\/schema\/logo\/image\/\",\"url\":\"https:\/\/quality-roids.net\/wp-content\/uploads\/2019\/10\/quality-roids-net-pharmacom.png\",\"contentUrl\":\"https:\/\/quality-roids.net\/wp-content\/uploads\/2019\/10\/quality-roids-net-pharmacom.png\",\"width\":1100,\"height\":230,\"caption\":\"quality-roids.com\"},\"image\":{\"@id\":\"https:\/\/quality-roids.net\/#\/schema\/logo\/image\/\"},\"sameAs\":[\"https:\/\/pin.it\/ddci6thl3ka5es\"]}]}<\/script>\n<!-- \/ Yoast SEO plugin. -->","yoast_head_json":{"title":"Letros Letrozol 2.5 mg &#8211; Qualitative Steroide online kaufen , Pharmacom","description":"Letrozol original vom Hersteller- Pharmacom Labs. Schneller und sicherer Versand europaweit. Top Qualit\u00e4t zu fairen Preisen! Jetzt in Aktion!","robots":{"index":"index","follow":"follow","max-snippet":"max-snippet:-1","max-image-preview":"max-image-preview:large","max-video-preview":"max-video-preview:-1"},"canonical":"https:\/\/quality-roids.net\/index.php\/produkt\/letros-letrozol-2-5-mg\/","og_locale":"de_DE","og_type":"article","og_title":"Letros Letrozol 2.5 mg &#8211; Qualitative Steroide online kaufen , Pharmacom","og_description":"Letrozol original vom Hersteller- Pharmacom Labs. Schneller und sicherer Versand europaweit. Top Qualit\u00e4t zu fairen Preisen! Jetzt in Aktion!","og_url":"https:\/\/quality-roids.net\/index.php\/produkt\/letros-letrozol-2-5-mg\/","og_site_name":"Qualitative Steroide online kaufen","article_modified_time":"2018-09-04T19:36:47+00:00","og_image":[{"width":1100,"height":748,"url":"https:\/\/quality-roids.net\/wp-content\/uploads\/2018\/09\/Pharmacom-Letros-25mg.png","type":"image\/png"}],"twitter_card":"summary_large_image","twitter_misc":{"Gesch\u00e4tzte Lesezeit":"1\u00a0Minute"},"schema":{"@context":"https:\/\/schema.org","@graph":[{"@type":"WebPage","@id":"https:\/\/quality-roids.net\/index.php\/produkt\/letros-letrozol-2-5-mg\/","url":"https:\/\/quality-roids.net\/index.php\/produkt\/letros-letrozol-2-5-mg\/","name":"Letros Letrozol 2.5 mg &#8211; Qualitative Steroide online kaufen , Pharmacom","isPartOf":{"@id":"https:\/\/quality-roids.net\/#website"},"primaryImageOfPage":{"@id":"https:\/\/quality-roids.net\/index.php\/produkt\/letros-letrozol-2-5-mg\/#primaryimage"},"image":{"@id":"https:\/\/quality-roids.net\/index.php\/produkt\/letros-letrozol-2-5-mg\/#primaryimage"},"thumbnailUrl":"https:\/\/quality-roids.net\/wp-content\/uploads\/2018\/09\/Pharmacom-Letros-25mg.png","datePublished":"2018-09-04T19:35:18+00:00","dateModified":"2018-09-04T19:36:47+00:00","description":"Letrozol original vom Hersteller- Pharmacom Labs. Schneller und sicherer Versand europaweit. Top Qualit\u00e4t zu fairen Preisen! Jetzt in Aktion!","breadcrumb":{"@id":"https:\/\/quality-roids.net\/index.php\/produkt\/letros-letrozol-2-5-mg\/#breadcrumb"},"inLanguage":"de","potentialAction":[{"@type":"ReadAction","target":["https:\/\/quality-roids.net\/index.php\/produkt\/letros-letrozol-2-5-mg\/"]}]},{"@type":"ImageObject","inLanguage":"de","@id":"https:\/\/quality-roids.net\/index.php\/produkt\/letros-letrozol-2-5-mg\/#primaryimage","url":"https:\/\/quality-roids.net\/wp-content\/uploads\/2018\/09\/Pharmacom-Letros-25mg.png","contentUrl":"https:\/\/quality-roids.net\/wp-content\/uploads\/2018\/09\/Pharmacom-Letros-25mg.png","width":1100,"height":748,"caption":"Letrozol"},{"@type":"BreadcrumbList","@id":"https:\/\/quality-roids.net\/index.php\/produkt\/letros-letrozol-2-5-mg\/#breadcrumb","itemListElement":[{"@type":"ListItem","position":1,"name":"Startseite","item":"https:\/\/quality-roids.net\/"},{"@type":"ListItem","position":2,"name":"Shop","item":"https:\/\/quality-roids.net\/index.php\/shop\/"},{"@type":"ListItem","position":3,"name":"Letros Letrozol 2.5 mg"}]},{"@type":"WebSite","@id":"https:\/\/quality-roids.net\/#website","url":"https:\/\/quality-roids.net\/","name":"Qualitative Steroide online kaufen","description":"Pharmacom- und Genshi Produkte, Testosteron, Tren, Drosta und mehr","publisher":{"@id":"https:\/\/quality-roids.net\/#organization"},"potentialAction":[{"@type":"SearchAction","target":{"@type":"EntryPoint","urlTemplate":"https:\/\/quality-roids.net\/?s={search_term_string}"},"query-input":{"@type":"PropertyValueSpecification","valueRequired":true,"valueName":"search_term_string"}}],"inLanguage":"de"},{"@type":"Organization","@id":"https:\/\/quality-roids.net\/#organization","name":"quality-roids.com","url":"https:\/\/quality-roids.net\/","logo":{"@type":"ImageObject","inLanguage":"de","@id":"https:\/\/quality-roids.net\/#\/schema\/logo\/image\/","url":"https:\/\/quality-roids.net\/wp-content\/uploads\/2019\/10\/quality-roids-net-pharmacom.png","contentUrl":"https:\/\/quality-roids.net\/wp-content\/uploads\/2019\/10\/quality-roids-net-pharmacom.png","width":1100,"height":230,"caption":"quality-roids.com"},"image":{"@id":"https:\/\/quality-roids.net\/#\/schema\/logo\/image\/"},"sameAs":["https:\/\/pin.it\/ddci6thl3ka5es"]}]}},"_links":{"self":[{"href":"https:\/\/quality-roids.net\/index.php\/wp-json\/wp\/v2\/product\/172","targetHints":{"allow":["GET"]}}],"collection":[{"href":"https:\/\/quality-roids.net\/index.php\/wp-json\/wp\/v2\/product"}],"about":[{"href":"https:\/\/quality-roids.net\/index.php\/wp-json\/wp\/v2\/types\/product"}],"replies":[{"embeddable":true,"href":"https:\/\/quality-roids.net\/index.php\/wp-json\/wp\/v2\/comments?post=172"}],"wp:featuredmedia":[{"embeddable":true,"href":"https:\/\/quality-roids.net\/index.php\/wp-json\/wp\/v2\/media\/173"}],"wp:attachment":[{"href":"https:\/\/quality-roids.net\/index.php\/wp-json\/wp\/v2\/media?parent=172"}],"wp:term":[{"taxonomy":"product_brand","embeddable":true,"href":"https:\/\/quality-roids.net\/index.php\/wp-json\/wp\/v2\/product_brand?post=172"},{"taxonomy":"product_cat","embeddable":true,"href":"https:\/\/quality-roids.net\/index.php\/wp-json\/wp\/v2\/product_cat?post=172"},{"taxonomy":"product_tag","embeddable":true,"href":"https:\/\/quality-roids.net\/index.php\/wp-json\/wp\/v2\/product_tag?post=172"}],"curies":[{"name":"wp","href":"https:\/\/api.w.org\/{rel}","templated":true}]}}