{"id":159,"date":"2018-09-04T15:08:14","date_gmt":"2018-09-04T15:08:14","guid":{"rendered":"https:\/\/quality-roids.com\/?post_type=product&#038;p=159"},"modified":"2018-09-04T15:08:14","modified_gmt":"2018-09-04T15:08:14","slug":"pharmatropin-hgh-10-iu-10-pck","status":"publish","type":"product","link":"https:\/\/quality-roids.net\/index.php\/produkt\/pharmatropin-hgh-10-iu-10-pck\/","title":{"rendered":"PHARMATROPIN HGH 10 IU 10 \/ Pck."},"content":{"rendered":"<h2>PHARMATROPIN HGH 10 IU 10 \/ Pck.<\/h2>\n<h3>Somatropin<\/h3>\n<p><span id=\"result_box\" class=\"\" lang=\"de\"><span title=\"HGH is used in medicine to treat children\u2019s growth disorders and adult growth hormone deficiency.\">HGH wird in der Medizin verwendet, um Kinderwachstumsst\u00f6rungen und Wachstumshormonmangel bei Erwachsenen zu behandeln. <\/span><span title=\"Studies reliably demonstrate that the following are among the beneficial effects of modulating HGH:\n\n\u00a0\u00a0\u00a0\u00a0\">Studien zeigen zuverl\u00e4ssig, dass die folgenden zu den vorteilhaften Wirkungen der Modulation von HGH geh\u00f6ren:<\/p>\n<p><\/span><span title=\"Enhanced skin thickness and elasticity\n\u00a0\u00a0\u00a0\u00a0\">Verbesserte Hautdicke und -elastizit\u00e4t<br \/>\n<\/span><span title=\"Improved healing time and reduced infection rates after trauma or surger, it Increases protein synthesis\n\u00a0\u00a0\u00a0\u00a0\">Verbesserte Heilungszeit und reduzierte Infektionsraten nach Trauma oder Surger erh\u00f6ht die Proteinsynthese<br \/>\n<\/span><span title=\"Diminished sun damage-type wrinkling\n\u00a0\u00a0\u00a0\u00a0\">Verminderte Sonnensch\u00e4den-Typ Faltenbildung<br \/>\n<\/span><span title=\"Decreased total body fat, it promotes lipolysis\n\u00a0\u00a0\u00a0\u00a0\">Vermindertes Gesamtk\u00f6rperfett, f\u00f6rdert die Lipolyse<br \/>\n<\/span><span title=\"Increased lean muscle mass\n\u00a0\u00a0\u00a0\u00a0\">Erh\u00f6hte Muskelmasse<br \/>\n<\/span><span title=\"Increased bone mineral density;\">Erh\u00f6hte Knochenmineraldichte; <\/span><span title=\"it increases calcium retention, and strengthens the mineralization of bone\n\u00a0\u00a0\u00a0\u00a0\">es erh\u00f6ht die Calciumretention und st\u00e4rkt die Mineralisierung von Knochen<br \/>\n<\/span><span title=\"Improved cholesterol profile\n\u00a0\u00a0\u00a0\u00a0\">Verbessertes Cholesterinprofil<br \/>\n<\/span><span title=\"Decreased LDL (bad) cholesterol\n\u00a0\u00a0\u00a0\u00a0\">Vermindertes LDL (schlechtes) Cholesterin<br \/>\n<\/span><span title=\"Increased HDL (good) cholesterol\n\u00a0\u00a0\u00a0\u00a0\">Erh\u00f6htes HDL (gutes) Cholesterin<br \/>\n<\/span><span title=\"Improved exercise capacity\n\u00a0\u00a0\u00a0\u00a0\">Verbesserte Trainingsf\u00e4higkeit<br \/>\n<\/span><span title=\"Decreased recovery time between workouts\n\u00a0\u00a0\u00a0\u00a0\">Verringerte Wiederherstellungszeit zwischen Workouts<br \/>\n<\/span><span title=\"Improved blood flow to the kidney\n\u00a0\u00a0\u00a0\u00a0\">Verbesserter Blutfluss in die Niere<br \/>\n<\/span><span title=\"Improved mood, coping skills, and over-all well-being\n\u00a0\u00a0\u00a0\u00a0\">Verbesserte Stimmung, Bew\u00e4ltigungsstrategien und allgemeines Wohlbefinden<br \/>\n<\/span><span title=\"It contributes to the strengthening of the joints and ligaments in the body\n\u00a0\u00a0\u00a0\u00a0\">Es tr\u00e4gt zur St\u00e4rkung der Gelenke und B\u00e4nder im K\u00f6rper bei<br \/>\n<\/span><span title=\"Plays a role in homeostasis\n\u00a0\u00a0\u00a0\u00a0\">Spielt eine Rolle in der Hom\u00f6ostase<br \/>\n<\/span><span title=\"Reduces liver uptake of glucose\n\u00a0\u00a0\u00a0\u00a0\">Reduziert die Aufnahme von Glukose in die Leber<br \/>\n<\/span><span title=\"Promotes gluconeogenesis in the liver\n\u00a0\u00a0\u00a0\u00a0\">F\u00f6rdert die Glukoneogenese in der Leber<br \/>\n<\/span><span title=\"Contributes to the maintenance and function of pancreatic islets\n\u00a0\u00a0\u00a0\u00a0\">Tr\u00e4gt zur Erhaltung und Funktion von Pankreasinseln bei<br \/>\n<\/span><span title=\"Stimulates the immune system\n\u00a0\u00a0\u00a0\u00a0\">Stimuliert das Immunsystem<br \/>\n<\/span><span title=\"Increases deiodination of T4 to T3\">Erh\u00f6ht die Deiodierung von T4 zu T3<\/span><\/span><\/p>\n","protected":false},"excerpt":{"rendered":"<p>PHARMATROPIN HGH 10 IU 10 \/ Pck. Somatropin HGH wird in der Medizin verwendet, um Kinderwachstumsst\u00f6rungen und Wachstumshormonmangel bei Erwachsenen zu behandeln. Studien zeigen zuverl\u00e4ssig, dass die folgenden zu den vorteilhaften Wirkungen der Modulation von HGH geh\u00f6ren: Verbesserte Hautdicke und -elastizit\u00e4t Verbesserte Heilungszeit und reduzierte Infektionsraten nach Trauma oder Surger erh\u00f6ht die Proteinsynthese Verminderte Sonnensch\u00e4den-Typ <a class=\"read-more\" href=\"https:\/\/quality-roids.net\/index.php\/produkt\/pharmatropin-hgh-10-iu-10-pck\/\">Read More<\/a><\/p>\n","protected":false},"featured_media":160,"comment_status":"closed","ping_status":"closed","template":"","meta":[],"product_brand":[],"product_cat":[19,23],"product_tag":[52,38,53],"class_list":{"0":"post-159","1":"product","2":"type-product","3":"status-publish","4":"has-post-thumbnail","6":"product_cat-hgh","7":"product_cat-pharmacom","8":"product_tag-hgh","9":"product_tag-pharmacom","10":"product_tag-somatropin","12":"first","13":"instock","14":"sale","15":"shipping-taxable","16":"purchasable","17":"product-type-simple"},"yoast_head":"<!-- This site is optimized with the Yoast SEO plugin v25.0 - https:\/\/yoast.com\/wordpress\/plugins\/seo\/ -->\n<title>PHARMATROPIN HGH 10 IU 10 \/ Pck. &#8211; Somatropin von Pharmacom Labs<\/title>\n<meta name=\"description\" content=\"Somatropin original vom Hersteller Pharmacom Labs. Schneller und sicherer Versand europaweit. Top Qualit\u00e4t zu fairen Preisen! Jetzt in Aktion!\" \/>\n<meta name=\"robots\" content=\"index, follow, max-snippet:-1, max-image-preview:large, max-video-preview:-1\" \/>\n<link rel=\"canonical\" href=\"https:\/\/quality-roids.net\/index.php\/produkt\/pharmatropin-hgh-10-iu-10-pck\/\" \/>\n<meta property=\"og:locale\" content=\"de_DE\" \/>\n<meta property=\"og:type\" content=\"article\" \/>\n<meta property=\"og:title\" content=\"PHARMATROPIN HGH 10 IU 10 \/ Pck. &#8211; Somatropin von Pharmacom Labs\" \/>\n<meta property=\"og:description\" content=\"Somatropin original vom Hersteller Pharmacom Labs. Schneller und sicherer Versand europaweit. Top Qualit\u00e4t zu fairen Preisen! Jetzt in Aktion!\" \/>\n<meta property=\"og:url\" content=\"https:\/\/quality-roids.net\/index.php\/produkt\/pharmatropin-hgh-10-iu-10-pck\/\" \/>\n<meta property=\"og:site_name\" content=\"Qualitative Steroide online kaufen\" \/>\n<meta property=\"og:image\" content=\"https:\/\/quality-roids.net\/wp-content\/uploads\/2018\/09\/Pharmacom-Pharmatropin_10IU.jpg\" \/>\n\t<meta property=\"og:image:width\" content=\"800\" \/>\n\t<meta property=\"og:image:height\" content=\"533\" \/>\n\t<meta property=\"og:image:type\" content=\"image\/jpeg\" \/>\n<meta name=\"twitter:card\" content=\"summary_large_image\" \/>\n<meta name=\"twitter:label1\" content=\"Gesch\u00e4tzte Lesezeit\" \/>\n\t<meta name=\"twitter:data1\" content=\"1\u00a0Minute\" \/>\n<script type=\"application\/ld+json\" class=\"yoast-schema-graph\">{\"@context\":\"https:\/\/schema.org\",\"@graph\":[{\"@type\":\"WebPage\",\"@id\":\"https:\/\/quality-roids.net\/index.php\/produkt\/pharmatropin-hgh-10-iu-10-pck\/\",\"url\":\"https:\/\/quality-roids.net\/index.php\/produkt\/pharmatropin-hgh-10-iu-10-pck\/\",\"name\":\"PHARMATROPIN HGH 10 IU 10 \/ Pck. &#8211; Somatropin von Pharmacom Labs\",\"isPartOf\":{\"@id\":\"https:\/\/quality-roids.net\/#website\"},\"primaryImageOfPage\":{\"@id\":\"https:\/\/quality-roids.net\/index.php\/produkt\/pharmatropin-hgh-10-iu-10-pck\/#primaryimage\"},\"image\":{\"@id\":\"https:\/\/quality-roids.net\/index.php\/produkt\/pharmatropin-hgh-10-iu-10-pck\/#primaryimage\"},\"thumbnailUrl\":\"https:\/\/quality-roids.net\/wp-content\/uploads\/2018\/09\/Pharmacom-Pharmatropin_10IU.jpg\",\"datePublished\":\"2018-09-04T15:08:14+00:00\",\"description\":\"Somatropin original vom Hersteller Pharmacom Labs. Schneller und sicherer Versand europaweit. Top Qualit\u00e4t zu fairen Preisen! Jetzt in Aktion!\",\"breadcrumb\":{\"@id\":\"https:\/\/quality-roids.net\/index.php\/produkt\/pharmatropin-hgh-10-iu-10-pck\/#breadcrumb\"},\"inLanguage\":\"de\",\"potentialAction\":[{\"@type\":\"ReadAction\",\"target\":[\"https:\/\/quality-roids.net\/index.php\/produkt\/pharmatropin-hgh-10-iu-10-pck\/\"]}]},{\"@type\":\"ImageObject\",\"inLanguage\":\"de\",\"@id\":\"https:\/\/quality-roids.net\/index.php\/produkt\/pharmatropin-hgh-10-iu-10-pck\/#primaryimage\",\"url\":\"https:\/\/quality-roids.net\/wp-content\/uploads\/2018\/09\/Pharmacom-Pharmatropin_10IU.jpg\",\"contentUrl\":\"https:\/\/quality-roids.net\/wp-content\/uploads\/2018\/09\/Pharmacom-Pharmatropin_10IU.jpg\",\"width\":800,\"height\":533,\"caption\":\"HGH\"},{\"@type\":\"BreadcrumbList\",\"@id\":\"https:\/\/quality-roids.net\/index.php\/produkt\/pharmatropin-hgh-10-iu-10-pck\/#breadcrumb\",\"itemListElement\":[{\"@type\":\"ListItem\",\"position\":1,\"name\":\"Startseite\",\"item\":\"https:\/\/quality-roids.net\/\"},{\"@type\":\"ListItem\",\"position\":2,\"name\":\"Shop\",\"item\":\"https:\/\/quality-roids.net\/index.php\/shop\/\"},{\"@type\":\"ListItem\",\"position\":3,\"name\":\"PHARMATROPIN HGH 10 IU 10 \/ Pck.\"}]},{\"@type\":\"WebSite\",\"@id\":\"https:\/\/quality-roids.net\/#website\",\"url\":\"https:\/\/quality-roids.net\/\",\"name\":\"Qualitative Steroide online kaufen\",\"description\":\"Pharmacom- und Genshi Produkte, Testosteron, Tren, Drosta und mehr\",\"publisher\":{\"@id\":\"https:\/\/quality-roids.net\/#organization\"},\"potentialAction\":[{\"@type\":\"SearchAction\",\"target\":{\"@type\":\"EntryPoint\",\"urlTemplate\":\"https:\/\/quality-roids.net\/?s={search_term_string}\"},\"query-input\":{\"@type\":\"PropertyValueSpecification\",\"valueRequired\":true,\"valueName\":\"search_term_string\"}}],\"inLanguage\":\"de\"},{\"@type\":\"Organization\",\"@id\":\"https:\/\/quality-roids.net\/#organization\",\"name\":\"quality-roids.com\",\"url\":\"https:\/\/quality-roids.net\/\",\"logo\":{\"@type\":\"ImageObject\",\"inLanguage\":\"de\",\"@id\":\"https:\/\/quality-roids.net\/#\/schema\/logo\/image\/\",\"url\":\"https:\/\/quality-roids.net\/wp-content\/uploads\/2019\/10\/quality-roids-net-pharmacom.png\",\"contentUrl\":\"https:\/\/quality-roids.net\/wp-content\/uploads\/2019\/10\/quality-roids-net-pharmacom.png\",\"width\":1100,\"height\":230,\"caption\":\"quality-roids.com\"},\"image\":{\"@id\":\"https:\/\/quality-roids.net\/#\/schema\/logo\/image\/\"},\"sameAs\":[\"https:\/\/pin.it\/ddci6thl3ka5es\"]}]}<\/script>\n<!-- \/ Yoast SEO plugin. -->","yoast_head_json":{"title":"PHARMATROPIN HGH 10 IU 10 \/ Pck. &#8211; Somatropin von Pharmacom Labs","description":"Somatropin original vom Hersteller Pharmacom Labs. Schneller und sicherer Versand europaweit. Top Qualit\u00e4t zu fairen Preisen! Jetzt in Aktion!","robots":{"index":"index","follow":"follow","max-snippet":"max-snippet:-1","max-image-preview":"max-image-preview:large","max-video-preview":"max-video-preview:-1"},"canonical":"https:\/\/quality-roids.net\/index.php\/produkt\/pharmatropin-hgh-10-iu-10-pck\/","og_locale":"de_DE","og_type":"article","og_title":"PHARMATROPIN HGH 10 IU 10 \/ Pck. &#8211; Somatropin von Pharmacom Labs","og_description":"Somatropin original vom Hersteller Pharmacom Labs. Schneller und sicherer Versand europaweit. Top Qualit\u00e4t zu fairen Preisen! Jetzt in Aktion!","og_url":"https:\/\/quality-roids.net\/index.php\/produkt\/pharmatropin-hgh-10-iu-10-pck\/","og_site_name":"Qualitative Steroide online kaufen","og_image":[{"width":800,"height":533,"url":"https:\/\/quality-roids.net\/wp-content\/uploads\/2018\/09\/Pharmacom-Pharmatropin_10IU.jpg","type":"image\/jpeg"}],"twitter_card":"summary_large_image","twitter_misc":{"Gesch\u00e4tzte Lesezeit":"1\u00a0Minute"},"schema":{"@context":"https:\/\/schema.org","@graph":[{"@type":"WebPage","@id":"https:\/\/quality-roids.net\/index.php\/produkt\/pharmatropin-hgh-10-iu-10-pck\/","url":"https:\/\/quality-roids.net\/index.php\/produkt\/pharmatropin-hgh-10-iu-10-pck\/","name":"PHARMATROPIN HGH 10 IU 10 \/ Pck. &#8211; Somatropin von Pharmacom Labs","isPartOf":{"@id":"https:\/\/quality-roids.net\/#website"},"primaryImageOfPage":{"@id":"https:\/\/quality-roids.net\/index.php\/produkt\/pharmatropin-hgh-10-iu-10-pck\/#primaryimage"},"image":{"@id":"https:\/\/quality-roids.net\/index.php\/produkt\/pharmatropin-hgh-10-iu-10-pck\/#primaryimage"},"thumbnailUrl":"https:\/\/quality-roids.net\/wp-content\/uploads\/2018\/09\/Pharmacom-Pharmatropin_10IU.jpg","datePublished":"2018-09-04T15:08:14+00:00","description":"Somatropin original vom Hersteller Pharmacom Labs. Schneller und sicherer Versand europaweit. Top Qualit\u00e4t zu fairen Preisen! Jetzt in Aktion!","breadcrumb":{"@id":"https:\/\/quality-roids.net\/index.php\/produkt\/pharmatropin-hgh-10-iu-10-pck\/#breadcrumb"},"inLanguage":"de","potentialAction":[{"@type":"ReadAction","target":["https:\/\/quality-roids.net\/index.php\/produkt\/pharmatropin-hgh-10-iu-10-pck\/"]}]},{"@type":"ImageObject","inLanguage":"de","@id":"https:\/\/quality-roids.net\/index.php\/produkt\/pharmatropin-hgh-10-iu-10-pck\/#primaryimage","url":"https:\/\/quality-roids.net\/wp-content\/uploads\/2018\/09\/Pharmacom-Pharmatropin_10IU.jpg","contentUrl":"https:\/\/quality-roids.net\/wp-content\/uploads\/2018\/09\/Pharmacom-Pharmatropin_10IU.jpg","width":800,"height":533,"caption":"HGH"},{"@type":"BreadcrumbList","@id":"https:\/\/quality-roids.net\/index.php\/produkt\/pharmatropin-hgh-10-iu-10-pck\/#breadcrumb","itemListElement":[{"@type":"ListItem","position":1,"name":"Startseite","item":"https:\/\/quality-roids.net\/"},{"@type":"ListItem","position":2,"name":"Shop","item":"https:\/\/quality-roids.net\/index.php\/shop\/"},{"@type":"ListItem","position":3,"name":"PHARMATROPIN HGH 10 IU 10 \/ Pck."}]},{"@type":"WebSite","@id":"https:\/\/quality-roids.net\/#website","url":"https:\/\/quality-roids.net\/","name":"Qualitative Steroide online kaufen","description":"Pharmacom- und Genshi Produkte, Testosteron, Tren, Drosta und mehr","publisher":{"@id":"https:\/\/quality-roids.net\/#organization"},"potentialAction":[{"@type":"SearchAction","target":{"@type":"EntryPoint","urlTemplate":"https:\/\/quality-roids.net\/?s={search_term_string}"},"query-input":{"@type":"PropertyValueSpecification","valueRequired":true,"valueName":"search_term_string"}}],"inLanguage":"de"},{"@type":"Organization","@id":"https:\/\/quality-roids.net\/#organization","name":"quality-roids.com","url":"https:\/\/quality-roids.net\/","logo":{"@type":"ImageObject","inLanguage":"de","@id":"https:\/\/quality-roids.net\/#\/schema\/logo\/image\/","url":"https:\/\/quality-roids.net\/wp-content\/uploads\/2019\/10\/quality-roids-net-pharmacom.png","contentUrl":"https:\/\/quality-roids.net\/wp-content\/uploads\/2019\/10\/quality-roids-net-pharmacom.png","width":1100,"height":230,"caption":"quality-roids.com"},"image":{"@id":"https:\/\/quality-roids.net\/#\/schema\/logo\/image\/"},"sameAs":["https:\/\/pin.it\/ddci6thl3ka5es"]}]}},"_links":{"self":[{"href":"https:\/\/quality-roids.net\/index.php\/wp-json\/wp\/v2\/product\/159","targetHints":{"allow":["GET"]}}],"collection":[{"href":"https:\/\/quality-roids.net\/index.php\/wp-json\/wp\/v2\/product"}],"about":[{"href":"https:\/\/quality-roids.net\/index.php\/wp-json\/wp\/v2\/types\/product"}],"replies":[{"embeddable":true,"href":"https:\/\/quality-roids.net\/index.php\/wp-json\/wp\/v2\/comments?post=159"}],"wp:featuredmedia":[{"embeddable":true,"href":"https:\/\/quality-roids.net\/index.php\/wp-json\/wp\/v2\/media\/160"}],"wp:attachment":[{"href":"https:\/\/quality-roids.net\/index.php\/wp-json\/wp\/v2\/media?parent=159"}],"wp:term":[{"taxonomy":"product_brand","embeddable":true,"href":"https:\/\/quality-roids.net\/index.php\/wp-json\/wp\/v2\/product_brand?post=159"},{"taxonomy":"product_cat","embeddable":true,"href":"https:\/\/quality-roids.net\/index.php\/wp-json\/wp\/v2\/product_cat?post=159"},{"taxonomy":"product_tag","embeddable":true,"href":"https:\/\/quality-roids.net\/index.php\/wp-json\/wp\/v2\/product_tag?post=159"}],"curies":[{"name":"wp","href":"https:\/\/api.w.org\/{rel}","templated":true}]}}