{"id":153,"date":"2018-09-04T13:44:03","date_gmt":"2018-09-04T13:44:03","guid":{"rendered":"https:\/\/quality-roids.com\/?post_type=product&#038;p=153"},"modified":"2018-09-04T15:24:44","modified_gmt":"2018-09-04T15:24:44","slug":"exos-exemestane-25-mg-100-stk-pck","status":"publish","type":"product","link":"https:\/\/quality-roids.net\/index.php\/produkt\/exos-exemestane-25-mg-100-stk-pck\/","title":{"rendered":"Exos Exemestane 25 mg\/100 Stk.\/Pck."},"content":{"rendered":"<h2 class=\"entry-title\" style=\"text-align: left;\">Exos Exemestane 25 mg\/100 Stk.\/Pck.<\/h2>\n<p><span id=\"result_box\" class=\"\" lang=\"de\">Exos (Wirkstoff &#8211; Exemestan) ist ein sehr starker und sehr wirksamer Steroid-Aromatasehemmer. <span class=\"\">Exos ist extrem wirksam bei 25mg t\u00e4glich f\u00fcr die Verringerung der im Serum zirkulierenden \u00d6strogenspiegel um 85%.<\/span><\/span><\/p>\n","protected":false},"excerpt":{"rendered":"<p>Exos Exemestane 25 mg\/100 Stk.\/Pck. Exos (Wirkstoff &#8211; Exemestan) ist ein sehr starker und sehr wirksamer Steroid-Aromatasehemmer. Exos ist extrem wirksam bei 25mg t\u00e4glich f\u00fcr die Verringerung der im Serum zirkulierenden \u00d6strogenspiegel um 85%.<\/p>\n","protected":false},"featured_media":154,"comment_status":"closed","ping_status":"closed","template":"","meta":[],"product_brand":[],"product_cat":[46,23],"product_tag":[49,47,38],"class_list":{"0":"post-153","1":"product","2":"type-product","3":"status-publish","4":"has-post-thumbnail","6":"product_cat-pct","7":"product_cat-pharmacom","8":"product_tag-exemestan","9":"product_tag-pct","10":"product_tag-pharmacom","12":"first","13":"instock","14":"sale","15":"shipping-taxable","16":"purchasable","17":"product-type-simple"},"yoast_head":"<!-- This site is optimized with the Yoast SEO plugin v25.0 - https:\/\/yoast.com\/wordpress\/plugins\/seo\/ -->\n<title>Exos Exemestane 25 mg\/100 Stk.\/Pck. &#8211; Pharmacom Labs<\/title>\n<meta name=\"description\" content=\"Exemestan original vom Hersteller Pharmacom Labs. Schneller und sicherer Versand europaweit. Top Qualit\u00e4t zu fairen Preisen! Jetzt in Aktion!\" \/>\n<meta name=\"robots\" content=\"index, follow, max-snippet:-1, max-image-preview:large, max-video-preview:-1\" \/>\n<link rel=\"canonical\" href=\"https:\/\/quality-roids.net\/index.php\/produkt\/exos-exemestane-25-mg-100-stk-pck\/\" \/>\n<meta property=\"og:locale\" content=\"de_DE\" \/>\n<meta property=\"og:type\" content=\"article\" \/>\n<meta property=\"og:title\" content=\"Exos Exemestane 25 mg\/100 Stk.\/Pck. &#8211; Pharmacom Labs\" \/>\n<meta property=\"og:description\" content=\"Exemestan original vom Hersteller Pharmacom Labs. Schneller und sicherer Versand europaweit. Top Qualit\u00e4t zu fairen Preisen! Jetzt in Aktion!\" \/>\n<meta property=\"og:url\" content=\"https:\/\/quality-roids.net\/index.php\/produkt\/exos-exemestane-25-mg-100-stk-pck\/\" \/>\n<meta property=\"og:site_name\" content=\"Qualitative Steroide online kaufen\" \/>\n<meta property=\"article:modified_time\" content=\"2018-09-04T15:24:44+00:00\" \/>\n<meta property=\"og:image\" content=\"https:\/\/quality-roids.net\/wp-content\/uploads\/2018\/09\/Pharmacom-Exemestan-25mg.png\" \/>\n\t<meta property=\"og:image:width\" content=\"1100\" \/>\n\t<meta property=\"og:image:height\" content=\"748\" \/>\n\t<meta property=\"og:image:type\" content=\"image\/png\" \/>\n<meta name=\"twitter:card\" content=\"summary_large_image\" \/>\n<script type=\"application\/ld+json\" class=\"yoast-schema-graph\">{\"@context\":\"https:\/\/schema.org\",\"@graph\":[{\"@type\":\"WebPage\",\"@id\":\"https:\/\/quality-roids.net\/index.php\/produkt\/exos-exemestane-25-mg-100-stk-pck\/\",\"url\":\"https:\/\/quality-roids.net\/index.php\/produkt\/exos-exemestane-25-mg-100-stk-pck\/\",\"name\":\"Exos Exemestane 25 mg\/100 Stk.\/Pck. &#8211; Pharmacom Labs\",\"isPartOf\":{\"@id\":\"https:\/\/quality-roids.net\/#website\"},\"primaryImageOfPage\":{\"@id\":\"https:\/\/quality-roids.net\/index.php\/produkt\/exos-exemestane-25-mg-100-stk-pck\/#primaryimage\"},\"image\":{\"@id\":\"https:\/\/quality-roids.net\/index.php\/produkt\/exos-exemestane-25-mg-100-stk-pck\/#primaryimage\"},\"thumbnailUrl\":\"https:\/\/quality-roids.net\/wp-content\/uploads\/2018\/09\/Pharmacom-Exemestan-25mg.png\",\"datePublished\":\"2018-09-04T13:44:03+00:00\",\"dateModified\":\"2018-09-04T15:24:44+00:00\",\"description\":\"Exemestan original vom Hersteller Pharmacom Labs. Schneller und sicherer Versand europaweit. Top Qualit\u00e4t zu fairen Preisen! Jetzt in Aktion!\",\"breadcrumb\":{\"@id\":\"https:\/\/quality-roids.net\/index.php\/produkt\/exos-exemestane-25-mg-100-stk-pck\/#breadcrumb\"},\"inLanguage\":\"de\",\"potentialAction\":[{\"@type\":\"ReadAction\",\"target\":[\"https:\/\/quality-roids.net\/index.php\/produkt\/exos-exemestane-25-mg-100-stk-pck\/\"]}]},{\"@type\":\"ImageObject\",\"inLanguage\":\"de\",\"@id\":\"https:\/\/quality-roids.net\/index.php\/produkt\/exos-exemestane-25-mg-100-stk-pck\/#primaryimage\",\"url\":\"https:\/\/quality-roids.net\/wp-content\/uploads\/2018\/09\/Pharmacom-Exemestan-25mg.png\",\"contentUrl\":\"https:\/\/quality-roids.net\/wp-content\/uploads\/2018\/09\/Pharmacom-Exemestan-25mg.png\",\"width\":1100,\"height\":748,\"caption\":\"Exemestan\"},{\"@type\":\"BreadcrumbList\",\"@id\":\"https:\/\/quality-roids.net\/index.php\/produkt\/exos-exemestane-25-mg-100-stk-pck\/#breadcrumb\",\"itemListElement\":[{\"@type\":\"ListItem\",\"position\":1,\"name\":\"Startseite\",\"item\":\"https:\/\/quality-roids.net\/\"},{\"@type\":\"ListItem\",\"position\":2,\"name\":\"Shop\",\"item\":\"https:\/\/quality-roids.net\/index.php\/shop\/\"},{\"@type\":\"ListItem\",\"position\":3,\"name\":\"Exos Exemestane 25 mg\/100 Stk.\/Pck.\"}]},{\"@type\":\"WebSite\",\"@id\":\"https:\/\/quality-roids.net\/#website\",\"url\":\"https:\/\/quality-roids.net\/\",\"name\":\"Qualitative Steroide online kaufen\",\"description\":\"Pharmacom- und Genshi Produkte, Testosteron, Tren, Drosta und mehr\",\"publisher\":{\"@id\":\"https:\/\/quality-roids.net\/#organization\"},\"potentialAction\":[{\"@type\":\"SearchAction\",\"target\":{\"@type\":\"EntryPoint\",\"urlTemplate\":\"https:\/\/quality-roids.net\/?s={search_term_string}\"},\"query-input\":{\"@type\":\"PropertyValueSpecification\",\"valueRequired\":true,\"valueName\":\"search_term_string\"}}],\"inLanguage\":\"de\"},{\"@type\":\"Organization\",\"@id\":\"https:\/\/quality-roids.net\/#organization\",\"name\":\"quality-roids.com\",\"url\":\"https:\/\/quality-roids.net\/\",\"logo\":{\"@type\":\"ImageObject\",\"inLanguage\":\"de\",\"@id\":\"https:\/\/quality-roids.net\/#\/schema\/logo\/image\/\",\"url\":\"https:\/\/quality-roids.net\/wp-content\/uploads\/2019\/10\/quality-roids-net-pharmacom.png\",\"contentUrl\":\"https:\/\/quality-roids.net\/wp-content\/uploads\/2019\/10\/quality-roids-net-pharmacom.png\",\"width\":1100,\"height\":230,\"caption\":\"quality-roids.com\"},\"image\":{\"@id\":\"https:\/\/quality-roids.net\/#\/schema\/logo\/image\/\"},\"sameAs\":[\"https:\/\/pin.it\/ddci6thl3ka5es\"]}]}<\/script>\n<!-- \/ Yoast SEO plugin. -->","yoast_head_json":{"title":"Exos Exemestane 25 mg\/100 Stk.\/Pck. &#8211; Pharmacom Labs","description":"Exemestan original vom Hersteller Pharmacom Labs. Schneller und sicherer Versand europaweit. Top Qualit\u00e4t zu fairen Preisen! Jetzt in Aktion!","robots":{"index":"index","follow":"follow","max-snippet":"max-snippet:-1","max-image-preview":"max-image-preview:large","max-video-preview":"max-video-preview:-1"},"canonical":"https:\/\/quality-roids.net\/index.php\/produkt\/exos-exemestane-25-mg-100-stk-pck\/","og_locale":"de_DE","og_type":"article","og_title":"Exos Exemestane 25 mg\/100 Stk.\/Pck. &#8211; Pharmacom Labs","og_description":"Exemestan original vom Hersteller Pharmacom Labs. Schneller und sicherer Versand europaweit. Top Qualit\u00e4t zu fairen Preisen! Jetzt in Aktion!","og_url":"https:\/\/quality-roids.net\/index.php\/produkt\/exos-exemestane-25-mg-100-stk-pck\/","og_site_name":"Qualitative Steroide online kaufen","article_modified_time":"2018-09-04T15:24:44+00:00","og_image":[{"width":1100,"height":748,"url":"https:\/\/quality-roids.net\/wp-content\/uploads\/2018\/09\/Pharmacom-Exemestan-25mg.png","type":"image\/png"}],"twitter_card":"summary_large_image","schema":{"@context":"https:\/\/schema.org","@graph":[{"@type":"WebPage","@id":"https:\/\/quality-roids.net\/index.php\/produkt\/exos-exemestane-25-mg-100-stk-pck\/","url":"https:\/\/quality-roids.net\/index.php\/produkt\/exos-exemestane-25-mg-100-stk-pck\/","name":"Exos Exemestane 25 mg\/100 Stk.\/Pck. &#8211; Pharmacom Labs","isPartOf":{"@id":"https:\/\/quality-roids.net\/#website"},"primaryImageOfPage":{"@id":"https:\/\/quality-roids.net\/index.php\/produkt\/exos-exemestane-25-mg-100-stk-pck\/#primaryimage"},"image":{"@id":"https:\/\/quality-roids.net\/index.php\/produkt\/exos-exemestane-25-mg-100-stk-pck\/#primaryimage"},"thumbnailUrl":"https:\/\/quality-roids.net\/wp-content\/uploads\/2018\/09\/Pharmacom-Exemestan-25mg.png","datePublished":"2018-09-04T13:44:03+00:00","dateModified":"2018-09-04T15:24:44+00:00","description":"Exemestan original vom Hersteller Pharmacom Labs. Schneller und sicherer Versand europaweit. Top Qualit\u00e4t zu fairen Preisen! Jetzt in Aktion!","breadcrumb":{"@id":"https:\/\/quality-roids.net\/index.php\/produkt\/exos-exemestane-25-mg-100-stk-pck\/#breadcrumb"},"inLanguage":"de","potentialAction":[{"@type":"ReadAction","target":["https:\/\/quality-roids.net\/index.php\/produkt\/exos-exemestane-25-mg-100-stk-pck\/"]}]},{"@type":"ImageObject","inLanguage":"de","@id":"https:\/\/quality-roids.net\/index.php\/produkt\/exos-exemestane-25-mg-100-stk-pck\/#primaryimage","url":"https:\/\/quality-roids.net\/wp-content\/uploads\/2018\/09\/Pharmacom-Exemestan-25mg.png","contentUrl":"https:\/\/quality-roids.net\/wp-content\/uploads\/2018\/09\/Pharmacom-Exemestan-25mg.png","width":1100,"height":748,"caption":"Exemestan"},{"@type":"BreadcrumbList","@id":"https:\/\/quality-roids.net\/index.php\/produkt\/exos-exemestane-25-mg-100-stk-pck\/#breadcrumb","itemListElement":[{"@type":"ListItem","position":1,"name":"Startseite","item":"https:\/\/quality-roids.net\/"},{"@type":"ListItem","position":2,"name":"Shop","item":"https:\/\/quality-roids.net\/index.php\/shop\/"},{"@type":"ListItem","position":3,"name":"Exos Exemestane 25 mg\/100 Stk.\/Pck."}]},{"@type":"WebSite","@id":"https:\/\/quality-roids.net\/#website","url":"https:\/\/quality-roids.net\/","name":"Qualitative Steroide online kaufen","description":"Pharmacom- und Genshi Produkte, Testosteron, Tren, Drosta und mehr","publisher":{"@id":"https:\/\/quality-roids.net\/#organization"},"potentialAction":[{"@type":"SearchAction","target":{"@type":"EntryPoint","urlTemplate":"https:\/\/quality-roids.net\/?s={search_term_string}"},"query-input":{"@type":"PropertyValueSpecification","valueRequired":true,"valueName":"search_term_string"}}],"inLanguage":"de"},{"@type":"Organization","@id":"https:\/\/quality-roids.net\/#organization","name":"quality-roids.com","url":"https:\/\/quality-roids.net\/","logo":{"@type":"ImageObject","inLanguage":"de","@id":"https:\/\/quality-roids.net\/#\/schema\/logo\/image\/","url":"https:\/\/quality-roids.net\/wp-content\/uploads\/2019\/10\/quality-roids-net-pharmacom.png","contentUrl":"https:\/\/quality-roids.net\/wp-content\/uploads\/2019\/10\/quality-roids-net-pharmacom.png","width":1100,"height":230,"caption":"quality-roids.com"},"image":{"@id":"https:\/\/quality-roids.net\/#\/schema\/logo\/image\/"},"sameAs":["https:\/\/pin.it\/ddci6thl3ka5es"]}]}},"_links":{"self":[{"href":"https:\/\/quality-roids.net\/index.php\/wp-json\/wp\/v2\/product\/153","targetHints":{"allow":["GET"]}}],"collection":[{"href":"https:\/\/quality-roids.net\/index.php\/wp-json\/wp\/v2\/product"}],"about":[{"href":"https:\/\/quality-roids.net\/index.php\/wp-json\/wp\/v2\/types\/product"}],"replies":[{"embeddable":true,"href":"https:\/\/quality-roids.net\/index.php\/wp-json\/wp\/v2\/comments?post=153"}],"wp:featuredmedia":[{"embeddable":true,"href":"https:\/\/quality-roids.net\/index.php\/wp-json\/wp\/v2\/media\/154"}],"wp:attachment":[{"href":"https:\/\/quality-roids.net\/index.php\/wp-json\/wp\/v2\/media?parent=153"}],"wp:term":[{"taxonomy":"product_brand","embeddable":true,"href":"https:\/\/quality-roids.net\/index.php\/wp-json\/wp\/v2\/product_brand?post=153"},{"taxonomy":"product_cat","embeddable":true,"href":"https:\/\/quality-roids.net\/index.php\/wp-json\/wp\/v2\/product_cat?post=153"},{"taxonomy":"product_tag","embeddable":true,"href":"https:\/\/quality-roids.net\/index.php\/wp-json\/wp\/v2\/product_tag?post=153"}],"curies":[{"name":"wp","href":"https:\/\/api.w.org\/{rel}","templated":true}]}}