{"id":2,"date":"2018-08-31T12:53:30","date_gmt":"2018-08-31T12:53:30","guid":{"rendered":"http:\/\/quality-roids.com\/?page_id=2"},"modified":"2019-02-01T17:22:33","modified_gmt":"2019-02-01T17:22:33","slug":"bulk-bestellung","status":"publish","type":"page","link":"https:\/\/quality-roids.net\/index.php\/bulk-bestellung\/","title":{"rendered":"Bulk Bestellung"},"content":{"rendered":"<div class=\"wp-block-cover has-background-dim-60 has-background-dim is-layout-flow wp-block-cover-is-layout-flow\" style=\"background-image:url(https:\/\/quality-roids.com\/wp-content\/uploads\/2018\/08\/rich2-1.jpg)\"><p class=\"wp-block-cover-text\"> <br>Sie m\u00f6chten gerne eine gr\u00f6\u00dfere Bulk-Bestellung machen?\u00a0 Eine Vorratsbestellung?\u00a0 Daf\u00fcr m\u00f6chten Sie einen besseren Preis?<br> \u00a0<br> Kein Thema! Wenn Sie mehr bestellen, &#8211; dann bekommen Sie auch einen besseren Preis!<br> Wir machen die Preise f\u00fcr Bulkbestellungen individuell mit Ihnen aus. Je nach dem um welchen Produkt es sich handelt, welche Bestellmenge etc.<br> Z\u00f6gern Sie nicht und schreiben Sie uns Ihren Wunsch! <\/p><\/div>","protected":false},"excerpt":{"rendered":"","protected":false},"author":1,"featured_media":60,"parent":0,"menu_order":0,"comment_status":"closed","ping_status":"closed","template":"template-full-width.php","meta":{"footnotes":""},"class_list":["post-2","page","type-page","status-publish","has-post-thumbnail","hentry"],"yoast_head":"<!-- This site is optimized with the Yoast SEO plugin v25.0 - https:\/\/yoast.com\/wordpress\/plugins\/seo\/ -->\n<title>Bulk Bestellung &#8211; Qualitative Steroide online kaufen Genshi Labs<\/title>\n<meta name=\"description\" content=\"Steroide die garantiert legit sind, bekommen Sie hier bei uns! Top Marken! Genshi Labs und Pharmacom sind unsere Hauptmarken die wir anbieten! Zugreifen!!\" \/>\n<meta name=\"robots\" content=\"index, follow, max-snippet:-1, max-image-preview:large, max-video-preview:-1\" \/>\n<link rel=\"canonical\" href=\"https:\/\/quality-roids.net\/index.php\/bulk-bestellung\/\" \/>\n<meta property=\"og:locale\" content=\"de_DE\" \/>\n<meta property=\"og:type\" content=\"article\" \/>\n<meta property=\"og:title\" content=\"Bulk Bestellung &#8211; Qualitative Steroide online kaufen Genshi Labs\" \/>\n<meta property=\"og:description\" content=\"Steroide die garantiert legit sind, bekommen Sie hier bei uns! Top Marken! Genshi Labs und Pharmacom sind unsere Hauptmarken die wir anbieten! Zugreifen!!\" \/>\n<meta property=\"og:url\" content=\"https:\/\/quality-roids.net\/index.php\/bulk-bestellung\/\" \/>\n<meta property=\"og:site_name\" content=\"Qualitative Steroide online kaufen\" \/>\n<meta property=\"article:modified_time\" content=\"2019-02-01T17:22:33+00:00\" \/>\n<meta property=\"og:image\" content=\"https:\/\/quality-roids.net\/wp-content\/uploads\/2018\/08\/Rich-Piana-1.jpg\" \/>\n\t<meta property=\"og:image:width\" content=\"1600\" \/>\n\t<meta property=\"og:image:height\" content=\"765\" \/>\n\t<meta property=\"og:image:type\" content=\"image\/jpeg\" \/>\n<meta name=\"twitter:card\" content=\"summary_large_image\" \/>\n<script type=\"application\/ld+json\" class=\"yoast-schema-graph\">{\"@context\":\"https:\/\/schema.org\",\"@graph\":[{\"@type\":\"WebPage\",\"@id\":\"https:\/\/quality-roids.net\/index.php\/bulk-bestellung\/\",\"url\":\"https:\/\/quality-roids.net\/index.php\/bulk-bestellung\/\",\"name\":\"Bulk Bestellung &#8211; Qualitative Steroide online kaufen Genshi Labs\",\"isPartOf\":{\"@id\":\"https:\/\/quality-roids.net\/#website\"},\"primaryImageOfPage\":{\"@id\":\"https:\/\/quality-roids.net\/index.php\/bulk-bestellung\/#primaryimage\"},\"image\":{\"@id\":\"https:\/\/quality-roids.net\/index.php\/bulk-bestellung\/#primaryimage\"},\"thumbnailUrl\":\"https:\/\/quality-roids.net\/wp-content\/uploads\/2018\/08\/Rich-Piana-1.jpg\",\"datePublished\":\"2018-08-31T12:53:30+00:00\",\"dateModified\":\"2019-02-01T17:22:33+00:00\",\"description\":\"Steroide die garantiert legit sind, bekommen Sie hier bei uns! Top Marken! Genshi Labs und Pharmacom sind unsere Hauptmarken die wir anbieten! Zugreifen!!\",\"breadcrumb\":{\"@id\":\"https:\/\/quality-roids.net\/index.php\/bulk-bestellung\/#breadcrumb\"},\"inLanguage\":\"de\",\"potentialAction\":[{\"@type\":\"ReadAction\",\"target\":[\"https:\/\/quality-roids.net\/index.php\/bulk-bestellung\/\"]}]},{\"@type\":\"ImageObject\",\"inLanguage\":\"de\",\"@id\":\"https:\/\/quality-roids.net\/index.php\/bulk-bestellung\/#primaryimage\",\"url\":\"https:\/\/quality-roids.net\/wp-content\/uploads\/2018\/08\/Rich-Piana-1.jpg\",\"contentUrl\":\"https:\/\/quality-roids.net\/wp-content\/uploads\/2018\/08\/Rich-Piana-1.jpg\",\"width\":1600,\"height\":765,\"caption\":\"Bulk Order\"},{\"@type\":\"BreadcrumbList\",\"@id\":\"https:\/\/quality-roids.net\/index.php\/bulk-bestellung\/#breadcrumb\",\"itemListElement\":[{\"@type\":\"ListItem\",\"position\":1,\"name\":\"Startseite\",\"item\":\"https:\/\/quality-roids.net\/\"},{\"@type\":\"ListItem\",\"position\":2,\"name\":\"Bulk Bestellung\"}]},{\"@type\":\"WebSite\",\"@id\":\"https:\/\/quality-roids.net\/#website\",\"url\":\"https:\/\/quality-roids.net\/\",\"name\":\"Qualitative Steroide online kaufen\",\"description\":\"Pharmacom- und Genshi Produkte, Testosteron, Tren, Drosta und mehr\",\"publisher\":{\"@id\":\"https:\/\/quality-roids.net\/#organization\"},\"potentialAction\":[{\"@type\":\"SearchAction\",\"target\":{\"@type\":\"EntryPoint\",\"urlTemplate\":\"https:\/\/quality-roids.net\/?s={search_term_string}\"},\"query-input\":{\"@type\":\"PropertyValueSpecification\",\"valueRequired\":true,\"valueName\":\"search_term_string\"}}],\"inLanguage\":\"de\"},{\"@type\":\"Organization\",\"@id\":\"https:\/\/quality-roids.net\/#organization\",\"name\":\"quality-roids.com\",\"url\":\"https:\/\/quality-roids.net\/\",\"logo\":{\"@type\":\"ImageObject\",\"inLanguage\":\"de\",\"@id\":\"https:\/\/quality-roids.net\/#\/schema\/logo\/image\/\",\"url\":\"https:\/\/quality-roids.net\/wp-content\/uploads\/2019\/10\/quality-roids-net-pharmacom.png\",\"contentUrl\":\"https:\/\/quality-roids.net\/wp-content\/uploads\/2019\/10\/quality-roids-net-pharmacom.png\",\"width\":1100,\"height\":230,\"caption\":\"quality-roids.com\"},\"image\":{\"@id\":\"https:\/\/quality-roids.net\/#\/schema\/logo\/image\/\"},\"sameAs\":[\"https:\/\/pin.it\/ddci6thl3ka5es\"]}]}<\/script>\n<!-- \/ Yoast SEO plugin. -->","yoast_head_json":{"title":"Bulk Bestellung &#8211; Qualitative Steroide online kaufen Genshi Labs","description":"Steroide die garantiert legit sind, bekommen Sie hier bei uns! Top Marken! Genshi Labs und Pharmacom sind unsere Hauptmarken die wir anbieten! Zugreifen!!","robots":{"index":"index","follow":"follow","max-snippet":"max-snippet:-1","max-image-preview":"max-image-preview:large","max-video-preview":"max-video-preview:-1"},"canonical":"https:\/\/quality-roids.net\/index.php\/bulk-bestellung\/","og_locale":"de_DE","og_type":"article","og_title":"Bulk Bestellung &#8211; Qualitative Steroide online kaufen Genshi Labs","og_description":"Steroide die garantiert legit sind, bekommen Sie hier bei uns! Top Marken! Genshi Labs und Pharmacom sind unsere Hauptmarken die wir anbieten! Zugreifen!!","og_url":"https:\/\/quality-roids.net\/index.php\/bulk-bestellung\/","og_site_name":"Qualitative Steroide online kaufen","article_modified_time":"2019-02-01T17:22:33+00:00","og_image":[{"width":1600,"height":765,"url":"https:\/\/quality-roids.net\/wp-content\/uploads\/2018\/08\/Rich-Piana-1.jpg","type":"image\/jpeg"}],"twitter_card":"summary_large_image","schema":{"@context":"https:\/\/schema.org","@graph":[{"@type":"WebPage","@id":"https:\/\/quality-roids.net\/index.php\/bulk-bestellung\/","url":"https:\/\/quality-roids.net\/index.php\/bulk-bestellung\/","name":"Bulk Bestellung &#8211; Qualitative Steroide online kaufen Genshi Labs","isPartOf":{"@id":"https:\/\/quality-roids.net\/#website"},"primaryImageOfPage":{"@id":"https:\/\/quality-roids.net\/index.php\/bulk-bestellung\/#primaryimage"},"image":{"@id":"https:\/\/quality-roids.net\/index.php\/bulk-bestellung\/#primaryimage"},"thumbnailUrl":"https:\/\/quality-roids.net\/wp-content\/uploads\/2018\/08\/Rich-Piana-1.jpg","datePublished":"2018-08-31T12:53:30+00:00","dateModified":"2019-02-01T17:22:33+00:00","description":"Steroide die garantiert legit sind, bekommen Sie hier bei uns! Top Marken! Genshi Labs und Pharmacom sind unsere Hauptmarken die wir anbieten! Zugreifen!!","breadcrumb":{"@id":"https:\/\/quality-roids.net\/index.php\/bulk-bestellung\/#breadcrumb"},"inLanguage":"de","potentialAction":[{"@type":"ReadAction","target":["https:\/\/quality-roids.net\/index.php\/bulk-bestellung\/"]}]},{"@type":"ImageObject","inLanguage":"de","@id":"https:\/\/quality-roids.net\/index.php\/bulk-bestellung\/#primaryimage","url":"https:\/\/quality-roids.net\/wp-content\/uploads\/2018\/08\/Rich-Piana-1.jpg","contentUrl":"https:\/\/quality-roids.net\/wp-content\/uploads\/2018\/08\/Rich-Piana-1.jpg","width":1600,"height":765,"caption":"Bulk Order"},{"@type":"BreadcrumbList","@id":"https:\/\/quality-roids.net\/index.php\/bulk-bestellung\/#breadcrumb","itemListElement":[{"@type":"ListItem","position":1,"name":"Startseite","item":"https:\/\/quality-roids.net\/"},{"@type":"ListItem","position":2,"name":"Bulk Bestellung"}]},{"@type":"WebSite","@id":"https:\/\/quality-roids.net\/#website","url":"https:\/\/quality-roids.net\/","name":"Qualitative Steroide online kaufen","description":"Pharmacom- und Genshi Produkte, Testosteron, Tren, Drosta und mehr","publisher":{"@id":"https:\/\/quality-roids.net\/#organization"},"potentialAction":[{"@type":"SearchAction","target":{"@type":"EntryPoint","urlTemplate":"https:\/\/quality-roids.net\/?s={search_term_string}"},"query-input":{"@type":"PropertyValueSpecification","valueRequired":true,"valueName":"search_term_string"}}],"inLanguage":"de"},{"@type":"Organization","@id":"https:\/\/quality-roids.net\/#organization","name":"quality-roids.com","url":"https:\/\/quality-roids.net\/","logo":{"@type":"ImageObject","inLanguage":"de","@id":"https:\/\/quality-roids.net\/#\/schema\/logo\/image\/","url":"https:\/\/quality-roids.net\/wp-content\/uploads\/2019\/10\/quality-roids-net-pharmacom.png","contentUrl":"https:\/\/quality-roids.net\/wp-content\/uploads\/2019\/10\/quality-roids-net-pharmacom.png","width":1100,"height":230,"caption":"quality-roids.com"},"image":{"@id":"https:\/\/quality-roids.net\/#\/schema\/logo\/image\/"},"sameAs":["https:\/\/pin.it\/ddci6thl3ka5es"]}]}},"_links":{"self":[{"href":"https:\/\/quality-roids.net\/index.php\/wp-json\/wp\/v2\/pages\/2","targetHints":{"allow":["GET"]}}],"collection":[{"href":"https:\/\/quality-roids.net\/index.php\/wp-json\/wp\/v2\/pages"}],"about":[{"href":"https:\/\/quality-roids.net\/index.php\/wp-json\/wp\/v2\/types\/page"}],"author":[{"embeddable":true,"href":"https:\/\/quality-roids.net\/index.php\/wp-json\/wp\/v2\/users\/1"}],"replies":[{"embeddable":true,"href":"https:\/\/quality-roids.net\/index.php\/wp-json\/wp\/v2\/comments?post=2"}],"version-history":[{"count":15,"href":"https:\/\/quality-roids.net\/index.php\/wp-json\/wp\/v2\/pages\/2\/revisions"}],"predecessor-version":[{"id":367,"href":"https:\/\/quality-roids.net\/index.php\/wp-json\/wp\/v2\/pages\/2\/revisions\/367"}],"wp:featuredmedia":[{"embeddable":true,"href":"https:\/\/quality-roids.net\/index.php\/wp-json\/wp\/v2\/media\/60"}],"wp:attachment":[{"href":"https:\/\/quality-roids.net\/index.php\/wp-json\/wp\/v2\/media?parent=2"}],"curies":[{"name":"wp","href":"https:\/\/api.w.org\/{rel}","templated":true}]}}